{"id":9158,"date":"2023-06-01T16:01:04","date_gmt":"2023-06-01T13:01:04","guid":{"rendered":"https:\/\/porvoojazzfestival.com\/porvoo-jazz-festival-23\/"},"modified":"2023-06-01T16:01:06","modified_gmt":"2023-06-01T13:01:06","slug":"porvoo-jazz-festival-23","status":"publish","type":"page","link":"https:\/\/porvoojazzfestival.com\/sv\/porvoo-jazz-festival-23\/","title":{"rendered":"Porvoo Jazz Festival 23"},"content":{"rendered":"<p>[et_pb_section fb_built=&#8221;1&#8243; custom_padding_last_edited=&#8221;on|desktop&#8221; admin_label=&#8221;Logo Section&#8221; _builder_version=&#8221;4.19.4&#8243; _module_preset=&#8221;default&#8221; background_color=&#8221;RGBA(255,255,255,0)&#8221; background_image=&#8221;https:\/\/porvoojazzfestival.com\/wp-content\/uploads\/2023\/05\/PJ23_front.jpg&#8221; positioning=&#8221;none&#8221; position_origin_a=&#8221;center_center&#8221; z_index=&#8221;500&#8243; custom_padding=&#8221;||||false|false&#8221; custom_padding_tablet=&#8221;|0px||0px|false|true&#8221; custom_padding_phone=&#8221;|0px||0px|false|true&#8221; hover_enabled=&#8221;0&#8243; da_disable_devices=&#8221;off|off|off&#8221; global_colors_info=&#8221;{}&#8221; sticky_enabled=&#8221;0&#8243; da_is_popup=&#8221;off&#8221; da_exit_intent=&#8221;off&#8221; da_has_close=&#8221;on&#8221; da_alt_close=&#8221;off&#8221; da_dark_close=&#8221;off&#8221; da_not_modal=&#8221;on&#8221; da_is_singular=&#8221;off&#8221; da_with_loader=&#8221;off&#8221; da_has_shadow=&#8221;on&#8221;][et_pb_row _builder_version=&#8221;4.17.4&#8243; _module_preset=&#8221;default&#8221; background_color=&#8221;RGBA(255,255,255,0)&#8221; positioning=&#8221;none&#8221; z_index=&#8221;500&#8243; width=&#8221;100%&#8221; global_colors_info=&#8221;{}&#8221;][et_pb_column type=&#8221;4_4&#8243; admin_label=&#8221;column yellow&#8221; _builder_version=&#8221;4.17.4&#8243; _module_preset=&#8221;default&#8221; background_color=&#8221;RGBA(255,255,255,0)&#8221; positioning=&#8221;none&#8221; position_origin_a=&#8221;center_center&#8221; position_origin_f=&#8221;center_center&#8221; position_origin_r=&#8221;top_right&#8221; vertical_offset=&#8221;141px&#8221; z_index=&#8221;500&#8243; global_colors_info=&#8221;{}&#8221;][et_pb_image src=&#8221;https:\/\/porvoojazzfestival.com\/wp-content\/uploads\/2023\/05\/PJ23_logo.png&#8221; title_text=&#8221;PJ23_logo&#8221; align=&#8221;center&#8221; show_bottom_space_tablet=&#8221;&#8221; show_bottom_space_phone=&#8221;&#8221; show_bottom_space_last_edited=&#8221;on|phone&#8221; _builder_version=&#8221;4.19.4&#8243; _module_preset=&#8221;default&#8221; background_color=&#8221;RGBA(255,255,255,0)&#8221; transform_origin=&#8221;50%|51%&#8221; position_origin_a=&#8221;center_center&#8221; z_index=&#8221;80&#8243; width=&#8221;100%&#8221; max_width=&#8221;700px&#8221; max_width_tablet=&#8221;500px&#8221; max_width_phone=&#8221;500px&#8221; max_width_last_edited=&#8221;on|tablet&#8221; module_alignment=&#8221;center&#8221; custom_margin=&#8221;0px||50px||false|false&#8221; custom_padding_tablet=&#8221;44px||42px||false|false&#8221; custom_padding_phone=&#8221;|30px||30px|false|true&#8221; custom_padding_last_edited=&#8221;on|phone&#8221; global_colors_info=&#8221;{}&#8221;][\/et_pb_image][et_pb_text admin_label=&#8221;Date&#8221; _builder_version=&#8221;4.19.4&#8243; _module_preset=&#8221;default&#8221; header_font=&#8221;Optional Med||||||||&#8221; header_text_align=&#8221;center&#8221; header_text_color=&#8221;#13334C&#8221; header_font_size=&#8221;56px&#8221; positioning=&#8221;relative&#8221; vertical_offset=&#8221;80px&#8221; z_index=&#8221;195&#8243; width=&#8221;100%&#8221; module_alignment=&#8221;center&#8221; custom_margin=&#8221;-100px||50px||false|false&#8221; custom_margin_tablet=&#8221;-100px||60px||false|false&#8221; custom_margin_phone=&#8221;-150px||||false|false&#8221; custom_margin_last_edited=&#8221;on|phone&#8221; header_font_size_tablet=&#8221;60px&#8221; header_font_size_phone=&#8221;32px&#8221; header_font_size_last_edited=&#8221;on|desktop&#8221; global_colors_info=&#8221;{}&#8221;]<\/p>\n<h1>29.9.-1.10. 2023<\/h1>\n<p>[\/et_pb_text][\/et_pb_column][\/et_pb_row][et_pb_row module_class=&#8221;inline-button&#8221; _builder_version=&#8221;4.19.4&#8243; _module_preset=&#8221;default&#8221; custom_css_main_element=&#8221;text-align: center;&#8221; global_colors_info=&#8221;{}&#8221;][et_pb_column type=&#8221;4_4&#8243; _builder_version=&#8221;4.19.4&#8243; _module_preset=&#8221;default&#8221; background_color=&#8221;#F6F2EC&#8221; custom_padding=&#8221;20px|20px|20px|20px|true|true&#8221; global_colors_info=&#8221;{}&#8221;][et_pb_text admin_label=&#8221;Artist Names&#8221; _builder_version=&#8221;4.19.4&#8243; _module_preset=&#8221;default&#8221; text_font=&#8221;|||on|||||&#8221; text_text_color=&#8221;#000000&#8243; text_font_size=&#8221;30px&#8221; text_line_height=&#8221;1.6em&#8221; header_font=&#8221;Optional Med||||||||&#8221; header_text_align=&#8221;center&#8221; header_text_color=&#8221;#000000&#8243; header_font_size=&#8221;59px&#8221; background_color=&#8221;RGBA(255,255,255,0)&#8221; position_origin_a=&#8221;center_center&#8221; vertical_offset=&#8221;38px&#8221; z_index=&#8221;56&#8243; vertical_offset_tablet=&#8221;220px&#8221; vertical_offset_phone=&#8221;344px&#8221; vertical_offset_last_edited=&#8221;on|phone&#8221; text_orientation=&#8221;center&#8221; custom_margin=&#8221;0px||40px||false|false&#8221; custom_padding=&#8221;|0px||0px|false|true&#8221; custom_padding_tablet=&#8221;|0px||0px|false|true&#8221; custom_padding_phone=&#8221;|0px||0px|false|true&#8221; custom_padding_last_edited=&#8221;on|phone&#8221; text_font_size_tablet=&#8221;24px&#8221; text_font_size_phone=&#8221;20px&#8221; text_font_size_last_edited=&#8221;on|phone&#8221; locked=&#8221;off&#8221; global_colors_info=&#8221;{}&#8221;]<\/p>\n<p>Jukkis Uotila Plays Finnish Jazz Classics \u2022 Jimi Tenor Band \u2022 Selma Savolainen Horror Vacui \u2022 Jazzrundan vol. 2 \u2022 Joris Roelofs Solo \u2022 Kari Ikonen &amp; Karikko 50\/25 \u2022 maja mannila trio \u2022 Schlosser \/ Almqvist \/ Welin \/ Lukkarinen &#8211; Free Swing \u2022 Mikko Iivanainen solo \u2022 Megasakki \u2022 Valtteri Laurell Nonet \u2022 Unga f\u00f6rm\u00e5gor \u2022 Jazzrejv: Love Supreme<\/p>\n<p>[\/et_pb_text][et_pb_button button_url=&#8221;#popup-1&#8243; button_text=&#8221;L\u00e4s mer&#8221; button_alignment=&#8221;right&#8221; button_alignment_tablet=&#8221;right&#8221; button_alignment_phone=&#8221;center&#8221; button_alignment_last_edited=&#8221;on|desktop&#8221; disabled_on=&#8221;off|off|off&#8221; _builder_version=&#8221;4.19.4&#8243; _module_preset=&#8221;default&#8221; custom_button=&#8221;on&#8221; button_text_size=&#8221;14px&#8221; button_bg_color=&#8221;#4590C9&#8243; button_bg_color_gradient_direction=&#8221;90deg&#8221; button_bg_color_gradient_stops=&#8221;#ffb397 0%|#f46aa0 100%&#8221; button_bg_color_gradient_start=&#8221;#ffb397&#8243; button_bg_color_gradient_end=&#8221;#f46aa0&#8243; button_border_width=&#8221;0px&#8221; button_border_radius=&#8221;0px&#8221; button_letter_spacing=&#8221;5px&#8221; button_font=&#8221;Optional Heavy|700||on|||||&#8221; custom_margin=&#8221;|20px||20px|false|true&#8221; custom_padding=&#8221;20px|30px|20px|30px|true|true&#8221; locked=&#8221;off&#8221; global_colors_info=&#8221;{}&#8221; button_text_color__hover_enabled=&#8221;on|hover&#8221; button_bg_color__hover_enabled=&#8221;on|hover&#8221; button_bg_color__hover=&#8221;#74a4c9&#8243; button_bg_enable_color__hover=&#8221;on&#8221; button_text_color__hover=&#8221;#ffffff&#8221;][\/et_pb_button][et_pb_button button_url=&#8221;https:\/\/porvoojazzfestival.com\/sv\/program-2023\/&#8221; button_text=&#8221;Program&#8221; button_alignment=&#8221;left&#8221; button_alignment_tablet=&#8221;left&#8221; button_alignment_phone=&#8221;center&#8221; button_alignment_last_edited=&#8221;on|desktop&#8221; disabled_on=&#8221;off|off|off&#8221; _builder_version=&#8221;4.19.4&#8243; _module_preset=&#8221;default&#8221; custom_button=&#8221;on&#8221; button_text_size=&#8221;14px&#8221; button_bg_color=&#8221;#86509A&#8221; button_bg_color_gradient_direction=&#8221;90deg&#8221; button_bg_color_gradient_stops=&#8221;#ffb397 0%|#f46aa0 100%&#8221; button_bg_color_gradient_start=&#8221;#ffb397&#8243; button_bg_color_gradient_end=&#8221;#f46aa0&#8243; button_border_width=&#8221;0px&#8221; button_border_radius=&#8221;0px&#8221; button_letter_spacing=&#8221;5px&#8221; button_font=&#8221;Optional Heavy|700||on|||||&#8221; button_use_icon=&#8221;off&#8221; custom_margin=&#8221;|20px||20px|false|true&#8221; custom_padding=&#8221;20px|30px|20px|30px|true|true&#8221; locked=&#8221;off&#8221; global_colors_info=&#8221;{}&#8221; button_text_color__hover_enabled=&#8221;on|desktop&#8221; button_bg_color__hover=&#8221;#886499&#8243; button_bg_color__hover_enabled=&#8221;on|hover&#8221; button_text_color__hover=&#8221;#ffffff&#8221;][\/et_pb_button][\/et_pb_column][\/et_pb_row][\/et_pb_section][et_pb_section fb_built=&#8221;1&#8243; admin_label=&#8221;Popup &#8211; #popup-1&#8243; module_id=&#8221;popup-1&#8243; module_class=&#8221;popup close-alt&#8221; _builder_version=&#8221;4.19.4&#8243; _module_preset=&#8221;default&#8221; da_is_popup=&#8221;on&#8221; da_popup_slug=&#8221;popup-1&#8243; da_alt_close=&#8221;on&#8221; da_disable_devices=&#8221;off|off|off&#8221; global_colors_info=&#8221;{}&#8221; da_exit_intent=&#8221;off&#8221; da_has_close=&#8221;on&#8221; da_dark_close=&#8221;off&#8221; da_not_modal=&#8221;on&#8221; da_is_singular=&#8221;off&#8221; da_with_loader=&#8221;off&#8221; da_has_shadow=&#8221;on&#8221;][et_pb_row module_class=&#8221;inline-button&#8221; _builder_version=&#8221;4.19.4&#8243; _module_preset=&#8221;default&#8221; custom_css_main_element=&#8221;text-align: center;&#8221; locked=&#8221;off&#8221; global_colors_info=&#8221;{}&#8221;][et_pb_column type=&#8221;4_4&#8243; _builder_version=&#8221;4.19.4&#8243; _module_preset=&#8221;default&#8221; background_color=&#8221;#F6F2EC&#8221; custom_padding=&#8221;40px|40px|40px|40px|true|true&#8221; global_colors_info=&#8221;{}&#8221;][et_pb_text admin_label=&#8221;Intro Text&#8221; _builder_version=&#8221;4.19.4&#8243; _module_preset=&#8221;default&#8221; text_text_color=&#8221;#000000&#8243; text_font_size=&#8221;18px&#8221; text_line_height=&#8221;1.6em&#8221; text_orientation=&#8221;center&#8221; custom_margin=&#8221;||||false|false&#8221; text_font_size_tablet=&#8221;18px&#8221; text_font_size_phone=&#8221;16px&#8221; text_font_size_last_edited=&#8221;on|desktop&#8221; locked=&#8221;off&#8221; global_colors_info=&#8221;{}&#8221;]<\/p>\n<p><v3>PORVOO JAZZ FESTIVAL VOL. 11<br \/><\/v3><\/p>\n<p><v3><v3> Porvoo Jazz Festival arrangeras i Borg\u00e5 centrum 29.9 \u2013 1.10 Som evenemangens k\u00e4rna fungerar Porvoo Jazz Festival rf:s egna hemmabas, den st\u00e4mningsfulla kulturlokalen Vanha 123, d\u00e4r lyssnaren f\u00e5r ta del av tv\u00e5 olika upplevelser med samma biljett. Vanha 123 bjuder p\u00e5 ett intressant och aktuellt program: Selma Savolainen Horror Vacui, Jukkis Uotila Plays Finnish Jazz Classics, det nordiska samarbetsprojektet Schlosser \/ Almqvist \/ Welin \/ Lukkarinen -Free Swing samt Kari Ikonen &amp; Karikko 50\/25 -jubileumskonserten. Festivalens \u00f6ppningskonsert <i><span style=\"font-weight: 400;\">UNGA F\u00d6RM\u00c5GOR<\/span><\/i> som produceras i samarbete med Borg\u00e5nejdens musikinstitut ges i sin tur i pop-up lokalen 123 Kellari, som liksom namnet antyder finns i Vanha 123:s k\u00e4llarv\u00e5ning. 0    <span style=\"font-weight: 400;\">Det grovmysiga utrymmet fungerar som scen \u00e4ven f\u00f6r efterfestspelningarna, fredagens Jimi Tenor Band och fredagens Maja Mannila Trio. P\u00e5 l\u00f6rdagsnatten g\u00f6rs det historia i Kellari, d\u00e5 festivalen vill prova p\u00e5 n\u00e5got alldeles nytt, det antagligen f\u00f6rsta jazzrejvet genom tiderna! P\u00e5 rejvet som \u00e4r uppbyggt kring John Coltrane och s\u00e4rskilt albumet A Love Supreme lockas publiken till kollektiv, n\u00e4stintill   <\/span><span style=\"font-weight: 400;\">hypnotisk musiklyssning. <\/span><\/v3><\/v3><\/p>\n<p><span style=\"font-weight: 400;\">Festival avslutas pr\u00e4ktigt med niomanna Valtteri Laurell Nonets konsert i Fabrikssalen i Konstfabriken i Borg\u00e5, som produceras i samarbete med Kulturtj\u00e4nster i Borg\u00e5. Festivalens solokonserter med gitarristen Mikko Iivanainen och basklarinettisten Joris Roelofs avnjuts bland Felipe de \u00c1vila Francos konstverk i Borg\u00e5 Konsthall. Den i fjol hyllade Jazzrundan f\u00e5r en \u00f6nskad forts\u00e4ttning och tar till fots med \u00f6verraskningsprogramnummer i centrala Borg\u00e5. Promenadrundans rutt h\u00e5lls hemlig f\u00f6r deltagarna \u00e4nda till slutet.    <\/span><\/p>\n<p><span style=\"font-weight: 400;\"><br \/><\/span>Porvoo Jazz Festival \u00e4r en festival som arrangeras med stort hj\u00e4rta och satsar p\u00e5 kvalitet och intim festivalst\u00e4mning med ett bohemt grepp. Vi tar inte jazzen alltf\u00f6r allvarligt, vi vill att v\u00e5r publik och v\u00e5ra artister framf\u00f6rallt f\u00e5r en trevlig och st\u00e4mningsfylld upplevelse. \u00c4ven v\u00e4xelverkan \u00e4r viktigt p\u00e5 v\u00e5ra evenemang, och vi vill ta den mest aktuella och omsorgsfullt utvalda jazzen inom ber\u00f6ringsavst\u00e5nd.  <\/p>\n<p>Porvoo Jazz-festivalen har arrangerats p\u00e5 h\u00f6sten sedan 2013. Som hj\u00e4rta i festivalen som ordnas i k\u00e4rnan av Borg\u00e5 och i Porvoo Jazz Club-kv\u00e4llarna som ordnas \u00e5ret om sl\u00e5r den av f\u00f6reningen ist\u00e5ndsatta kulturlokalen Vanha 123. Den tidigare biografen med tre trivsamma salonger och tv\u00e5 barer \u00e4r som gjord f\u00f6r att inhysa konserter d\u00e4r publiken sm\u00e4lter samman med programmet.  <br \/>Festivalen arrangeras av Porvoo Jazz Festival rf. och programmet f\u00f6r 2023-\u00e5rs festival har kuraterats av avg\u00e5ende konstn\u00e4rliga ledaren Jaska Lukkarinen och nya konstn\u00e4rliga ledaren (fr\u00e5n h\u00f6sten 2023) Max Zenger.<\/p>\n<p>SIZE DOESN\u2019T MATTER, JAZZ DOES!<\/p>\n<p>[\/et_pb_text][\/et_pb_column][\/et_pb_row][\/et_pb_section][et_pb_section fb_built=&#8221;1&#8243; disabled_on=&#8221;off|off|off&#8221; admin_label=&#8221;banner roll&#8221; _builder_version=&#8221;4.19.4&#8243; _module_preset=&#8221;default&#8221; background_color=&#8221;#86509A&#8221; da_disable_devices=&#8221;off|off|off&#8221; global_colors_info=&#8221;{}&#8221; da_is_popup=&#8221;off&#8221; da_exit_intent=&#8221;off&#8221; da_has_close=&#8221;on&#8221; da_alt_close=&#8221;off&#8221; da_dark_close=&#8221;off&#8221; da_not_modal=&#8221;on&#8221; da_is_singular=&#8221;off&#8221; da_with_loader=&#8221;off&#8221; da_has_shadow=&#8221;on&#8221;][et_pb_row _builder_version=&#8221;4.16&#8243; _module_preset=&#8221;default&#8221; global_colors_info=&#8221;{}&#8221;][et_pb_column type=&#8221;4_4&#8243; _builder_version=&#8221;4.16&#8243; _module_preset=&#8221;default&#8221; global_colors_info=&#8221;{}&#8221;][et_pb_text admin_label=&#8221;Text&#8221; _builder_version=&#8221;4.19.4&#8243; _module_preset=&#8221;default&#8221; header_2_text_color=&#8221;#FFFFFF&#8221; text_orientation=&#8221;center&#8221; link_option_url=&#8221;https:\/\/comdecor.fi\/&#8221; link_option_url_new_window=&#8221;on&#8221; global_colors_info=&#8221;{}&#8221;]<\/p>\n<h2>11. Porvoo Jazz Festival 29.9-1.10. 2023<\/h2>\n<p>[\/et_pb_text][\/et_pb_column][\/et_pb_row][\/et_pb_section]<\/p>\n","protected":false},"excerpt":{"rendered":"<p>29.9.-1.10. 2023Jukkis Uotila Plays Finnish Jazz Classics \u2022 Jimi Tenor Band \u2022 Selma Savolainen Horror Vacui \u2022 Jazzrundan vol. 2 \u2022 Joris Roelofs Solo \u2022 Kari Ikonen &amp; Karikko 50\/25 \u2022 maja mannila trio \u2022 Schlosser \/ Almqvist \/ Welin \/ Lukkarinen &#8211; Free Swing \u2022 Mikko Iivanainen solo \u2022 Megasakki \u2022 Valtteri Laurell Nonet [&hellip;]<\/p>\n","protected":false},"author":7,"featured_media":6716,"parent":0,"menu_order":0,"comment_status":"closed","ping_status":"closed","template":"","meta":{"_acf_changed":false,"_et_pb_use_builder":"on","_et_pb_old_content":"","_et_gb_content_width":"","footnotes":""},"class_list":["post-9158","page","type-page","status-publish","has-post-thumbnail","hentry"],"acf":[],"yoast_head":"<!-- This site is optimized with the Yoast SEO plugin v27.3 - https:\/\/yoast.com\/product\/yoast-seo-wordpress\/ -->\n<title>Porvoo Jazz Festival 23 - Porvoo Jazz Festival<\/title>\n<meta name=\"description\" content=\"V\u00e5r festival har ocks\u00e5 en rad konserter under hela \u00e5ret som en del av v\u00e5r Borg\u00e5 Jazz Club. Livestreaming varje m\u00e5nad.\" \/>\n<meta name=\"robots\" content=\"index, follow, max-snippet:-1, max-image-preview:large, max-video-preview:-1\" \/>\n<link rel=\"canonical\" href=\"https:\/\/porvoojazzfestival.com\/sv\/porvoo-jazz-festival-23\/\" \/>\n<meta property=\"og:locale\" content=\"sv_SE\" \/>\n<meta property=\"og:type\" content=\"article\" \/>\n<meta property=\"og:title\" content=\"Porvoo Jazz Festival 23 - Porvoo Jazz Festival\" \/>\n<meta property=\"og:description\" content=\"V\u00e5r festival har ocks\u00e5 en rad konserter under hela \u00e5ret som en del av v\u00e5r Borg\u00e5 Jazz Club. Livestreaming varje m\u00e5nad.\" \/>\n<meta property=\"og:url\" content=\"https:\/\/porvoojazzfestival.com\/sv\/porvoo-jazz-festival-23\/\" \/>\n<meta property=\"og:site_name\" content=\"Porvoo Jazz Festival\" \/>\n<meta property=\"article:publisher\" content=\"https:\/\/www.facebook.com\/PorvooJazzFestival\/\" \/>\n<meta property=\"article:modified_time\" content=\"2023-06-01T13:01:06+00:00\" \/>\n<meta property=\"og:image\" content=\"https:\/\/porvoojazzfestival.com\/wp-content\/uploads\/2022\/04\/PJF-Logo-620-blk.png\" \/>\n<meta name=\"twitter:card\" content=\"summary_large_image\" \/>\n<meta name=\"twitter:site\" content=\"@porvoojazzfest\" \/>\n<meta name=\"twitter:label1\" content=\"Ber\u00e4knad l\u00e4stid\" \/>\n\t<meta name=\"twitter:data1\" content=\"8 minuter\" \/>\n<script type=\"application\/ld+json\" class=\"yoast-schema-graph\">{\"@context\":\"https:\\\/\\\/schema.org\",\"@graph\":[{\"@type\":\"WebPage\",\"@id\":\"https:\\\/\\\/porvoojazzfestival.com\\\/sv\\\/porvoo-jazz-festival-23\\\/\",\"url\":\"https:\\\/\\\/porvoojazzfestival.com\\\/sv\\\/porvoo-jazz-festival-23\\\/\",\"name\":\"Porvoo Jazz Festival 23 - Porvoo Jazz Festival\",\"isPartOf\":{\"@id\":\"https:\\\/\\\/porvoojazzfestival.com\\\/sv\\\/#website\"},\"primaryImageOfPage\":{\"@id\":\"https:\\\/\\\/porvoojazzfestival.com\\\/sv\\\/porvoo-jazz-festival-23\\\/#primaryimage\"},\"image\":{\"@id\":\"https:\\\/\\\/porvoojazzfestival.com\\\/sv\\\/porvoo-jazz-festival-23\\\/#primaryimage\"},\"thumbnailUrl\":\"https:\\\/\\\/porvoojazzfestival.com\\\/wp-content\\\/uploads\\\/2022\\\/04\\\/PJF-Logo-620-blk.png\",\"datePublished\":\"2023-06-01T13:01:04+00:00\",\"dateModified\":\"2023-06-01T13:01:06+00:00\",\"description\":\"V\u00e5r festival har ocks\u00e5 en rad konserter under hela \u00e5ret som en del av v\u00e5r Borg\u00e5 Jazz Club. Livestreaming varje m\u00e5nad.\",\"breadcrumb\":{\"@id\":\"https:\\\/\\\/porvoojazzfestival.com\\\/sv\\\/porvoo-jazz-festival-23\\\/#breadcrumb\"},\"inLanguage\":\"sv-SE\",\"potentialAction\":[{\"@type\":\"ReadAction\",\"target\":[\"https:\\\/\\\/porvoojazzfestival.com\\\/sv\\\/porvoo-jazz-festival-23\\\/\"]}]},{\"@type\":\"ImageObject\",\"inLanguage\":\"sv-SE\",\"@id\":\"https:\\\/\\\/porvoojazzfestival.com\\\/sv\\\/porvoo-jazz-festival-23\\\/#primaryimage\",\"url\":\"https:\\\/\\\/porvoojazzfestival.com\\\/wp-content\\\/uploads\\\/2022\\\/04\\\/PJF-Logo-620-blk.png\",\"contentUrl\":\"https:\\\/\\\/porvoojazzfestival.com\\\/wp-content\\\/uploads\\\/2022\\\/04\\\/PJF-Logo-620-blk.png\",\"width\":620,\"height\":320},{\"@type\":\"BreadcrumbList\",\"@id\":\"https:\\\/\\\/porvoojazzfestival.com\\\/sv\\\/porvoo-jazz-festival-23\\\/#breadcrumb\",\"itemListElement\":[{\"@type\":\"ListItem\",\"position\":1,\"name\":\"Home\",\"item\":\"https:\\\/\\\/porvoojazzfestival.com\\\/sv\\\/\"},{\"@type\":\"ListItem\",\"position\":2,\"name\":\"Porvoo Jazz Festival 23\"}]},{\"@type\":\"WebSite\",\"@id\":\"https:\\\/\\\/porvoojazzfestival.com\\\/sv\\\/#website\",\"url\":\"https:\\\/\\\/porvoojazzfestival.com\\\/sv\\\/\",\"name\":\"Porvoo Jazz Festival\",\"description\":\"The Cosy Jazz Fest\",\"publisher\":{\"@id\":\"https:\\\/\\\/porvoojazzfestival.com\\\/sv\\\/#organization\"},\"potentialAction\":[{\"@type\":\"SearchAction\",\"target\":{\"@type\":\"EntryPoint\",\"urlTemplate\":\"https:\\\/\\\/porvoojazzfestival.com\\\/sv\\\/?s={search_term_string}\"},\"query-input\":{\"@type\":\"PropertyValueSpecification\",\"valueRequired\":true,\"valueName\":\"search_term_string\"}}],\"inLanguage\":\"sv-SE\"},{\"@type\":\"Organization\",\"@id\":\"https:\\\/\\\/porvoojazzfestival.com\\\/sv\\\/#organization\",\"name\":\"Porvoo Jazz Festival\",\"url\":\"https:\\\/\\\/porvoojazzfestival.com\\\/sv\\\/\",\"logo\":{\"@type\":\"ImageObject\",\"inLanguage\":\"sv-SE\",\"@id\":\"https:\\\/\\\/porvoojazzfestival.com\\\/sv\\\/#\\\/schema\\\/logo\\\/image\\\/\",\"url\":\"https:\\\/\\\/porvoojazzfestival.com\\\/wp-content\\\/uploads\\\/2025\\\/01\\\/cropped-Porvoo-Jazz-Festival-Favicon.png\",\"contentUrl\":\"https:\\\/\\\/porvoojazzfestival.com\\\/wp-content\\\/uploads\\\/2025\\\/01\\\/cropped-Porvoo-Jazz-Festival-Favicon.png\",\"width\":512,\"height\":512,\"caption\":\"Porvoo Jazz Festival\"},\"image\":{\"@id\":\"https:\\\/\\\/porvoojazzfestival.com\\\/sv\\\/#\\\/schema\\\/logo\\\/image\\\/\"},\"sameAs\":[\"https:\\\/\\\/www.facebook.com\\\/PorvooJazzFestival\\\/\",\"https:\\\/\\\/x.com\\\/porvoojazzfest\"]}]}<\/script>\n<!-- \/ Yoast SEO plugin. -->","yoast_head_json":{"title":"Porvoo Jazz Festival 23 - Porvoo Jazz Festival","description":"V\u00e5r festival har ocks\u00e5 en rad konserter under hela \u00e5ret som en del av v\u00e5r Borg\u00e5 Jazz Club. Livestreaming varje m\u00e5nad.","robots":{"index":"index","follow":"follow","max-snippet":"max-snippet:-1","max-image-preview":"max-image-preview:large","max-video-preview":"max-video-preview:-1"},"canonical":"https:\/\/porvoojazzfestival.com\/sv\/porvoo-jazz-festival-23\/","og_locale":"sv_SE","og_type":"article","og_title":"Porvoo Jazz Festival 23 - Porvoo Jazz Festival","og_description":"V\u00e5r festival har ocks\u00e5 en rad konserter under hela \u00e5ret som en del av v\u00e5r Borg\u00e5 Jazz Club. Livestreaming varje m\u00e5nad.","og_url":"https:\/\/porvoojazzfestival.com\/sv\/porvoo-jazz-festival-23\/","og_site_name":"Porvoo Jazz Festival","article_publisher":"https:\/\/www.facebook.com\/PorvooJazzFestival\/","article_modified_time":"2023-06-01T13:01:06+00:00","og_image":[{"url":"https:\/\/porvoojazzfestival.com\/wp-content\/uploads\/2022\/04\/PJF-Logo-620-blk.png","type":"","width":"","height":""}],"twitter_card":"summary_large_image","twitter_site":"@porvoojazzfest","twitter_misc":{"Ber\u00e4knad l\u00e4stid":"8 minuter"},"schema":{"@context":"https:\/\/schema.org","@graph":[{"@type":"WebPage","@id":"https:\/\/porvoojazzfestival.com\/sv\/porvoo-jazz-festival-23\/","url":"https:\/\/porvoojazzfestival.com\/sv\/porvoo-jazz-festival-23\/","name":"Porvoo Jazz Festival 23 - Porvoo Jazz Festival","isPartOf":{"@id":"https:\/\/porvoojazzfestival.com\/sv\/#website"},"primaryImageOfPage":{"@id":"https:\/\/porvoojazzfestival.com\/sv\/porvoo-jazz-festival-23\/#primaryimage"},"image":{"@id":"https:\/\/porvoojazzfestival.com\/sv\/porvoo-jazz-festival-23\/#primaryimage"},"thumbnailUrl":"https:\/\/porvoojazzfestival.com\/wp-content\/uploads\/2022\/04\/PJF-Logo-620-blk.png","datePublished":"2023-06-01T13:01:04+00:00","dateModified":"2023-06-01T13:01:06+00:00","description":"V\u00e5r festival har ocks\u00e5 en rad konserter under hela \u00e5ret som en del av v\u00e5r Borg\u00e5 Jazz Club. Livestreaming varje m\u00e5nad.","breadcrumb":{"@id":"https:\/\/porvoojazzfestival.com\/sv\/porvoo-jazz-festival-23\/#breadcrumb"},"inLanguage":"sv-SE","potentialAction":[{"@type":"ReadAction","target":["https:\/\/porvoojazzfestival.com\/sv\/porvoo-jazz-festival-23\/"]}]},{"@type":"ImageObject","inLanguage":"sv-SE","@id":"https:\/\/porvoojazzfestival.com\/sv\/porvoo-jazz-festival-23\/#primaryimage","url":"https:\/\/porvoojazzfestival.com\/wp-content\/uploads\/2022\/04\/PJF-Logo-620-blk.png","contentUrl":"https:\/\/porvoojazzfestival.com\/wp-content\/uploads\/2022\/04\/PJF-Logo-620-blk.png","width":620,"height":320},{"@type":"BreadcrumbList","@id":"https:\/\/porvoojazzfestival.com\/sv\/porvoo-jazz-festival-23\/#breadcrumb","itemListElement":[{"@type":"ListItem","position":1,"name":"Home","item":"https:\/\/porvoojazzfestival.com\/sv\/"},{"@type":"ListItem","position":2,"name":"Porvoo Jazz Festival 23"}]},{"@type":"WebSite","@id":"https:\/\/porvoojazzfestival.com\/sv\/#website","url":"https:\/\/porvoojazzfestival.com\/sv\/","name":"Porvoo Jazz Festival","description":"The Cosy Jazz Fest","publisher":{"@id":"https:\/\/porvoojazzfestival.com\/sv\/#organization"},"potentialAction":[{"@type":"SearchAction","target":{"@type":"EntryPoint","urlTemplate":"https:\/\/porvoojazzfestival.com\/sv\/?s={search_term_string}"},"query-input":{"@type":"PropertyValueSpecification","valueRequired":true,"valueName":"search_term_string"}}],"inLanguage":"sv-SE"},{"@type":"Organization","@id":"https:\/\/porvoojazzfestival.com\/sv\/#organization","name":"Porvoo Jazz Festival","url":"https:\/\/porvoojazzfestival.com\/sv\/","logo":{"@type":"ImageObject","inLanguage":"sv-SE","@id":"https:\/\/porvoojazzfestival.com\/sv\/#\/schema\/logo\/image\/","url":"https:\/\/porvoojazzfestival.com\/wp-content\/uploads\/2025\/01\/cropped-Porvoo-Jazz-Festival-Favicon.png","contentUrl":"https:\/\/porvoojazzfestival.com\/wp-content\/uploads\/2025\/01\/cropped-Porvoo-Jazz-Festival-Favicon.png","width":512,"height":512,"caption":"Porvoo Jazz Festival"},"image":{"@id":"https:\/\/porvoojazzfestival.com\/sv\/#\/schema\/logo\/image\/"},"sameAs":["https:\/\/www.facebook.com\/PorvooJazzFestival\/","https:\/\/x.com\/porvoojazzfest"]}]}},"_links":{"self":[{"href":"https:\/\/porvoojazzfestival.com\/sv\/wp-json\/wp\/v2\/pages\/9158","targetHints":{"allow":["GET"]}}],"collection":[{"href":"https:\/\/porvoojazzfestival.com\/sv\/wp-json\/wp\/v2\/pages"}],"about":[{"href":"https:\/\/porvoojazzfestival.com\/sv\/wp-json\/wp\/v2\/types\/page"}],"author":[{"embeddable":true,"href":"https:\/\/porvoojazzfestival.com\/sv\/wp-json\/wp\/v2\/users\/7"}],"replies":[{"embeddable":true,"href":"https:\/\/porvoojazzfestival.com\/sv\/wp-json\/wp\/v2\/comments?post=9158"}],"version-history":[{"count":0,"href":"https:\/\/porvoojazzfestival.com\/sv\/wp-json\/wp\/v2\/pages\/9158\/revisions"}],"wp:featuredmedia":[{"embeddable":true,"href":"https:\/\/porvoojazzfestival.com\/sv\/wp-json\/wp\/v2\/media\/6716"}],"wp:attachment":[{"href":"https:\/\/porvoojazzfestival.com\/sv\/wp-json\/wp\/v2\/media?parent=9158"}],"curies":[{"name":"wp","href":"https:\/\/api.w.org\/{rel}","templated":true}]}}