{"id":7913,"date":"2022-09-02T13:09:23","date_gmt":"2022-09-02T10:09:23","guid":{"rendered":"https:\/\/porvoojazzfestival.com\/jazz-tag-busser\/"},"modified":"2022-09-07T10:57:19","modified_gmt":"2022-09-07T07:57:19","slug":"jazz-tag-busser","status":"publish","type":"page","link":"https:\/\/porvoojazzfestival.com\/sv\/jazz-tag-busser\/","title":{"rendered":"JAZZ T\u00c5G &amp; BUSSER"},"content":{"rendered":"<p>[et_pb_section fb_built=&#8221;1&#8243; admin_label=&#8221;Header&#8221; _builder_version=&#8221;4.18.0&#8243; background_enable_color=&#8221;off&#8221; background_image=&#8221;https:\/\/porvoojazzfestival.com\/wp-content\/uploads\/2022\/08\/Kopio-Porvoo-Jazz-FB-1640x924px-1920-x-650-px-1.jpg&#8221; background_size=&#8221;contain&#8221; background_position=&#8221;center_right&#8221; custom_padding=&#8221;14vw||14vw||true|&#8221; bottom_divider_height=&#8221;142px&#8221; bottom_divider_flip=&#8221;vertical&#8221; bottom_divider_height_tablet=&#8221;52px&#8221; bottom_divider_height_phone=&#8221;36px&#8221; bottom_divider_height_last_edited=&#8221;on|phone&#8221; da_disable_devices=&#8221;off|off|off&#8221; global_colors_info=&#8221;{}&#8221; da_is_popup=&#8221;off&#8221; da_exit_intent=&#8221;off&#8221; da_has_close=&#8221;on&#8221; da_alt_close=&#8221;off&#8221; da_dark_close=&#8221;off&#8221; da_not_modal=&#8221;on&#8221; da_is_singular=&#8221;off&#8221; da_with_loader=&#8221;off&#8221; da_has_shadow=&#8221;on&#8221;][\/et_pb_section][et_pb_section fb_built=&#8221;1&#8243; fullwidth=&#8221;on&#8221; _builder_version=&#8221;4.18.0&#8243; _module_preset=&#8221;default&#8221; da_disable_devices=&#8221;off|off|off&#8221; global_colors_info=&#8221;{}&#8221; da_is_popup=&#8221;off&#8221; da_exit_intent=&#8221;off&#8221; da_has_close=&#8221;on&#8221; da_alt_close=&#8221;off&#8221; da_dark_close=&#8221;off&#8221; da_not_modal=&#8221;on&#8221; da_is_singular=&#8221;off&#8221; da_with_loader=&#8221;off&#8221; da_has_shadow=&#8221;on&#8221;][et_pb_fullwidth_header title=&#8221;MED MUSEET\u00c5G TILL BORG\u00c5!&#8221; button_one_text=&#8221;@ET-DC@eyJkeW5hbWljIjp0cnVlLCJjb250ZW50IjoicG9zdF9saW5rIiwic2V0dGluZ3MiOnsiYmVmb3JlIjoiIiwiYWZ0ZXIiOiIiLCJ0ZXh0IjoiY3VzdG9tIiwiY3VzdG9tX3RleHQiOiJQT1JWT09OIE1VU0VPUkFVVEFUSUUifX0=@&#8221; button_one_url=&#8221;https:\/\/www.porvoonmuseorautatie.fi\/&#8221; _builder_version=&#8221;4.18.0&#8243; _dynamic_attributes=&#8221;button_one_text&#8221; _module_preset=&#8221;default&#8221; hover_enabled=&#8221;0&#8243; global_colors_info=&#8221;{}&#8221; button_two_text=&#8221;BILJETTER TILL JAZZBUSSEN&#8221; button_two_url=&#8221;https:\/\/events.liveto.io\/events\/porvoo-jazz-festival-2022&#8243; sticky_enabled=&#8221;0&#8243;]<\/p>\n<p><h>P\u00e5 l\u00f6rdag kan du \u00e4ven anl\u00e4nda till Porvoo Jazz Festival med stil ombord p\u00e5 Museit\u00e5get. T\u00e5get anl\u00e4nder lagom till 10-\u00e5rskonserten Linda Fredriksson Juniper och \u00e5terv\u00e4nder till Helsingfors efter konserten! Du kan ocks\u00e5 g\u00e5 p\u00e5 t\u00e5get utan konsertbiljett. T\u00e5gbiljetten k\u00f6ps p\u00e5 t\u00e5get.<\/h><\/p>\n<p><span style=\"font-weight: 400;\">Turen avg\u00e5r fr\u00e5n Helsingfors centralstation och du kan \u00e4ven stiga p\u00e5 vid h\u00e5llplatserna Tikkurila, Kervo, Nikkil\u00e4 och Hinthaara (se det detaljerade schemat nedan) <\/span><\/p>\n<p>&nbsp;<\/p>\n<p><span style=\"font-weight: 400;\">24.9. Schema och h\u00e5llplatser:<\/span><\/p>\n<p><span style=\"font-weight: 400;\">Helsinki centralstationen<\/span> <span style=\"font-weight: 400;\">13:43<\/span><\/p>\n<p><span style=\"font-weight: 400;\">Tikkurila<\/span> <span style=\"font-weight: 400;\">14:03<\/span><\/p>\n<p><span style=\"font-weight: 400;\">Kerava <\/span> <span style=\"font-weight: 400;\">14:20<\/span><\/p>\n<p><span style=\"font-weight: 400;\">Nikkil\u00e4<\/span> <span style=\"font-weight: 400;\">14:35<\/span><\/p>\n<p><span style=\"font-weight: 400;\">Hinthaara<\/span> <span style=\"font-weight: 400;\">15:07<\/span><\/p>\n<p><span style=\"font-weight: 400;\">Porvoo<\/span> <span style=\"font-weight: 400;\">15:27<\/span><\/p>\n<p>&nbsp;<\/p>\n<p><span style=\"font-weight: 400;\">Porvoo<\/span> <span style=\"font-weight: 400;\">19:30<\/span><\/p>\n<p><span style=\"font-weight: 400;\">Hinthaara<\/span> <span style=\"font-weight: 400;\">19:50<\/span><\/p>\n<p><span style=\"font-weight: 400;\">Nikkil\u00e4<\/span> <span style=\"font-weight: 400;\">20:20<\/span><\/p>\n<p><span style=\"font-weight: 400;\">Kerava<\/span> <span style=\"font-weight: 400;\">20:34<\/span><\/p>\n<p><span style=\"font-weight: 400;\">Tikkurila <\/span> <span style=\"font-weight: 400;\">20:50<\/span><\/p>\n<p><span style=\"font-weight: 400;\">Helsinki centralstationen<\/span> <span style=\"font-weight: 400;\">21:11<\/span><\/p>\n<p>&nbsp;<\/p>\n<p><span style=\"font-weight: 400;\">Inga platsreservationer, t\u00e5gets avg\u00e5ngssp\u00e5r syns p\u00e5 stationernas informationstavlor. I Borg\u00e5, infart till t\u00e5get ca. 20 minuter f\u00f6re avg\u00e5ng. (T\u00e5get \u00e4r inte hinderfritt, transport av husdjur \u00e4r till\u00e5ten) <\/span><\/p>\n<p>&nbsp;<\/p>\n<p><span style=\"font-weight: 400;\">Biljetter k\u00f6ps p\u00e5 t\u00e5get med betalkort eller kontanter.<br \/><\/span><\/p>\n<p><span style=\"font-weight: 400;\">Priser (enkel resa\/tur): <\/span><\/p>\n<p><span style=\"font-weight: 400;\">Helsinki\/Tikkurila-Porvoo 25\/35\u20ac. Kerava-Porvoo 20\/28\u20ac, Nikkil\u00e4-Porvoo 17\/24\u20ac, Hinthaara-Porvoo 8\/12\u20ac. Enkelbiljetter s\u00e4ljs i b\u00e5da riktningarna. <\/span><\/p>\n<p><span style=\"font-weight: 400;\">Barnbiljetter 10-17 \u00e5r. -50%.  <\/span><\/p>\n<p><span style=\"font-weight: 400;\">Grupprabatt: en grupp p\u00e5 minst 10 vuxna -10 % av normalpriset n\u00e4r en person betalar f\u00f6r hela gruppen. Det finns ingen grupprabatt f\u00f6r barnbiljetter.<\/span><\/p>\n<p><span style=\"font-weight: 400;\">Cyklar, skotrar, barnvagnar och liknande f\u00f6rem\u00e5l ska transporteras i t\u00e5gets bagageutrymme. Transport \u00e4r gratis. Transportutrymmet \u00e4r begr\u00e4nsat. Stora eller tunga fordon tas inte ombord.<\/span><\/p>\n<p>&nbsp;<\/p>\n<p><span style=\"font-weight: 400;\">\u00d6vriga villkor<\/span><\/p>\n<p><span style=\"font-weight: 400;\">ANV\u00c4NDNING AV ALKOHOLRYCK P\u00c5 T\u00c5GET \u00c4R F\u00d6RBJUDET (J\u00e4rjestyslaki 4 \u00a7)<\/span><\/p>\n<p><span style=\"font-weight: 400;\">Borg\u00e5 station<\/span><\/p>\n<p><span style=\"font-weight: 400;\">T\u00e5gets ankomst- och avg\u00e5ngspunkt i Borg\u00e5 \u00e4r den f\u00f6re detta j\u00e4rnv\u00e4gsstationen ca 500 meter fr\u00e5n gamla stan i Borg\u00e5 p\u00e5 v\u00e4stra sidan av \u00e5n. Stationens adress \u00e4r Vanha H\u00e4meenlinnantie 5. Observera att stationsbyggnaden \u00e4r privat\u00e4gd. Du g\u00e5r inte \u00f6ver stationens gr\u00e4smattor, eller kikar genom f\u00f6nstren! Stationens terrass \u00e4r ocks\u00e5 ett privat omr\u00e5de. <\/span><\/p>\n<p>V\u00e4lkommen till Borg\u00e5 Jazzfestival! Du kan ocks\u00e5 g\u00e5 ombord utan konsertbiljett.<\/p>\n<p>&nbsp;<\/p>\n<h2>MED BUSS FR\u00c5N BORVO TILL HELSINGFORS<\/h2>\n<p>&nbsp;<\/p>\n<p>Porvoo Jazz Festival vill ta hand om sina bes\u00f6kare fr\u00e5n Helsingfors och vi har anordnat tv\u00e5 \u00e5kattraktioner fr\u00e5n BORG\u00c5 &#8211; HELSINGFORS fr\u00e5n Gamla j\u00e4rnv\u00e4gsstationen.<\/p>\n<p>Fre:<br \/>Porvoo &#8211; Helsinki<br \/>kl 02.00<\/p>\n<p>L\u00f6r:<br \/>Porvoo &#8211; Helsinki<br \/>kl 02.00<\/p>\n<p>Biljetter (5\u20ac) f\u00f6r bussar s\u00e4ljs i f\u00f6rv\u00e4g p\u00e5 Liveto eller p\u00e5 plats, om det finns plats p\u00e5 bussen.<\/p>\n<p>&nbsp;<\/p>\n<p>&nbsp;<\/p>\n<p>[\/et_pb_fullwidth_header][\/et_pb_section][et_pb_section fb_built=&#8221;1&#8243; custom_padding_last_edited=&#8221;on|desktop&#8221; admin_label=&#8221;section&#8221; _builder_version=&#8221;4.16&#8243; background_color=&#8221;#A5B9E6&#8243; parallax=&#8221;on&#8221; custom_margin=&#8221;0px||0px|||&#8221; custom_padding=&#8221;60px||128px||false|false&#8221; custom_padding_tablet=&#8221;20px||98px||false|false&#8221; custom_padding_phone=&#8221;8px||56px||false|false&#8221; top_divider_height=&#8221;246px&#8221; bottom_divider_color=&#8221;#60A7B1&#8243; bottom_divider_height=&#8221;136px&#8221; bottom_divider_flip=&#8221;horizontal&#8221; bottom_divider_style_tablet=&#8221;&#8221; bottom_divider_style_phone=&#8221;&#8221; bottom_divider_style_last_edited=&#8221;on|phone&#8221; bottom_divider_height_tablet=&#8221;90px&#8221; bottom_divider_height_phone=&#8221;39px&#8221; bottom_divider_height_last_edited=&#8221;on|phone&#8221; da_disable_devices=&#8221;off|off|off&#8221; global_colors_info=&#8221;{}&#8221; da_is_popup=&#8221;off&#8221; da_exit_intent=&#8221;off&#8221; da_has_close=&#8221;on&#8221; da_alt_close=&#8221;off&#8221; da_dark_close=&#8221;off&#8221; da_not_modal=&#8221;on&#8221; da_is_singular=&#8221;off&#8221; da_with_loader=&#8221;off&#8221; da_has_shadow=&#8221;on&#8221;][\/et_pb_section]<\/p>\n","protected":false},"excerpt":{"rendered":"<p>P\u00e5 l\u00f6rdag kan du \u00e4ven anl\u00e4nda till Porvoo Jazz Festival med stil ombord p\u00e5 Museit\u00e5get. T\u00e5get anl\u00e4nder lagom till 10-\u00e5rskonserten Linda Fredriksson Juniper och \u00e5terv\u00e4nder till Helsingfors efter konserten! Du kan ocks\u00e5 g\u00e5 p\u00e5 t\u00e5get utan konsertbiljett. T\u00e5gbiljetten k\u00f6ps p\u00e5 t\u00e5get. Turen avg\u00e5r fr\u00e5n Helsingfors centralstation och du kan \u00e4ven stiga p\u00e5 vid h\u00e5llplatserna Tikkurila, [&hellip;]<\/p>\n","protected":false},"author":4,"featured_media":7853,"parent":0,"menu_order":0,"comment_status":"closed","ping_status":"closed","template":"","meta":{"_acf_changed":false,"_et_pb_use_builder":"on","_et_pb_old_content":"","_et_gb_content_width":"","footnotes":""},"class_list":["post-7913","page","type-page","status-publish","has-post-thumbnail","hentry"],"acf":[],"yoast_head":"<!-- This site is optimized with the Yoast SEO plugin v27.3 - https:\/\/yoast.com\/product\/yoast-seo-wordpress\/ -->\n<title>JAZZ T\u00c5G &amp; BUSSER - Porvoo Jazz Festival<\/title>\n<meta name=\"robots\" content=\"index, follow, max-snippet:-1, max-image-preview:large, max-video-preview:-1\" \/>\n<link rel=\"canonical\" href=\"https:\/\/porvoojazzfestival.com\/sv\/jazz-tag-busser\/\" \/>\n<meta property=\"og:locale\" content=\"sv_SE\" \/>\n<meta property=\"og:type\" content=\"article\" \/>\n<meta property=\"og:title\" content=\"JAZZ T\u00c5G &amp; BUSSER - Porvoo Jazz Festival\" \/>\n<meta property=\"og:description\" content=\"P\u00e5 l\u00f6rdag kan du \u00e4ven anl\u00e4nda till Porvoo Jazz Festival med stil ombord p\u00e5 Museit\u00e5get. T\u00e5get anl\u00e4nder lagom till 10-\u00e5rskonserten Linda Fredriksson Juniper och \u00e5terv\u00e4nder till Helsingfors efter konserten! Du kan ocks\u00e5 g\u00e5 p\u00e5 t\u00e5get utan konsertbiljett. T\u00e5gbiljetten k\u00f6ps p\u00e5 t\u00e5get. Turen avg\u00e5r fr\u00e5n Helsingfors centralstation och du kan \u00e4ven stiga p\u00e5 vid h\u00e5llplatserna Tikkurila, [&hellip;]\" \/>\n<meta property=\"og:url\" content=\"https:\/\/porvoojazzfestival.com\/sv\/jazz-tag-busser\/\" \/>\n<meta property=\"og:site_name\" content=\"Porvoo Jazz Festival\" \/>\n<meta property=\"article:publisher\" content=\"https:\/\/www.facebook.com\/PorvooJazzFestival\/\" \/>\n<meta property=\"article:modified_time\" content=\"2022-09-07T07:57:19+00:00\" \/>\n<meta property=\"og:image\" content=\"https:\/\/porvoojazzfestival.com\/wp-content\/uploads\/2022\/08\/NETTISIVU-LAYOUTTEJA-.jpg\" \/>\n\t<meta property=\"og:image:width\" content=\"1640\" \/>\n\t<meta property=\"og:image:height\" content=\"924\" \/>\n\t<meta property=\"og:image:type\" content=\"image\/jpeg\" \/>\n<meta name=\"twitter:card\" content=\"summary_large_image\" \/>\n<meta name=\"twitter:site\" content=\"@porvoojazzfest\" \/>\n<meta name=\"twitter:label1\" content=\"Ber\u00e4knad l\u00e4stid\" \/>\n\t<meta name=\"twitter:data1\" content=\"4 minuter\" \/>\n<script type=\"application\/ld+json\" class=\"yoast-schema-graph\">{\"@context\":\"https:\\\/\\\/schema.org\",\"@graph\":[{\"@type\":\"WebPage\",\"@id\":\"https:\\\/\\\/porvoojazzfestival.com\\\/sv\\\/jazz-tag-busser\\\/\",\"url\":\"https:\\\/\\\/porvoojazzfestival.com\\\/sv\\\/jazz-tag-busser\\\/\",\"name\":\"JAZZ T\u00c5G &amp; BUSSER - Porvoo Jazz Festival\",\"isPartOf\":{\"@id\":\"https:\\\/\\\/porvoojazzfestival.com\\\/sv\\\/#website\"},\"primaryImageOfPage\":{\"@id\":\"https:\\\/\\\/porvoojazzfestival.com\\\/sv\\\/jazz-tag-busser\\\/#primaryimage\"},\"image\":{\"@id\":\"https:\\\/\\\/porvoojazzfestival.com\\\/sv\\\/jazz-tag-busser\\\/#primaryimage\"},\"thumbnailUrl\":\"https:\\\/\\\/porvoojazzfestival.com\\\/wp-content\\\/uploads\\\/2022\\\/08\\\/NETTISIVU-LAYOUTTEJA-.jpg\",\"datePublished\":\"2022-09-02T10:09:23+00:00\",\"dateModified\":\"2022-09-07T07:57:19+00:00\",\"breadcrumb\":{\"@id\":\"https:\\\/\\\/porvoojazzfestival.com\\\/sv\\\/jazz-tag-busser\\\/#breadcrumb\"},\"inLanguage\":\"sv-SE\",\"potentialAction\":[{\"@type\":\"ReadAction\",\"target\":[\"https:\\\/\\\/porvoojazzfestival.com\\\/sv\\\/jazz-tag-busser\\\/\"]}]},{\"@type\":\"ImageObject\",\"inLanguage\":\"sv-SE\",\"@id\":\"https:\\\/\\\/porvoojazzfestival.com\\\/sv\\\/jazz-tag-busser\\\/#primaryimage\",\"url\":\"https:\\\/\\\/porvoojazzfestival.com\\\/wp-content\\\/uploads\\\/2022\\\/08\\\/NETTISIVU-LAYOUTTEJA-.jpg\",\"contentUrl\":\"https:\\\/\\\/porvoojazzfestival.com\\\/wp-content\\\/uploads\\\/2022\\\/08\\\/NETTISIVU-LAYOUTTEJA-.jpg\",\"width\":1640,\"height\":924},{\"@type\":\"BreadcrumbList\",\"@id\":\"https:\\\/\\\/porvoojazzfestival.com\\\/sv\\\/jazz-tag-busser\\\/#breadcrumb\",\"itemListElement\":[{\"@type\":\"ListItem\",\"position\":1,\"name\":\"Home\",\"item\":\"https:\\\/\\\/porvoojazzfestival.com\\\/sv\\\/\"},{\"@type\":\"ListItem\",\"position\":2,\"name\":\"JAZZ T\u00c5G &amp; BUSSER\"}]},{\"@type\":\"WebSite\",\"@id\":\"https:\\\/\\\/porvoojazzfestival.com\\\/sv\\\/#website\",\"url\":\"https:\\\/\\\/porvoojazzfestival.com\\\/sv\\\/\",\"name\":\"Porvoo Jazz Festival\",\"description\":\"The Cosy Jazz Fest\",\"publisher\":{\"@id\":\"https:\\\/\\\/porvoojazzfestival.com\\\/sv\\\/#organization\"},\"potentialAction\":[{\"@type\":\"SearchAction\",\"target\":{\"@type\":\"EntryPoint\",\"urlTemplate\":\"https:\\\/\\\/porvoojazzfestival.com\\\/sv\\\/?s={search_term_string}\"},\"query-input\":{\"@type\":\"PropertyValueSpecification\",\"valueRequired\":true,\"valueName\":\"search_term_string\"}}],\"inLanguage\":\"sv-SE\"},{\"@type\":\"Organization\",\"@id\":\"https:\\\/\\\/porvoojazzfestival.com\\\/sv\\\/#organization\",\"name\":\"Porvoo Jazz Festival\",\"url\":\"https:\\\/\\\/porvoojazzfestival.com\\\/sv\\\/\",\"logo\":{\"@type\":\"ImageObject\",\"inLanguage\":\"sv-SE\",\"@id\":\"https:\\\/\\\/porvoojazzfestival.com\\\/sv\\\/#\\\/schema\\\/logo\\\/image\\\/\",\"url\":\"https:\\\/\\\/porvoojazzfestival.com\\\/wp-content\\\/uploads\\\/2025\\\/01\\\/cropped-Porvoo-Jazz-Festival-Favicon.png\",\"contentUrl\":\"https:\\\/\\\/porvoojazzfestival.com\\\/wp-content\\\/uploads\\\/2025\\\/01\\\/cropped-Porvoo-Jazz-Festival-Favicon.png\",\"width\":512,\"height\":512,\"caption\":\"Porvoo Jazz Festival\"},\"image\":{\"@id\":\"https:\\\/\\\/porvoojazzfestival.com\\\/sv\\\/#\\\/schema\\\/logo\\\/image\\\/\"},\"sameAs\":[\"https:\\\/\\\/www.facebook.com\\\/PorvooJazzFestival\\\/\",\"https:\\\/\\\/x.com\\\/porvoojazzfest\"]}]}<\/script>\n<!-- \/ Yoast SEO plugin. -->","yoast_head_json":{"title":"JAZZ T\u00c5G &amp; BUSSER - Porvoo Jazz Festival","robots":{"index":"index","follow":"follow","max-snippet":"max-snippet:-1","max-image-preview":"max-image-preview:large","max-video-preview":"max-video-preview:-1"},"canonical":"https:\/\/porvoojazzfestival.com\/sv\/jazz-tag-busser\/","og_locale":"sv_SE","og_type":"article","og_title":"JAZZ T\u00c5G &amp; BUSSER - Porvoo Jazz Festival","og_description":"P\u00e5 l\u00f6rdag kan du \u00e4ven anl\u00e4nda till Porvoo Jazz Festival med stil ombord p\u00e5 Museit\u00e5get. T\u00e5get anl\u00e4nder lagom till 10-\u00e5rskonserten Linda Fredriksson Juniper och \u00e5terv\u00e4nder till Helsingfors efter konserten! Du kan ocks\u00e5 g\u00e5 p\u00e5 t\u00e5get utan konsertbiljett. T\u00e5gbiljetten k\u00f6ps p\u00e5 t\u00e5get. Turen avg\u00e5r fr\u00e5n Helsingfors centralstation och du kan \u00e4ven stiga p\u00e5 vid h\u00e5llplatserna Tikkurila, [&hellip;]","og_url":"https:\/\/porvoojazzfestival.com\/sv\/jazz-tag-busser\/","og_site_name":"Porvoo Jazz Festival","article_publisher":"https:\/\/www.facebook.com\/PorvooJazzFestival\/","article_modified_time":"2022-09-07T07:57:19+00:00","og_image":[{"width":1640,"height":924,"url":"https:\/\/porvoojazzfestival.com\/wp-content\/uploads\/2022\/08\/NETTISIVU-LAYOUTTEJA-.jpg","type":"image\/jpeg"}],"twitter_card":"summary_large_image","twitter_site":"@porvoojazzfest","twitter_misc":{"Ber\u00e4knad l\u00e4stid":"4 minuter"},"schema":{"@context":"https:\/\/schema.org","@graph":[{"@type":"WebPage","@id":"https:\/\/porvoojazzfestival.com\/sv\/jazz-tag-busser\/","url":"https:\/\/porvoojazzfestival.com\/sv\/jazz-tag-busser\/","name":"JAZZ T\u00c5G &amp; BUSSER - Porvoo Jazz Festival","isPartOf":{"@id":"https:\/\/porvoojazzfestival.com\/sv\/#website"},"primaryImageOfPage":{"@id":"https:\/\/porvoojazzfestival.com\/sv\/jazz-tag-busser\/#primaryimage"},"image":{"@id":"https:\/\/porvoojazzfestival.com\/sv\/jazz-tag-busser\/#primaryimage"},"thumbnailUrl":"https:\/\/porvoojazzfestival.com\/wp-content\/uploads\/2022\/08\/NETTISIVU-LAYOUTTEJA-.jpg","datePublished":"2022-09-02T10:09:23+00:00","dateModified":"2022-09-07T07:57:19+00:00","breadcrumb":{"@id":"https:\/\/porvoojazzfestival.com\/sv\/jazz-tag-busser\/#breadcrumb"},"inLanguage":"sv-SE","potentialAction":[{"@type":"ReadAction","target":["https:\/\/porvoojazzfestival.com\/sv\/jazz-tag-busser\/"]}]},{"@type":"ImageObject","inLanguage":"sv-SE","@id":"https:\/\/porvoojazzfestival.com\/sv\/jazz-tag-busser\/#primaryimage","url":"https:\/\/porvoojazzfestival.com\/wp-content\/uploads\/2022\/08\/NETTISIVU-LAYOUTTEJA-.jpg","contentUrl":"https:\/\/porvoojazzfestival.com\/wp-content\/uploads\/2022\/08\/NETTISIVU-LAYOUTTEJA-.jpg","width":1640,"height":924},{"@type":"BreadcrumbList","@id":"https:\/\/porvoojazzfestival.com\/sv\/jazz-tag-busser\/#breadcrumb","itemListElement":[{"@type":"ListItem","position":1,"name":"Home","item":"https:\/\/porvoojazzfestival.com\/sv\/"},{"@type":"ListItem","position":2,"name":"JAZZ T\u00c5G &amp; BUSSER"}]},{"@type":"WebSite","@id":"https:\/\/porvoojazzfestival.com\/sv\/#website","url":"https:\/\/porvoojazzfestival.com\/sv\/","name":"Porvoo Jazz Festival","description":"The Cosy Jazz Fest","publisher":{"@id":"https:\/\/porvoojazzfestival.com\/sv\/#organization"},"potentialAction":[{"@type":"SearchAction","target":{"@type":"EntryPoint","urlTemplate":"https:\/\/porvoojazzfestival.com\/sv\/?s={search_term_string}"},"query-input":{"@type":"PropertyValueSpecification","valueRequired":true,"valueName":"search_term_string"}}],"inLanguage":"sv-SE"},{"@type":"Organization","@id":"https:\/\/porvoojazzfestival.com\/sv\/#organization","name":"Porvoo Jazz Festival","url":"https:\/\/porvoojazzfestival.com\/sv\/","logo":{"@type":"ImageObject","inLanguage":"sv-SE","@id":"https:\/\/porvoojazzfestival.com\/sv\/#\/schema\/logo\/image\/","url":"https:\/\/porvoojazzfestival.com\/wp-content\/uploads\/2025\/01\/cropped-Porvoo-Jazz-Festival-Favicon.png","contentUrl":"https:\/\/porvoojazzfestival.com\/wp-content\/uploads\/2025\/01\/cropped-Porvoo-Jazz-Festival-Favicon.png","width":512,"height":512,"caption":"Porvoo Jazz Festival"},"image":{"@id":"https:\/\/porvoojazzfestival.com\/sv\/#\/schema\/logo\/image\/"},"sameAs":["https:\/\/www.facebook.com\/PorvooJazzFestival\/","https:\/\/x.com\/porvoojazzfest"]}]}},"_links":{"self":[{"href":"https:\/\/porvoojazzfestival.com\/sv\/wp-json\/wp\/v2\/pages\/7913","targetHints":{"allow":["GET"]}}],"collection":[{"href":"https:\/\/porvoojazzfestival.com\/sv\/wp-json\/wp\/v2\/pages"}],"about":[{"href":"https:\/\/porvoojazzfestival.com\/sv\/wp-json\/wp\/v2\/types\/page"}],"author":[{"embeddable":true,"href":"https:\/\/porvoojazzfestival.com\/sv\/wp-json\/wp\/v2\/users\/4"}],"replies":[{"embeddable":true,"href":"https:\/\/porvoojazzfestival.com\/sv\/wp-json\/wp\/v2\/comments?post=7913"}],"version-history":[{"count":0,"href":"https:\/\/porvoojazzfestival.com\/sv\/wp-json\/wp\/v2\/pages\/7913\/revisions"}],"wp:featuredmedia":[{"embeddable":true,"href":"https:\/\/porvoojazzfestival.com\/sv\/wp-json\/wp\/v2\/media\/7853"}],"wp:attachment":[{"href":"https:\/\/porvoojazzfestival.com\/sv\/wp-json\/wp\/v2\/media?parent=7913"}],"curies":[{"name":"wp","href":"https:\/\/api.w.org\/{rel}","templated":true}]}}