{"id":11636,"date":"2026-01-12T12:04:06","date_gmt":"2026-01-12T10:04:06","guid":{"rendered":"https:\/\/porvoojazzfestival.com\/?page_id=11636"},"modified":"2026-01-12T12:04:07","modified_gmt":"2026-01-12T10:04:07","slug":"2025-kontakt","status":"publish","type":"page","link":"https:\/\/porvoojazzfestival.com\/sv\/2025-kontakt\/","title":{"rendered":"2025 Kontakt"},"content":{"rendered":"<p>[et_pb_section fb_built=&#8221;1&#8243; admin_label=&#8221;Header&#8221; _builder_version=&#8221;4.27.4&#8243; background_enable_color=&#8221;off&#8221; background_image=&#8221;https:\/\/porvoojazzfestival.com\/wp-content\/uploads\/2025\/05\/2025-VISUAALIT-070525-7-scaled.jpg&#8221; custom_padding=&#8221;20vw||20vw||true|&#8221; bottom_divider_style=&#8221;none&#8221; bottom_divider_color=&#8221;#FCE754&#8243; bottom_divider_height=&#8221;54px&#8221; bottom_divider_repeat=&#8221;2x&#8221; bottom_divider_height_tablet=&#8221;182px&#8221; bottom_divider_height_phone=&#8221;220px&#8221; bottom_divider_height_last_edited=&#8221;on|phone&#8221; da_disable_devices=&#8221;off|off|off&#8221; global_colors_info=&#8221;{}&#8221; da_is_popup=&#8221;off&#8221; da_exit_intent=&#8221;off&#8221; da_has_close=&#8221;on&#8221; da_alt_close=&#8221;off&#8221; da_dark_close=&#8221;off&#8221; da_not_modal=&#8221;on&#8221; da_is_singular=&#8221;off&#8221; da_with_loader=&#8221;off&#8221; da_has_shadow=&#8221;on&#8221;][\/et_pb_section][et_pb_section fb_built=&#8221;1&#8243; next_background_color=&#8221;#ffffff&#8221; admin_label=&#8221;section&#8221; _builder_version=&#8221;4.27.4&#8243; background_color=&#8221;#efede6&#8243; top_divider_color=&#8221;#ffffff&#8221; bottom_divider_style=&#8221;none&#8221; da_disable_devices=&#8221;off|off|off&#8221; global_colors_info=&#8221;{}&#8221; da_is_popup=&#8221;off&#8221; da_exit_intent=&#8221;off&#8221; da_has_close=&#8221;on&#8221; da_alt_close=&#8221;off&#8221; da_dark_close=&#8221;off&#8221; da_not_modal=&#8221;on&#8221; da_is_singular=&#8221;off&#8221; da_with_loader=&#8221;off&#8221; da_has_shadow=&#8221;on&#8221;][et_pb_row column_structure=&#8221;1_2,1_2&#8243; admin_label=&#8221;row&#8221; _builder_version=&#8221;4.19.4&#8243; background_size=&#8221;initial&#8221; background_position=&#8221;top_left&#8221; background_repeat=&#8221;repeat&#8221; global_colors_info=&#8221;{}&#8221;][et_pb_column type=&#8221;1_2&#8243; _builder_version=&#8221;4.19.4&#8243; background_color=&#8221;RGBA(255,255,255,0)&#8221; custom_padding=&#8221;|||&#8221; global_colors_info=&#8221;{}&#8221; custom_padding__hover=&#8221;|||&#8221;][et_pb_text _builder_version=&#8221;4.19.4&#8243; text_font=&#8221;Optional Heavy||||||||&#8221; header_font=&#8221;||||||||&#8221; header_3_font=&#8221;Optional Heavy||||||||&#8221; header_3_text_color=&#8221;#764E9A&#8221; background_size=&#8221;initial&#8221; background_position=&#8221;top_left&#8221; background_repeat=&#8221;repeat&#8221; text_orientation=&#8221;center&#8221; module_alignment=&#8221;center&#8221; custom_padding=&#8221;||25px|&#8221; use_border_color=&#8221;off&#8221; border_color=&#8221;#ffffff&#8221; border_style=&#8221;solid&#8221; locked=&#8221;off&#8221; global_colors_info=&#8221;{}&#8221;]<\/p>\n<h3><span style=\"color: #551c48;\">Antti ansas<\/span><\/h3>\n<p>Ordf\u00f6rande i f\u00f6reningen<\/p>\n<p><span style=\"color: #000000;\"><span style=\"font-weight: 400;\">antti @ porvoojazzfestival.com<\/span><\/span><\/p>\n<p>[\/et_pb_text][et_pb_text _builder_version=&#8221;4.19.4&#8243; text_font=&#8221;Optional Heavy||||||||&#8221; header_font=&#8221;||||||||&#8221; header_3_font=&#8221;Optional Heavy||||||||&#8221; header_3_text_color=&#8221;#764E9A&#8221; background_size=&#8221;initial&#8221; background_position=&#8221;top_left&#8221; background_repeat=&#8221;repeat&#8221; text_orientation=&#8221;center&#8221; module_alignment=&#8221;center&#8221; custom_padding=&#8221;||25px|&#8221; use_border_color=&#8221;off&#8221; border_color=&#8221;#ffffff&#8221; border_style=&#8221;solid&#8221; locked=&#8221;off&#8221; global_colors_info=&#8221;{}&#8221;]<\/p>\n<h3><span style=\"color: #551c48;\">Max Zenger<\/span><\/h3>\n<p>Konstn\u00e4rligt direkt\u00f6r<\/p>\n<p><span style=\"color: #000000;\"><span style=\"font-weight: 400;\">max @ porvoojazzfestival.com<\/span><\/span><\/p>\n<p>[\/et_pb_text][et_pb_text _builder_version=&#8221;4.19.4&#8243; text_font=&#8221;Optional Heavy||||||||&#8221; header_font=&#8221;||||||||&#8221; header_3_font=&#8221;Optional Heavy||||||||&#8221; header_3_text_color=&#8221;#764E9A&#8221; background_size=&#8221;initial&#8221; background_position=&#8221;top_left&#8221; background_repeat=&#8221;repeat&#8221; text_orientation=&#8221;center&#8221; module_alignment=&#8221;center&#8221; custom_padding=&#8221;||25px|&#8221; use_border_color=&#8221;off&#8221; border_color=&#8221;#ffffff&#8221; border_style=&#8221;solid&#8221; locked=&#8221;off&#8221; global_colors_info=&#8221;{}&#8221;]<\/p>\n<h3><span style=\"color: #551c48;\">Elina Brooks<\/span><\/h3>\n<p>Verkst\u00e4llande direkt\u00f6r<\/p>\n<p><span style=\"color: #000000;\"><span style=\"font-weight: 400;\">elina @ porv<\/span><span style=\"font-weight: 400;\">oojazzfestival.com<\/span><\/span><\/p>\n<p>[\/et_pb_text][et_pb_text _builder_version=&#8221;4.19.4&#8243; text_font=&#8221;Optional Heavy||||||||&#8221; header_font=&#8221;||||||||&#8221; header_3_font=&#8221;Optional Heavy||||||||&#8221; header_3_text_color=&#8221;#764E9A&#8221; background_size=&#8221;initial&#8221; background_position=&#8221;top_left&#8221; background_repeat=&#8221;repeat&#8221; text_orientation=&#8221;center&#8221; module_alignment=&#8221;center&#8221; custom_padding=&#8221;||0px|||&#8221; use_border_color=&#8221;off&#8221; border_color=&#8221;#ffffff&#8221; border_style=&#8221;solid&#8221; global_colors_info=&#8221;{}&#8221;]<\/p>\n<h3><span style=\"color: #551c48;\">Ulpu-Leena Hozjajenok<\/span><\/h3>\n<p>Producent<\/p>\n<p><span style=\"color: #000000;\"><span style=\"font-weight: 400;\">ulpu @ porvoojazzfestival.com<\/span><\/span><\/p>\n<p><span style=\"color: #000000;\"><a href=\"tel:+358407345657\" style=\"color: #000000;\"><span style=\"font-weight: 400;\">+358 40 734 5657<\/span><\/a><\/span><\/p>\n<p>[\/et_pb_text][\/et_pb_column][et_pb_column type=&#8221;1_2&#8243; _builder_version=&#8221;4.16&#8243; custom_padding=&#8221;|||&#8221; global_colors_info=&#8221;{}&#8221; custom_padding__hover=&#8221;|||&#8221;][et_pb_text _builder_version=&#8221;4.27.4&#8243; header_font=&#8221;||||||||&#8221; header_3_font=&#8221;||||||||&#8221; header_3_text_color=&#8221;#764E9A&#8221; background_size=&#8221;initial&#8221; background_position=&#8221;top_left&#8221; background_repeat=&#8221;repeat&#8221; text_orientation=&#8221;center&#8221; module_alignment=&#8221;center&#8221; custom_padding=&#8221;||25px|&#8221; use_border_color=&#8221;off&#8221; border_color=&#8221;#ffffff&#8221; border_style=&#8221;solid&#8221; inline_fonts=&#8221;Optional Bold&#8221; global_colors_info=&#8221;{}&#8221;]<\/p>\n<h3><span style=\"color: #551c48; font-family: Optional Bold;\">Kateriina Hozjajenok<\/span><\/h3>\n<p>Konstverket &#8221;Heteiden l\u00e4hteill\u00e4&#8221; anv\u00e4nds i visuals.<br \/><span style=\"color: #000000;\"><a href=\"https:\/\/www.artgalleria-kateriina.com\" style=\"color: #000000;\">www.artgalleria-kateriina.com<\/a><\/span><\/p>\n<p>[\/et_pb_text][et_pb_text _builder_version=&#8221;4.27.4&#8243; header_font=&#8221;||||||||&#8221; header_text_color=&#8221;#764E9A&#8221; header_3_font=&#8221;||||||||&#8221; header_3_text_color=&#8221;#86509A&#8221; background_size=&#8221;initial&#8221; background_position=&#8221;top_left&#8221; background_repeat=&#8221;repeat&#8221; text_orientation=&#8221;center&#8221; module_alignment=&#8221;center&#8221; custom_padding=&#8221;||25px|&#8221; hover_enabled=&#8221;0&#8243; use_border_color=&#8221;off&#8221; border_color=&#8221;#ffffff&#8221; border_style=&#8221;solid&#8221; inline_fonts=&#8221;Optional Bold&#8221; global_colors_info=&#8221;{}&#8221; sticky_enabled=&#8221;0&#8243;]<\/p>\n<h3><span style=\"font-family: 'Optional Bold'; color: #551c48;\">Fakturaadress<\/span><\/h3>\n<p><span style=\"font-family: 'Optional Bold'; color: #551c48;\"><\/span><\/p>\n<p data-start=\"0\" data-end=\"37\"><strong data-start=\"0\" data-end=\"37\">Mottagning av leverant\u00f6rsfakturor<\/strong><\/p>\n<p data-start=\"39\" data-end=\"76\">Som e-faktura 003725650165<br data-start=\"52\" data-end=\"55\" \/>E-fakturaf\u00f6rmedlare 003708599126 (Fennoa)<\/p>\n<p data-start=\"78\" data-end=\"101\">Via e-post <a data-start=\"144\" data-end=\"172\" class=\"decorated-link cursor-pointer\" rel=\"noopener\">fennoa.524101@erin.posti.com<\/a><br data-start=\"88\" data-end=\"91\" \/>Per post<\/p>\n<p data-start=\"176\" data-end=\"210\" data-is-last-node=\"\" data-is-only-node=\"\">Porvoo Jazz Festival rf<br data-start=\"199\" data-end=\"202\" \/>PB 71478<\/p>\n<p><span style=\"font-family: 'Optional Bold';\">FO-nummer 2565016-5<\/span><\/p>\n<p>[\/et_pb_text][et_pb_text _builder_version=&#8221;4.19.4&#8243; text_font=&#8221;Optional Heavy||||||||&#8221; header_font=&#8221;||||||||&#8221; header_3_font=&#8221;Optional Heavy||||||||&#8221; header_3_text_color=&#8221;#764E9A&#8221; background_size=&#8221;initial&#8221; background_position=&#8221;top_left&#8221; background_repeat=&#8221;repeat&#8221; text_orientation=&#8221;center&#8221; module_alignment=&#8221;center&#8221; custom_padding=&#8221;||25px|&#8221; use_border_color=&#8221;off&#8221; border_color=&#8221;#ffffff&#8221; border_style=&#8221;solid&#8221; global_colors_info=&#8221;{}&#8221;]<\/p>\n<h3><span style=\"color: #551c48;\">Nyhetsbrev &amp; Integritetspolicy<\/span><\/h3>\n<p><a href=\"https:\/\/porvoojazzfestival.com\/uutiskirje-tietosuojaseloste\/\"><span style=\"color: #551c48;\">Nyhetsbrev &amp; Integritetspolicy<\/span> <\/a><\/p>\n<p>[\/et_pb_text][et_pb_text _builder_version=&#8221;4.27.4&#8243; text_font=&#8221;Optional Heavy||||||||&#8221; header_font=&#8221;||||||||&#8221; header_3_font=&#8221;Optional Heavy||||||||&#8221; header_3_text_color=&#8221;#764E9A&#8221; background_size=&#8221;initial&#8221; background_position=&#8221;top_left&#8221; background_repeat=&#8221;repeat&#8221; text_orientation=&#8221;center&#8221; module_alignment=&#8221;center&#8221; custom_padding=&#8221;||25px|&#8221; use_border_color=&#8221;off&#8221; border_color=&#8221;#ffffff&#8221; border_style=&#8221;solid&#8221; global_colors_info=&#8221;{}&#8221;]<\/p>\n<h3 style=\"text-align: center;\"><span style=\"color: #551c48;\">Medlemskap i f\u00f6reningen:<\/span><\/h3>\n<p style=\"text-align: center;\">Vill du engagera dig eller \u00e4r du intresserad av att bli medlem? Kontakt: info@porvoojazzfestival.com <\/p>\n<p>[\/et_pb_text][\/et_pb_column][\/et_pb_row][\/et_pb_section]<\/p>\n","protected":false},"excerpt":{"rendered":"<p>Antti ansas Ordf\u00f6rande i f\u00f6reningen antti @ porvoojazzfestival.comMax Zenger Konstn\u00e4rligt direkt\u00f6r max @ porvoojazzfestival.comElina Brooks Verkst\u00e4llande direkt\u00f6r elina @ porvoojazzfestival.comUlpu-Leena Hozjajenok Producent ulpu @ porvoojazzfestival.com +358 40 734 5657Kateriina Hozjajenok Konstverket &#8221;Heteiden l\u00e4hteill\u00e4&#8221; anv\u00e4nds i visuals.www.artgalleria-kateriina.comFakturaadress Mottagning av leverant\u00f6rsfakturor Som e-faktura 003725650165E-fakturaf\u00f6rmedlare 003708599126 (Fennoa) Via e-post fennoa.524101@erin.posti.comPer post Porvoo Jazz Festival rfPB 71478 FO-nummer 2565016-5Nyhetsbrev [&hellip;]<\/p>\n","protected":false},"author":12,"featured_media":0,"parent":0,"menu_order":0,"comment_status":"closed","ping_status":"closed","template":"","meta":{"_acf_changed":false,"_et_pb_use_builder":"on","_et_pb_old_content":"","_et_gb_content_width":"","footnotes":""},"class_list":["post-11636","page","type-page","status-publish","hentry"],"acf":[],"yoast_head":"<!-- This site is optimized with the Yoast SEO plugin v27.3 - https:\/\/yoast.com\/product\/yoast-seo-wordpress\/ -->\n<title>2025 Kontakt - Porvoo Jazz Festival<\/title>\n<meta name=\"robots\" content=\"index, follow, max-snippet:-1, max-image-preview:large, max-video-preview:-1\" \/>\n<link rel=\"canonical\" href=\"https:\/\/porvoojazzfestival.com\/sv\/2025-kontakt\/\" \/>\n<meta property=\"og:locale\" content=\"sv_SE\" \/>\n<meta property=\"og:type\" content=\"article\" \/>\n<meta property=\"og:title\" content=\"2025 Kontakt - Porvoo Jazz Festival\" \/>\n<meta property=\"og:description\" content=\"Antti ansas Ordf\u00f6rande i f\u00f6reningen antti @ porvoojazzfestival.comMax Zenger Konstn\u00e4rligt direkt\u00f6r max @ porvoojazzfestival.comElina Brooks Verkst\u00e4llande direkt\u00f6r elina @ porvoojazzfestival.comUlpu-Leena Hozjajenok Producent ulpu @ porvoojazzfestival.com +358 40 734 5657Kateriina Hozjajenok Konstverket &quot;Heteiden l\u00e4hteill\u00e4&quot; anv\u00e4nds i visuals.www.artgalleria-kateriina.comFakturaadress Mottagning av leverant\u00f6rsfakturor Som e-faktura 003725650165E-fakturaf\u00f6rmedlare 003708599126 (Fennoa) Via e-post fennoa.524101@erin.posti.comPer post Porvoo Jazz Festival rfPB 71478 FO-nummer 2565016-5Nyhetsbrev [&hellip;]\" \/>\n<meta property=\"og:url\" content=\"https:\/\/porvoojazzfestival.com\/sv\/2025-kontakt\/\" \/>\n<meta property=\"og:site_name\" content=\"Porvoo Jazz Festival\" \/>\n<meta property=\"article:publisher\" content=\"https:\/\/www.facebook.com\/PorvooJazzFestival\/\" \/>\n<meta property=\"article:modified_time\" content=\"2026-01-12T10:04:07+00:00\" \/>\n<meta property=\"og:image\" content=\"https:\/\/porvoojazzfestival.com\/wp-content\/uploads\/2025\/04\/PorvooJazzFest.jpg\" \/>\n\t<meta property=\"og:image:width\" content=\"1280\" \/>\n\t<meta property=\"og:image:height\" content=\"670\" \/>\n\t<meta property=\"og:image:type\" content=\"image\/jpeg\" \/>\n<meta name=\"twitter:card\" content=\"summary_large_image\" \/>\n<meta name=\"twitter:site\" content=\"@porvoojazzfest\" \/>\n<meta name=\"twitter:label1\" content=\"Ber\u00e4knad l\u00e4stid\" \/>\n\t<meta name=\"twitter:data1\" content=\"4 minuter\" \/>\n<script type=\"application\/ld+json\" class=\"yoast-schema-graph\">{\"@context\":\"https:\\\/\\\/schema.org\",\"@graph\":[{\"@type\":\"WebPage\",\"@id\":\"https:\\\/\\\/porvoojazzfestival.com\\\/sv\\\/2025-kontakt\\\/\",\"url\":\"https:\\\/\\\/porvoojazzfestival.com\\\/sv\\\/2025-kontakt\\\/\",\"name\":\"2025 Kontakt - Porvoo Jazz Festival\",\"isPartOf\":{\"@id\":\"https:\\\/\\\/porvoojazzfestival.com\\\/sv\\\/#website\"},\"datePublished\":\"2026-01-12T10:04:06+00:00\",\"dateModified\":\"2026-01-12T10:04:07+00:00\",\"breadcrumb\":{\"@id\":\"https:\\\/\\\/porvoojazzfestival.com\\\/sv\\\/2025-kontakt\\\/#breadcrumb\"},\"inLanguage\":\"sv-SE\",\"potentialAction\":[{\"@type\":\"ReadAction\",\"target\":[\"https:\\\/\\\/porvoojazzfestival.com\\\/sv\\\/2025-kontakt\\\/\"]}]},{\"@type\":\"BreadcrumbList\",\"@id\":\"https:\\\/\\\/porvoojazzfestival.com\\\/sv\\\/2025-kontakt\\\/#breadcrumb\",\"itemListElement\":[{\"@type\":\"ListItem\",\"position\":1,\"name\":\"Home\",\"item\":\"https:\\\/\\\/porvoojazzfestival.com\\\/sv\\\/\"},{\"@type\":\"ListItem\",\"position\":2,\"name\":\"2025 Kontakt\"}]},{\"@type\":\"WebSite\",\"@id\":\"https:\\\/\\\/porvoojazzfestival.com\\\/sv\\\/#website\",\"url\":\"https:\\\/\\\/porvoojazzfestival.com\\\/sv\\\/\",\"name\":\"Porvoo Jazz Festival\",\"description\":\"The Cosy Jazz Fest\",\"publisher\":{\"@id\":\"https:\\\/\\\/porvoojazzfestival.com\\\/sv\\\/#organization\"},\"potentialAction\":[{\"@type\":\"SearchAction\",\"target\":{\"@type\":\"EntryPoint\",\"urlTemplate\":\"https:\\\/\\\/porvoojazzfestival.com\\\/sv\\\/?s={search_term_string}\"},\"query-input\":{\"@type\":\"PropertyValueSpecification\",\"valueRequired\":true,\"valueName\":\"search_term_string\"}}],\"inLanguage\":\"sv-SE\"},{\"@type\":\"Organization\",\"@id\":\"https:\\\/\\\/porvoojazzfestival.com\\\/sv\\\/#organization\",\"name\":\"Porvoo Jazz Festival\",\"url\":\"https:\\\/\\\/porvoojazzfestival.com\\\/sv\\\/\",\"logo\":{\"@type\":\"ImageObject\",\"inLanguage\":\"sv-SE\",\"@id\":\"https:\\\/\\\/porvoojazzfestival.com\\\/sv\\\/#\\\/schema\\\/logo\\\/image\\\/\",\"url\":\"https:\\\/\\\/porvoojazzfestival.com\\\/wp-content\\\/uploads\\\/2025\\\/01\\\/cropped-Porvoo-Jazz-Festival-Favicon.png\",\"contentUrl\":\"https:\\\/\\\/porvoojazzfestival.com\\\/wp-content\\\/uploads\\\/2025\\\/01\\\/cropped-Porvoo-Jazz-Festival-Favicon.png\",\"width\":512,\"height\":512,\"caption\":\"Porvoo Jazz Festival\"},\"image\":{\"@id\":\"https:\\\/\\\/porvoojazzfestival.com\\\/sv\\\/#\\\/schema\\\/logo\\\/image\\\/\"},\"sameAs\":[\"https:\\\/\\\/www.facebook.com\\\/PorvooJazzFestival\\\/\",\"https:\\\/\\\/x.com\\\/porvoojazzfest\"]}]}<\/script>\n<!-- \/ Yoast SEO plugin. -->","yoast_head_json":{"title":"2025 Kontakt - Porvoo Jazz Festival","robots":{"index":"index","follow":"follow","max-snippet":"max-snippet:-1","max-image-preview":"max-image-preview:large","max-video-preview":"max-video-preview:-1"},"canonical":"https:\/\/porvoojazzfestival.com\/sv\/2025-kontakt\/","og_locale":"sv_SE","og_type":"article","og_title":"2025 Kontakt - Porvoo Jazz Festival","og_description":"Antti ansas Ordf\u00f6rande i f\u00f6reningen antti @ porvoojazzfestival.comMax Zenger Konstn\u00e4rligt direkt\u00f6r max @ porvoojazzfestival.comElina Brooks Verkst\u00e4llande direkt\u00f6r elina @ porvoojazzfestival.comUlpu-Leena Hozjajenok Producent ulpu @ porvoojazzfestival.com +358 40 734 5657Kateriina Hozjajenok Konstverket \"Heteiden l\u00e4hteill\u00e4\" anv\u00e4nds i visuals.www.artgalleria-kateriina.comFakturaadress Mottagning av leverant\u00f6rsfakturor Som e-faktura 003725650165E-fakturaf\u00f6rmedlare 003708599126 (Fennoa) Via e-post fennoa.524101@erin.posti.comPer post Porvoo Jazz Festival rfPB 71478 FO-nummer 2565016-5Nyhetsbrev [&hellip;]","og_url":"https:\/\/porvoojazzfestival.com\/sv\/2025-kontakt\/","og_site_name":"Porvoo Jazz Festival","article_publisher":"https:\/\/www.facebook.com\/PorvooJazzFestival\/","article_modified_time":"2026-01-12T10:04:07+00:00","og_image":[{"width":1280,"height":670,"url":"https:\/\/porvoojazzfestival.com\/wp-content\/uploads\/2025\/04\/PorvooJazzFest.jpg","type":"image\/jpeg"}],"twitter_card":"summary_large_image","twitter_site":"@porvoojazzfest","twitter_misc":{"Ber\u00e4knad l\u00e4stid":"4 minuter"},"schema":{"@context":"https:\/\/schema.org","@graph":[{"@type":"WebPage","@id":"https:\/\/porvoojazzfestival.com\/sv\/2025-kontakt\/","url":"https:\/\/porvoojazzfestival.com\/sv\/2025-kontakt\/","name":"2025 Kontakt - Porvoo Jazz Festival","isPartOf":{"@id":"https:\/\/porvoojazzfestival.com\/sv\/#website"},"datePublished":"2026-01-12T10:04:06+00:00","dateModified":"2026-01-12T10:04:07+00:00","breadcrumb":{"@id":"https:\/\/porvoojazzfestival.com\/sv\/2025-kontakt\/#breadcrumb"},"inLanguage":"sv-SE","potentialAction":[{"@type":"ReadAction","target":["https:\/\/porvoojazzfestival.com\/sv\/2025-kontakt\/"]}]},{"@type":"BreadcrumbList","@id":"https:\/\/porvoojazzfestival.com\/sv\/2025-kontakt\/#breadcrumb","itemListElement":[{"@type":"ListItem","position":1,"name":"Home","item":"https:\/\/porvoojazzfestival.com\/sv\/"},{"@type":"ListItem","position":2,"name":"2025 Kontakt"}]},{"@type":"WebSite","@id":"https:\/\/porvoojazzfestival.com\/sv\/#website","url":"https:\/\/porvoojazzfestival.com\/sv\/","name":"Porvoo Jazz Festival","description":"The Cosy Jazz Fest","publisher":{"@id":"https:\/\/porvoojazzfestival.com\/sv\/#organization"},"potentialAction":[{"@type":"SearchAction","target":{"@type":"EntryPoint","urlTemplate":"https:\/\/porvoojazzfestival.com\/sv\/?s={search_term_string}"},"query-input":{"@type":"PropertyValueSpecification","valueRequired":true,"valueName":"search_term_string"}}],"inLanguage":"sv-SE"},{"@type":"Organization","@id":"https:\/\/porvoojazzfestival.com\/sv\/#organization","name":"Porvoo Jazz Festival","url":"https:\/\/porvoojazzfestival.com\/sv\/","logo":{"@type":"ImageObject","inLanguage":"sv-SE","@id":"https:\/\/porvoojazzfestival.com\/sv\/#\/schema\/logo\/image\/","url":"https:\/\/porvoojazzfestival.com\/wp-content\/uploads\/2025\/01\/cropped-Porvoo-Jazz-Festival-Favicon.png","contentUrl":"https:\/\/porvoojazzfestival.com\/wp-content\/uploads\/2025\/01\/cropped-Porvoo-Jazz-Festival-Favicon.png","width":512,"height":512,"caption":"Porvoo Jazz Festival"},"image":{"@id":"https:\/\/porvoojazzfestival.com\/sv\/#\/schema\/logo\/image\/"},"sameAs":["https:\/\/www.facebook.com\/PorvooJazzFestival\/","https:\/\/x.com\/porvoojazzfest"]}]}},"_links":{"self":[{"href":"https:\/\/porvoojazzfestival.com\/sv\/wp-json\/wp\/v2\/pages\/11636","targetHints":{"allow":["GET"]}}],"collection":[{"href":"https:\/\/porvoojazzfestival.com\/sv\/wp-json\/wp\/v2\/pages"}],"about":[{"href":"https:\/\/porvoojazzfestival.com\/sv\/wp-json\/wp\/v2\/types\/page"}],"author":[{"embeddable":true,"href":"https:\/\/porvoojazzfestival.com\/sv\/wp-json\/wp\/v2\/users\/12"}],"replies":[{"embeddable":true,"href":"https:\/\/porvoojazzfestival.com\/sv\/wp-json\/wp\/v2\/comments?post=11636"}],"version-history":[{"count":1,"href":"https:\/\/porvoojazzfestival.com\/sv\/wp-json\/wp\/v2\/pages\/11636\/revisions"}],"predecessor-version":[{"id":12910,"href":"https:\/\/porvoojazzfestival.com\/sv\/wp-json\/wp\/v2\/pages\/11636\/revisions\/12910"}],"wp:attachment":[{"href":"https:\/\/porvoojazzfestival.com\/sv\/wp-json\/wp\/v2\/media?parent=11636"}],"curies":[{"name":"wp","href":"https:\/\/api.w.org\/{rel}","templated":true}]}}