{"id":1126,"date":"2015-08-20T11:23:19","date_gmt":"2015-08-20T11:23:19","guid":{"rendered":"http:\/\/porvoojazzfestival.com\/press-info-2\/"},"modified":"2018-07-26T07:32:19","modified_gmt":"2018-07-26T07:32:19","slug":"press-info","status":"publish","type":"page","link":"https:\/\/porvoojazzfestival.com\/sv\/press-info\/","title":{"rendered":"Press Info"},"content":{"rendered":"<p>[et_pb_section fb_built=&#8221;1&#8243; _builder_version=&#8221;3.10.2&#8243; background_color=&#8221;#a8c9cc&#8221; top_divider_style=&#8221;asymmetric2&#8243; prev_background_color=&#8221;#ffffff&#8221;][et_pb_row _builder_version=&#8221;3.0.48&#8243; background_size=&#8221;initial&#8221; background_position=&#8221;top_left&#8221; background_repeat=&#8221;repeat&#8221;][et_pb_column type=&#8221;4_4&#8243; _builder_version=&#8221;3.0.47&#8243; parallax=&#8221;off&#8221; parallax_method=&#8221;on&#8221;][et_pb_text _builder_version=&#8221;3.10.2&#8243; background_size=&#8221;initial&#8221; background_position=&#8221;top_left&#8221; background_repeat=&#8221;repeat&#8221; background_layout=&#8221;dark&#8221; text_font=&#8221;||||||||&#8221; text_text_color=&#8221;#ffffff&#8221; custom_margin=&#8221;40px|||&#8221;]<\/p>\n<h1>VIIDES PORVOO JAZZ FESTIVAL JUHLISTAA 100-VUOTIASTA SUOMEA 15. &#8211; 17.9.2017<\/h1>\n<p>&nbsp;<\/p>\n<p>Viidett\u00e4 kertaa j\u00e4rjestett\u00e4v\u00e4 Porvoo Jazz\u00a0Festival juhlistaa satavuotiasta Suomea t\u00e4ll\u00e4 kertaa t\u00e4ysin kotimaisilla esiintyjill\u00e4.<\/p>\n<p>Hyv\u00e4ll\u00e4 maulla luotu festivaali tarjoilee t\u00e4m\u00e4n hetken ajankohtaisimpia ja mielenkiintoisimpia kotimaisen jazzin nimi\u00e4 perinteikk\u00e4\u00e4ss\u00e4 Kulttuuritalo Grandissa, urbaanilla Taidetehtaalla sek\u00e4 boheemin kodikkaassa Vanha Studio 123:ssa.<\/p>\n<p>Festivaalin avaa 15.9. Klo 19.00 Grandissa Jukka Perkon tuore projekti Tritone, joka on koottu Dizzy Gillespien syntym\u00e4n 100-vuotisjuhlan kunniaksi. Gillespie tarjosi aikanaan lent\u00e4v\u00e4n l\u00e4hd\u00f6n 19-vuotiaalle Perkolle pestaamalla h\u00e4net big bandinsa kiertueelle.<\/p>\n<p>Taidetehtaan konsertissa 16.9. Klo 19.00 kuullaan Tommy Lindgren Metropolista. Runsaasti kehuja ker\u00e4nnyt tuore suomenkielinen projekti paljastaa Don Johnson Big Bandista ja Ricky Tick Big Band &amp; Julkinen Sana-yhtyeest\u00e4 tunnetusta r\u00e4pp\u00e4rist\u00e4 uuden intiimimm\u00e4n tarinankertoja puolen. \u00a0<\/p>\n<p>Festivaalin syd\u00e4mess\u00e4, Vanha Studio 123:ssa, n\u00e4hd\u00e4\u00e4n tyylilt\u00e4\u00e4n laaja valikoima suomijazzin k\u00e4rke\u00e4. Perjantaina lavalle nousevat persoonallisesta laulutavastaan tunnettu ruotsalais-turkkilaistaustaine<wbr \/>n Anni Elif, menestyksekk\u00e4\u00e4n jazztrio Herdin s\u00e4estyksell\u00e4, sek\u00e4 uuden levyns\u00e4 Porvoossa julkaiseva Teemu Viinikainen Trio. Lauantaina Studion valtaavat my\u00f6s uuden levyn festivaalilla julkaiseva Raoul Bj\u00f6rkenheim eCsTaSy sek\u00e4 Verneri Pohjolan Pekka. Viime vuonna lanseeratun tavan mukaisesti esitykset alkavat saleissa klo 21 jolloin yleis\u00f6 jakautuu kahteen saliin. Tauon j\u00e4lkeen klo 22 b\u00e4ndit pysyv\u00e4t omissa saleissaan yleis\u00f6n vaihtaessa paikkaa.<\/p>\n<p>Festivaalin p\u00e4\u00e4tt\u00e4\u00e4 Brasserie L\u2019amourissa sunnuntaina 17.9. Klo 11.00 j\u00e4rjestett\u00e4v\u00e4 brunssikonsertti, jossa kuullaan jazz-laulaja Kadi Vijan ja jazzpianisti Artturi R\u00f6ng\u00e4n tulkitsemana Thelonius Monkia. My\u00f6s Monkin syntym\u00e4st\u00e4 tulee my\u00f6s kuluneeksi 100-vuotta.<\/p>\n<p>Musiikin lis\u00e4ksi festivaali haluaa tarjota erilaisia ruokael\u00e4myksi\u00e4. Niit\u00e4 t\u00e4ll\u00e4 kertaa tarjoilee maailmaa matkannut, syd\u00e4mi\u00e4 valloittanut Tuk Tuk Travellers, joka luo Vanhan Studion kolmossaliin Porvoo Jazz Festivaalille tyypillisen ainutlaatuisen tunnelman maukkaine maailmanmakuineen ja sirkusesityksineen.<\/p>\n<p>Lis\u00e4tiedot, haastattelut ja kuvapyynn\u00f6t (tiedote my\u00f6s pdf-liitteen\u00e4):<br \/>\nElina Brooks<br \/>\nPorvoo Jazz Festival, tuottaja<\/p>\n<p><span class=\"\" style=\"color: #b74e59;\"><a class=\"mailto-link\" href=\"mailto:elina@porvoojazzfestival.com\" target=\"_blank\" rel=\"noopener\" style=\"color: #b74e59;\">elina@porvoojazzfestival.com<\/a><\/p>\n<p>050 3683782<br \/>\n<span class=\"\" style=\"color: #b74e59;\"><a class=\"\" href=\"http:\/\/www.porvoojazzfestival.com\/\" target=\"_blank\" rel=\"noopener\" style=\"color: #b74e59;\">www.porvoojazzfestival.com<\/a><\/span><\/p>\n<p>-Porvoo Jazz Suomen sympaattisin jazzfestivaali-[\/et_pb_text][\/et_pb_column][\/et_pb_row][\/et_pb_section][et_pb_section fb_built=&#8221;1&#8243; custom_padding_last_edited=&#8221;on|desktop&#8221; admin_label=&#8221;section&#8221; _builder_version=&#8221;3.10.2&#8243; custom_padding_tablet=&#8221;50px|0|50px|0&#8243; bottom_divider_height=&#8221;186px&#8221; bottom_divider_flip=&#8221;vertical|horizontal&#8221; transparent_background=&#8221;off&#8221; top_divider_style=&#8221;asymmetric4&#8243; top_divider_flip=&#8221;vertical|horizontal&#8221; top_divider_height=&#8221;125px&#8221; custom_padding=&#8221;81px|0px|0|0px|false|false&#8221; prev_background_color=&#8221;#a8c9cc&#8221;][et_pb_row custom_padding=&#8221;0px||0||false|false&#8221; custom_margin=&#8221;|||&#8221; parallax_method_1=&#8221;off&#8221; padding_top_1=&#8221;0px&#8221; padding_bottom_1=&#8221;80px&#8221; _builder_version=&#8221;3.10.2&#8243; background_size=&#8221;initial&#8221; background_position=&#8221;top_left&#8221; background_repeat=&#8221;repeat&#8221;][et_pb_column type=&#8221;4_4&#8243; _builder_version=&#8221;3.0.47&#8243; padding_bottom=&#8221;80px&#8221; padding_top=&#8221;0px&#8221; parallax=&#8221;off&#8221; parallax_method=&#8221;off&#8221;][et_pb_button button_url=&#8221;https:\/\/porvoojazzfestival.com\/liput\/?lang=sv&#8221; button_text=&#8221;Liput&#8221; button_alignment=&#8221;center&#8221; admin_label=&#8221;ticket button&#8221; _builder_version=&#8221;3.10.2&#8243; custom_button=&#8221;on&#8221; button_bg_color=&#8221;#d34d59&#8243; button_text_color_hover=&#8221;#ffffff&#8221; button_bg_color_hover=&#8221;#a8c9cc&#8221; background_layout=&#8221;dark&#8221;][\/et_pb_button][\/et_pb_column][\/et_pb_row][\/et_pb_section]<\/p>\n","protected":false},"excerpt":{"rendered":"<p>VIIDES PORVOO JAZZ FESTIVAL JUHLISTAA 100-VUOTIASTA SUOMEA 15. &#8211; 17.9.2017 &nbsp; Viidett\u00e4 kertaa j\u00e4rjestett\u00e4v\u00e4 Porvoo Jazz\u00a0Festival juhlistaa satavuotiasta Suomea t\u00e4ll\u00e4 kertaa t\u00e4ysin kotimaisilla esiintyjill\u00e4. Hyv\u00e4ll\u00e4 maulla luotu festivaali tarjoilee t\u00e4m\u00e4n hetken ajankohtaisimpia ja mielenkiintoisimpia kotimaisen jazzin nimi\u00e4 perinteikk\u00e4\u00e4ss\u00e4 Kulttuuritalo Grandissa, urbaanilla Taidetehtaalla sek\u00e4 boheemin kodikkaassa Vanha Studio 123:ssa. Festivaalin avaa 15.9. Klo 19.00 Grandissa Jukka [&hellip;]<\/p>\n","protected":false},"author":1,"featured_media":0,"parent":0,"menu_order":0,"comment_status":"closed","ping_status":"closed","template":"","meta":{"_acf_changed":false,"_et_pb_use_builder":"on","_et_pb_old_content":"<p class=\"ox-fe14b9e78e-MsoNormal\"><span class=\"\">VIIDES PORVOO JAZZ FESTIVAL JUHLISTAA 100-VUOTIASTA SUOMEA 15. - 17.9.2017<\/span><\/p><p class=\"ox-fe14b9e78e-MsoNormal\"><span class=\"\">Viidett\u00e4 kertaa j\u00e4rjestett\u00e4v\u00e4 Porvoo Jazz\u00a0<\/span><span class=\"\">Festival juhlistaa satavuotiasta Suomea t\u00e4ll\u00e4 kertaa t\u00e4ysin kotimaisilla esiintyjill\u00e4.\u00a0<\/span><span class=\"\">Hyv\u00e4ll\u00e4 maulla luotu festivaali tarjoilee t\u00e4m\u00e4n hetken ajankohtaisimpia ja mielenkiintoisimpia kotimaisen jazzin nimi\u00e4 perinteikk\u00e4\u00e4ss\u00e4 Kulttuuritalo Grandissa, urbaanilla Taidetehtaalla sek\u00e4 boheemin kodikkaassa Vanha Studio 123:ssa.<\/span><\/p><p class=\"ox-fe14b9e78e-MsoNormal\"><span class=\"\">Festivaalin avaa 15.9. Klo 19.00 Grandissa Jukka Perkon tuore projekti Tritone, joka on koottu Dizzy Gillespien syntym\u00e4n 100-vuotisjuhlan kunniaksi. Gillespie tarjosi aikanaan lent\u00e4v\u00e4n l\u00e4hd\u00f6n 19-vuotiaalle Perkolle pestaamalla h\u00e4net big bandinsa kiertueelle.<\/span><\/p><p class=\"ox-fe14b9e78e-MsoNormal\"><span class=\"\">Taidetehtaan konsertissa 16.9. Klo 19.00 kuullaan Tommy Lindgren Metropolista. Runsaasti kehuja ker\u00e4nnyt tuore suomenkielinen projekti paljastaa Don Johnson Big Bandista ja Ricky Tick Big Band & Julkinen Sana-yhtyeest\u00e4 tunnetusta r\u00e4pp\u00e4rist\u00e4 uuden intiimimm\u00e4n tarinankertoja puolen. \u00a0<\/span><\/p><p class=\"ox-fe14b9e78e-MsoNormal\"><span class=\"\">Festivaalin syd\u00e4mess\u00e4, Vanha Studio 123:ssa, n\u00e4hd\u00e4\u00e4n tyylilt\u00e4\u00e4n laaja valikoima suomijazzin k\u00e4rke\u00e4. Perjantaina lavalle nousevat persoonallisesta laulutavastaan tunnettu ruotsalais-turkkilaistaustaine<wbr \/>n Anni Elif, menestyksekk\u00e4\u00e4n jazztrio Herdin s\u00e4estyksell\u00e4, sek\u00e4 uuden levyns\u00e4 Porvoossa julkaiseva Teemu Viinikainen Trio. Lauantaina Studion valtaavat my\u00f6s uuden levyn festivaalilla julkaiseva Raoul Bj\u00f6rkenheim eCsTaSy sek\u00e4 Verneri Pohjolan Pekka. Viime vuonna lanseeratun tavan mukaisesti esitykset alkavat saleissa klo 21 jolloin yleis\u00f6 jakautuu kahteen saliin. Tauon j\u00e4lkeen klo 22 b\u00e4ndit pysyv\u00e4t omissa saleissaan yleis\u00f6n vaihtaessa paikkaa.<\/span><\/p><p class=\"ox-fe14b9e78e-MsoNormal\"><span class=\"\">Festivaalin p\u00e4\u00e4tt\u00e4\u00e4 Brasserie L\u2019amourissa sunnuntaina 17.9. Klo 11.00 j\u00e4rjestett\u00e4v\u00e4 brunssikonsertti, jossa kuullaan jazz-laulaja Kadi Vijan ja jazzpianisti Artturi R\u00f6ng\u00e4n tulkitsemana Thelonius Monkia. My\u00f6s Monkin syntym\u00e4st\u00e4 tulee my\u00f6s kuluneeksi 100-vuotta.<\/span><\/p><p class=\"ox-fe14b9e78e-MsoNormal\"><span class=\"\">Musiikin lis\u00e4ksi festivaali haluaa tarjota erilaisia ruokael\u00e4myksi\u00e4. Niit\u00e4 t\u00e4ll\u00e4 kertaa tarjoilee maailmaa matkannut, syd\u00e4mi\u00e4 valloittanut Tuk Tuk Travellers, joka luo Vanhan Studion kolmossaliin Porvoo Jazz Festivaalille tyypillisen ainutlaatuisen tunnelman maukkaine maailmanmakuineen ja sirkusesityksineen.<\/span><\/p><p class=\"ox-fe14b9e78e-MsoNormal\"><span class=\"\">Lis\u00e4tiedot, haastattelut ja kuvapyynn\u00f6t (tiedote my\u00f6s pdf-liitteen\u00e4):<\/span><\/p><p class=\"ox-fe14b9e78e-MsoNormal\"><span class=\"\">Elina Brooks<\/span><\/p><p class=\"ox-fe14b9e78e-MsoNormal\"><span class=\"\">Porvoo Jazz Festival, tuottaja<\/span><\/p><p class=\"ox-fe14b9e78e-MsoNormal\"><span class=\"\"><a class=\"mailto-link\" href=\"mailto:elina@porvoojazzfestival.com\" target=\"_blank\" rel=\"noopener\">elina@porvoojazzfestival.com<\/a><\/span><\/p><p class=\"ox-fe14b9e78e-MsoNormal\"><span class=\"\">050 3683782<\/span><\/p><p class=\"ox-fe14b9e78e-MsoNormal\"><span class=\"\"><a class=\"\" href=\"http:\/\/www.porvoojazzfestival.com\/\" target=\"_blank\" rel=\"noopener\">www.porvoojazzfestival.com<\/a><\/span><\/p><p class=\"ox-fe14b9e78e-MsoNormal\"><span class=\"\">\u00a0<\/span><i class=\"\"><span class=\"\">\u00a0<\/span><\/i><\/p><p class=\"ox-fe14b9e78e-MsoNormal\"><i class=\"\"><span class=\"\">-Porvoo Jazz Suomen sympaattisin jazzfestivaali-<\/span><\/i><\/p>","_et_gb_content_width":"","footnotes":""},"class_list":["post-1126","page","type-page","status-publish","hentry"],"acf":[],"yoast_head":"<!-- This site is optimized with the Yoast SEO plugin v27.3 - https:\/\/yoast.com\/product\/yoast-seo-wordpress\/ -->\n<title>Press Info - Porvoo Jazz Festival<\/title>\n<meta name=\"robots\" content=\"index, follow, max-snippet:-1, max-image-preview:large, max-video-preview:-1\" \/>\n<link rel=\"canonical\" href=\"https:\/\/porvoojazzfestival.com\/sv\/press-info\/\" \/>\n<meta property=\"og:locale\" content=\"sv_SE\" \/>\n<meta property=\"og:type\" content=\"article\" \/>\n<meta property=\"og:title\" content=\"Press Info - Porvoo Jazz Festival\" \/>\n<meta property=\"og:description\" content=\"VIIDES PORVOO JAZZ FESTIVAL JUHLISTAA 100-VUOTIASTA SUOMEA 15. - 17.9.2017 &nbsp; Viidett\u00e4 kertaa j\u00e4rjestett\u00e4v\u00e4 Porvoo Jazz\u00a0Festival juhlistaa satavuotiasta Suomea t\u00e4ll\u00e4 kertaa t\u00e4ysin kotimaisilla esiintyjill\u00e4. Hyv\u00e4ll\u00e4 maulla luotu festivaali tarjoilee t\u00e4m\u00e4n hetken ajankohtaisimpia ja mielenkiintoisimpia kotimaisen jazzin nimi\u00e4 perinteikk\u00e4\u00e4ss\u00e4 Kulttuuritalo Grandissa, urbaanilla Taidetehtaalla sek\u00e4 boheemin kodikkaassa Vanha Studio 123:ssa. Festivaalin avaa 15.9. Klo 19.00 Grandissa Jukka [&hellip;]\" \/>\n<meta property=\"og:url\" content=\"https:\/\/porvoojazzfestival.com\/sv\/press-info\/\" \/>\n<meta property=\"og:site_name\" content=\"Porvoo Jazz Festival\" \/>\n<meta property=\"article:publisher\" content=\"https:\/\/www.facebook.com\/PorvooJazzFestival\/\" \/>\n<meta property=\"article:modified_time\" content=\"2018-07-26T07:32:19+00:00\" \/>\n<meta property=\"og:image\" content=\"https:\/\/porvoojazzfestival.com\/wp-content\/uploads\/2025\/04\/PorvooJazzFest.jpg\" \/>\n\t<meta property=\"og:image:width\" content=\"1280\" \/>\n\t<meta property=\"og:image:height\" content=\"670\" \/>\n\t<meta property=\"og:image:type\" content=\"image\/jpeg\" \/>\n<meta name=\"twitter:card\" content=\"summary_large_image\" \/>\n<meta name=\"twitter:site\" content=\"@porvoojazzfest\" \/>\n<meta name=\"twitter:label1\" content=\"Ber\u00e4knad l\u00e4stid\" \/>\n\t<meta name=\"twitter:data1\" content=\"3 minuter\" \/>\n<script type=\"application\/ld+json\" class=\"yoast-schema-graph\">{\"@context\":\"https:\\\/\\\/schema.org\",\"@graph\":[{\"@type\":\"WebPage\",\"@id\":\"https:\\\/\\\/porvoojazzfestival.com\\\/sv\\\/press-info\\\/\",\"url\":\"https:\\\/\\\/porvoojazzfestival.com\\\/sv\\\/press-info\\\/\",\"name\":\"Press Info - Porvoo Jazz Festival\",\"isPartOf\":{\"@id\":\"https:\\\/\\\/porvoojazzfestival.com\\\/sv\\\/#website\"},\"datePublished\":\"2015-08-20T11:23:19+00:00\",\"dateModified\":\"2018-07-26T07:32:19+00:00\",\"breadcrumb\":{\"@id\":\"https:\\\/\\\/porvoojazzfestival.com\\\/sv\\\/press-info\\\/#breadcrumb\"},\"inLanguage\":\"sv-SE\",\"potentialAction\":[{\"@type\":\"ReadAction\",\"target\":[\"https:\\\/\\\/porvoojazzfestival.com\\\/sv\\\/press-info\\\/\"]}]},{\"@type\":\"BreadcrumbList\",\"@id\":\"https:\\\/\\\/porvoojazzfestival.com\\\/sv\\\/press-info\\\/#breadcrumb\",\"itemListElement\":[{\"@type\":\"ListItem\",\"position\":1,\"name\":\"Home\",\"item\":\"https:\\\/\\\/porvoojazzfestival.com\\\/sv\\\/\"},{\"@type\":\"ListItem\",\"position\":2,\"name\":\"Press Info\"}]},{\"@type\":\"WebSite\",\"@id\":\"https:\\\/\\\/porvoojazzfestival.com\\\/sv\\\/#website\",\"url\":\"https:\\\/\\\/porvoojazzfestival.com\\\/sv\\\/\",\"name\":\"Porvoo Jazz Festival\",\"description\":\"The Cosy Jazz Fest\",\"publisher\":{\"@id\":\"https:\\\/\\\/porvoojazzfestival.com\\\/sv\\\/#organization\"},\"potentialAction\":[{\"@type\":\"SearchAction\",\"target\":{\"@type\":\"EntryPoint\",\"urlTemplate\":\"https:\\\/\\\/porvoojazzfestival.com\\\/sv\\\/?s={search_term_string}\"},\"query-input\":{\"@type\":\"PropertyValueSpecification\",\"valueRequired\":true,\"valueName\":\"search_term_string\"}}],\"inLanguage\":\"sv-SE\"},{\"@type\":\"Organization\",\"@id\":\"https:\\\/\\\/porvoojazzfestival.com\\\/sv\\\/#organization\",\"name\":\"Porvoo Jazz Festival\",\"url\":\"https:\\\/\\\/porvoojazzfestival.com\\\/sv\\\/\",\"logo\":{\"@type\":\"ImageObject\",\"inLanguage\":\"sv-SE\",\"@id\":\"https:\\\/\\\/porvoojazzfestival.com\\\/sv\\\/#\\\/schema\\\/logo\\\/image\\\/\",\"url\":\"https:\\\/\\\/porvoojazzfestival.com\\\/wp-content\\\/uploads\\\/2025\\\/01\\\/cropped-Porvoo-Jazz-Festival-Favicon.png\",\"contentUrl\":\"https:\\\/\\\/porvoojazzfestival.com\\\/wp-content\\\/uploads\\\/2025\\\/01\\\/cropped-Porvoo-Jazz-Festival-Favicon.png\",\"width\":512,\"height\":512,\"caption\":\"Porvoo Jazz Festival\"},\"image\":{\"@id\":\"https:\\\/\\\/porvoojazzfestival.com\\\/sv\\\/#\\\/schema\\\/logo\\\/image\\\/\"},\"sameAs\":[\"https:\\\/\\\/www.facebook.com\\\/PorvooJazzFestival\\\/\",\"https:\\\/\\\/x.com\\\/porvoojazzfest\"]}]}<\/script>\n<!-- \/ Yoast SEO plugin. -->","yoast_head_json":{"title":"Press Info - Porvoo Jazz Festival","robots":{"index":"index","follow":"follow","max-snippet":"max-snippet:-1","max-image-preview":"max-image-preview:large","max-video-preview":"max-video-preview:-1"},"canonical":"https:\/\/porvoojazzfestival.com\/sv\/press-info\/","og_locale":"sv_SE","og_type":"article","og_title":"Press Info - Porvoo Jazz Festival","og_description":"VIIDES PORVOO JAZZ FESTIVAL JUHLISTAA 100-VUOTIASTA SUOMEA 15. - 17.9.2017 &nbsp; Viidett\u00e4 kertaa j\u00e4rjestett\u00e4v\u00e4 Porvoo Jazz\u00a0Festival juhlistaa satavuotiasta Suomea t\u00e4ll\u00e4 kertaa t\u00e4ysin kotimaisilla esiintyjill\u00e4. Hyv\u00e4ll\u00e4 maulla luotu festivaali tarjoilee t\u00e4m\u00e4n hetken ajankohtaisimpia ja mielenkiintoisimpia kotimaisen jazzin nimi\u00e4 perinteikk\u00e4\u00e4ss\u00e4 Kulttuuritalo Grandissa, urbaanilla Taidetehtaalla sek\u00e4 boheemin kodikkaassa Vanha Studio 123:ssa. Festivaalin avaa 15.9. Klo 19.00 Grandissa Jukka [&hellip;]","og_url":"https:\/\/porvoojazzfestival.com\/sv\/press-info\/","og_site_name":"Porvoo Jazz Festival","article_publisher":"https:\/\/www.facebook.com\/PorvooJazzFestival\/","article_modified_time":"2018-07-26T07:32:19+00:00","og_image":[{"width":1280,"height":670,"url":"https:\/\/porvoojazzfestival.com\/wp-content\/uploads\/2025\/04\/PorvooJazzFest.jpg","type":"image\/jpeg"}],"twitter_card":"summary_large_image","twitter_site":"@porvoojazzfest","twitter_misc":{"Ber\u00e4knad l\u00e4stid":"3 minuter"},"schema":{"@context":"https:\/\/schema.org","@graph":[{"@type":"WebPage","@id":"https:\/\/porvoojazzfestival.com\/sv\/press-info\/","url":"https:\/\/porvoojazzfestival.com\/sv\/press-info\/","name":"Press Info - Porvoo Jazz Festival","isPartOf":{"@id":"https:\/\/porvoojazzfestival.com\/sv\/#website"},"datePublished":"2015-08-20T11:23:19+00:00","dateModified":"2018-07-26T07:32:19+00:00","breadcrumb":{"@id":"https:\/\/porvoojazzfestival.com\/sv\/press-info\/#breadcrumb"},"inLanguage":"sv-SE","potentialAction":[{"@type":"ReadAction","target":["https:\/\/porvoojazzfestival.com\/sv\/press-info\/"]}]},{"@type":"BreadcrumbList","@id":"https:\/\/porvoojazzfestival.com\/sv\/press-info\/#breadcrumb","itemListElement":[{"@type":"ListItem","position":1,"name":"Home","item":"https:\/\/porvoojazzfestival.com\/sv\/"},{"@type":"ListItem","position":2,"name":"Press Info"}]},{"@type":"WebSite","@id":"https:\/\/porvoojazzfestival.com\/sv\/#website","url":"https:\/\/porvoojazzfestival.com\/sv\/","name":"Porvoo Jazz Festival","description":"The Cosy Jazz Fest","publisher":{"@id":"https:\/\/porvoojazzfestival.com\/sv\/#organization"},"potentialAction":[{"@type":"SearchAction","target":{"@type":"EntryPoint","urlTemplate":"https:\/\/porvoojazzfestival.com\/sv\/?s={search_term_string}"},"query-input":{"@type":"PropertyValueSpecification","valueRequired":true,"valueName":"search_term_string"}}],"inLanguage":"sv-SE"},{"@type":"Organization","@id":"https:\/\/porvoojazzfestival.com\/sv\/#organization","name":"Porvoo Jazz Festival","url":"https:\/\/porvoojazzfestival.com\/sv\/","logo":{"@type":"ImageObject","inLanguage":"sv-SE","@id":"https:\/\/porvoojazzfestival.com\/sv\/#\/schema\/logo\/image\/","url":"https:\/\/porvoojazzfestival.com\/wp-content\/uploads\/2025\/01\/cropped-Porvoo-Jazz-Festival-Favicon.png","contentUrl":"https:\/\/porvoojazzfestival.com\/wp-content\/uploads\/2025\/01\/cropped-Porvoo-Jazz-Festival-Favicon.png","width":512,"height":512,"caption":"Porvoo Jazz Festival"},"image":{"@id":"https:\/\/porvoojazzfestival.com\/sv\/#\/schema\/logo\/image\/"},"sameAs":["https:\/\/www.facebook.com\/PorvooJazzFestival\/","https:\/\/x.com\/porvoojazzfest"]}]}},"_links":{"self":[{"href":"https:\/\/porvoojazzfestival.com\/sv\/wp-json\/wp\/v2\/pages\/1126","targetHints":{"allow":["GET"]}}],"collection":[{"href":"https:\/\/porvoojazzfestival.com\/sv\/wp-json\/wp\/v2\/pages"}],"about":[{"href":"https:\/\/porvoojazzfestival.com\/sv\/wp-json\/wp\/v2\/types\/page"}],"author":[{"embeddable":true,"href":"https:\/\/porvoojazzfestival.com\/sv\/wp-json\/wp\/v2\/users\/1"}],"replies":[{"embeddable":true,"href":"https:\/\/porvoojazzfestival.com\/sv\/wp-json\/wp\/v2\/comments?post=1126"}],"version-history":[{"count":0,"href":"https:\/\/porvoojazzfestival.com\/sv\/wp-json\/wp\/v2\/pages\/1126\/revisions"}],"wp:attachment":[{"href":"https:\/\/porvoojazzfestival.com\/sv\/wp-json\/wp\/v2\/media?parent=1126"}],"curies":[{"name":"wp","href":"https:\/\/api.w.org\/{rel}","templated":true}]}}