{"id":7827,"date":"2022-08-29T18:27:56","date_gmt":"2022-08-29T15:27:56","guid":{"rendered":"https:\/\/porvoojazzfestival.com\/kumppanit-2\/"},"modified":"2022-09-09T19:04:48","modified_gmt":"2022-09-09T16:04:48","slug":"matxjazz","status":"publish","type":"page","link":"https:\/\/porvoojazzfestival.com\/en\/matxjazz\/","title":{"rendered":"MAT X JAZZ"},"content":{"rendered":"<p>[et_pb_section fb_built=&#8221;1&#8243; admin_label=&#8221;Header&#8221; _builder_version=&#8221;4.18.0&#8243; background_enable_color=&#8221;off&#8221; background_image=&#8221;https:\/\/porvoojazzfestival.com\/wp-content\/uploads\/2022\/08\/Kopio-Porvoo-Jazz-FB-1640x924px-1920-x-650-px.jpg&#8221; background_size=&#8221;contain&#8221; background_position=&#8221;center_right&#8221; custom_padding=&#8221;14vw||14vw||true|&#8221; bottom_divider_height=&#8221;142px&#8221; bottom_divider_flip=&#8221;vertical&#8221; bottom_divider_height_tablet=&#8221;52px&#8221; bottom_divider_height_phone=&#8221;36px&#8221; bottom_divider_height_last_edited=&#8221;on|phone&#8221; da_disable_devices=&#8221;off|off|off&#8221; global_colors_info=&#8221;{}&#8221; da_is_popup=&#8221;off&#8221; da_exit_intent=&#8221;off&#8221; da_has_close=&#8221;on&#8221; da_alt_close=&#8221;off&#8221; da_dark_close=&#8221;off&#8221; da_not_modal=&#8221;on&#8221; da_is_singular=&#8221;off&#8221; da_with_loader=&#8221;off&#8221; da_has_shadow=&#8221;on&#8221;][et_pb_row _builder_version=&#8221;4.16&#8243; max_width=&#8221;none&#8221; custom_padding=&#8221;0px||0px||true|&#8221; locked=&#8221;off&#8221; global_colors_info=&#8221;{}&#8221;][et_pb_column type=&#8221;4_4&#8243; _builder_version=&#8221;4.16&#8243; global_colors_info=&#8221;{}&#8221;][et_pb_text _builder_version=&#8221;4.17.4&#8243; _dynamic_attributes=&#8221;content&#8221; text_font=&#8221;Optional Heavy|300||on|||||&#8221; text_text_color=&#8221;#000000&#8243; text_font_size=&#8221;60px&#8221; header_font=&#8221;Lato|300||on|||||&#8221; header_text_align=&#8221;left&#8221; header_font_size=&#8221;2vw&#8221; header_letter_spacing=&#8221;0.2em&#8221; header_line_height=&#8221;1.3em&#8221; background_layout=&#8221;dark&#8221; custom_padding=&#8221;|30vw|||false|false&#8221; text_font_size_tablet=&#8221;&#8221; text_font_size_phone=&#8221;24px&#8221; text_font_size_last_edited=&#8221;on|phone&#8221; header_font_size_tablet=&#8221;&#8221; header_font_size_phone=&#8221;36px&#8221; header_font_size_last_edited=&#8221;on|desktop&#8221; header_letter_spacing_tablet=&#8221;&#8221; header_letter_spacing_phone=&#8221;0em&#8221; header_letter_spacing_last_edited=&#8221;on|desktop&#8221; header_text_shadow_style=&#8221;preset3&#8243; header_text_shadow_vertical_length=&#8221;-0.03em&#8221; header_text_shadow_blur_strength=&#8221;0.15em&#8221; text_text_align=&#8221;center&#8221; global_colors_info=&#8221;{}&#8221;]@ET-DC@eyJkeW5hbWljIjp0cnVlLCJjb250ZW50IjoicG9zdF90aXRsZSIsInNldHRpbmdzIjp7ImJlZm9yZSI6IiIsImFmdGVyIjoiIn19@[\/et_pb_text][\/et_pb_column][\/et_pb_row][\/et_pb_section][et_pb_section fb_built=&#8221;1&#8243; fullwidth=&#8221;on&#8221; _builder_version=&#8221;4.18.0&#8243; _module_preset=&#8221;default&#8221; da_disable_devices=&#8221;off|off|off&#8221; global_colors_info=&#8221;{}&#8221; da_is_popup=&#8221;off&#8221; da_exit_intent=&#8221;off&#8221; da_has_close=&#8221;on&#8221; da_alt_close=&#8221;off&#8221; da_dark_close=&#8221;off&#8221; da_not_modal=&#8221;on&#8221; da_is_singular=&#8221;off&#8221; da_with_loader=&#8221;off&#8221; da_has_shadow=&#8221;on&#8221;][et_pb_fullwidth_header title=&#8221;RAVINTOLATAPAHTUMA MAT X JAZZ&#8221; subhead=&#8221;PORVOON VANHA RAUTATIEASEMA&#8221; button_one_text=&#8221;FACEBOOK EVENT &#8221; button_one_url=&#8221;https:\/\/www.facebook.com\/events\/1420616571757099&#8243; _builder_version=&#8221;4.18.0&#8243; _module_preset=&#8221;default&#8221; link_option_url_new_window=&#8221;on&#8221; hover_enabled=&#8221;0&#8243; global_colors_info=&#8221;{}&#8221; sticky_enabled=&#8221;0&#8243;]<\/p>\n<p><span style=\"font-weight: 400;\">MAT x JAZZ <\/span><span style=\"font-weight: 400;\">tapahtuma ker\u00e4\u00e4 yhteen liudan ravintola-alan huipputekij\u00f6it\u00e4 Porvoon Vanhan Rautatieaseman historiallisille veturitalleille Tornitalliin. Porvoo Jazz Festival ja Aatos Cafen yritt\u00e4j\u00e4t P\u00e4ivi Karjala ja Niko lehto ovat kutsuneet paikalle ravintola-alan huippuja juhlistamaan Jazz Festivalin 10 vuotista taivalta.<\/span><\/p>\n<p>&nbsp;<\/p>\n<p><span style=\"font-weight: 400;\">Veturitalleilla p\u00e4\u00e4see nyt rennon jazz musiikin lis\u00e4ksi nauttimaan my\u00f6s hyv\u00e4st\u00e4 ruoasta, juomasta ja mahtavasta tunnelmasta. Tarjolla on nelj\u00e4n huippukokin suunnittelemia maisteluannoksia, laadukkaita viinej\u00e4 sek\u00e4 paikallista panimotarjontaa.\u00a0<\/span><\/p>\n<p>&nbsp;<\/p>\n<p><span style=\"font-weight: 400;\">Niko Lehdon lis\u00e4ksi vierailevina keitti\u00f6mestareina n\u00e4hd\u00e4\u00e4n porvoolaiset Kai Kallio (Bistro Sinne) ja Oskar Kotka (Ravintola V\u00c5R) sek\u00e4 Loviisan ylpeys Kristian Vuoj\u00e4rvi (W30\/ KV Restaurants).<\/span><\/p>\n<p><span style=\"font-weight: 400;\">Paikallisten pientuottajien raaka-aineista tehdyt 10 euron maisteluannokset kuvastavat mestarin lis\u00e4ksi t\u00e4m\u00e4n n\u00e4kemyst\u00e4 paikallisesta gastronomiasta.\u00a0<\/span><\/p>\n<p>&nbsp;<\/p>\n<p><span style=\"font-weight: 400;\">MAT X JAZZ RAVINTOLATAPAHTUMAN ANNOKSET SAATAVILLA ALKAEN TUNTIA ENNEN VETURITALLIN KONSERTTEJA:<\/span><\/p>\n<p><span style=\"font-weight: 400;\">Pe 17-22.30<\/span><\/p>\n<p><span style=\"font-weight: 400;\">LA 15-22.30<\/span><\/p>\n<p><span style=\"font-weight: 400;\">Su 12-15.30\u00a0<\/span><\/p>\n<p>&nbsp;<\/p>\n<p>[\/et_pb_fullwidth_header][\/et_pb_section][et_pb_section fb_built=&#8221;1&#8243; custom_padding_last_edited=&#8221;on|desktop&#8221; admin_label=&#8221;section&#8221; _builder_version=&#8221;4.16&#8243; background_color=&#8221;#A5B9E6&#8243; parallax=&#8221;on&#8221; custom_margin=&#8221;0px||0px|||&#8221; custom_padding=&#8221;60px||128px||false|false&#8221; custom_padding_tablet=&#8221;20px||98px||false|false&#8221; custom_padding_phone=&#8221;8px||56px||false|false&#8221; top_divider_height=&#8221;246px&#8221; bottom_divider_color=&#8221;#60A7B1&#8243; bottom_divider_height=&#8221;136px&#8221; bottom_divider_flip=&#8221;horizontal&#8221; bottom_divider_style_tablet=&#8221;&#8221; bottom_divider_style_phone=&#8221;&#8221; bottom_divider_style_last_edited=&#8221;on|phone&#8221; bottom_divider_height_tablet=&#8221;90px&#8221; bottom_divider_height_phone=&#8221;39px&#8221; bottom_divider_height_last_edited=&#8221;on|phone&#8221; da_disable_devices=&#8221;off|off|off&#8221; global_colors_info=&#8221;{}&#8221; da_is_popup=&#8221;off&#8221; da_exit_intent=&#8221;off&#8221; da_has_close=&#8221;on&#8221; da_alt_close=&#8221;off&#8221; da_dark_close=&#8221;off&#8221; da_not_modal=&#8221;on&#8221; da_is_singular=&#8221;off&#8221; da_with_loader=&#8221;off&#8221; da_has_shadow=&#8221;on&#8221;][\/et_pb_section][et_pb_section fb_built=&#8221;1&#8243; admin_label=&#8221;section&#8221; _builder_version=&#8221;4.16&#8243; background_color=&#8221;#B8331F&#8221; background_color_gradient_direction=&#8221;360deg&#8221; background_enable_image=&#8221;off&#8221; custom_padding=&#8221;||230px|||&#8221; da_disable_devices=&#8221;off|off|off&#8221; transparent_background=&#8221;off&#8221; global_colors_info=&#8221;{}&#8221; da_is_popup=&#8221;off&#8221; da_exit_intent=&#8221;off&#8221; da_has_close=&#8221;on&#8221; da_alt_close=&#8221;off&#8221; da_dark_close=&#8221;off&#8221; da_not_modal=&#8221;on&#8221; da_is_singular=&#8221;off&#8221; da_with_loader=&#8221;off&#8221; da_has_shadow=&#8221;on&#8221;][et_pb_row column_structure=&#8221;1_4,1_2,1_4&#8243; admin_label=&#8221;row&#8221; _builder_version=&#8221;4.16&#8243; background_size=&#8221;initial&#8221; background_position=&#8221;top_left&#8221; background_repeat=&#8221;repeat&#8221; custom_padding=&#8221;||0px|||&#8221; global_colors_info=&#8221;{}&#8221;][et_pb_column type=&#8221;1_4&#8243; _builder_version=&#8221;4.16&#8243; custom_padding=&#8221;|||&#8221; global_colors_info=&#8221;{}&#8221; custom_padding__hover=&#8221;|||&#8221;][\/et_pb_column][et_pb_column type=&#8221;1_2&#8243; _builder_version=&#8221;4.16&#8243; custom_padding=&#8221;|||&#8221; global_colors_info=&#8221;{}&#8221; custom_padding__hover=&#8221;|||&#8221;][et_pb_text admin_label=&#8221;intro text&#8221; _builder_version=&#8221;4.17.4&#8243; text_font=&#8221;Optional Heavy||||||||&#8221; text_font_size=&#8221;20px&#8221; text_line_height=&#8221;1.6em&#8221; link_text_color=&#8221;#FCE754&#8243; background_size=&#8221;initial&#8221; background_position=&#8221;top_left&#8221; background_repeat=&#8221;repeat&#8221; text_orientation=&#8221;center&#8221; background_layout=&#8221;dark&#8221; module_alignment=&#8221;center&#8221; border_style=&#8221;solid&#8221; global_colors_info=&#8221;{}&#8221;]<\/p>\n<p><span style=\"font-weight: 400;\">Jos olet kiinnostunut yhteisty\u00f6st\u00e4, ole rohkeasti yhteydess\u00e4 meihin! Olemme avoimia monenlaiseen yhteisty\u00f6h\u00f6n: <a href=\"mailto:elina@porvoojazzfestival.com\">elina@porvoojazzfestival.com<\/a><\/span><\/p>\n<p>[\/et_pb_text][\/et_pb_column][et_pb_column type=&#8221;1_4&#8243; _builder_version=&#8221;4.16&#8243; custom_padding=&#8221;|||&#8221; global_colors_info=&#8221;{}&#8221; custom_padding__hover=&#8221;|||&#8221;][\/et_pb_column][\/et_pb_row][\/et_pb_section]<\/p>\n","protected":false},"excerpt":{"rendered":"<p>MAT x JAZZ tapahtuma ker\u00e4\u00e4 yhteen liudan ravintola-alan huipputekij\u00f6it\u00e4 Porvoon Vanhan Rautatieaseman historiallisille veturitalleille Tornitalliin. Porvoo Jazz Festival ja Aatos Cafen yritt\u00e4j\u00e4t P\u00e4ivi Karjala ja Niko lehto ovat kutsuneet paikalle ravintola-alan huippuja juhlistamaan Jazz Festivalin 10 vuotista taivalta. &nbsp; Veturitalleilla p\u00e4\u00e4see nyt rennon jazz musiikin lis\u00e4ksi nauttimaan my\u00f6s hyv\u00e4st\u00e4 ruoasta, juomasta ja mahtavasta tunnelmasta. Tarjolla [&hellip;]<\/p>\n","protected":false},"author":4,"featured_media":7833,"parent":0,"menu_order":0,"comment_status":"closed","ping_status":"closed","template":"","meta":{"_acf_changed":false,"_et_pb_use_builder":"on","_et_pb_old_content":"","_et_gb_content_width":"","footnotes":""},"class_list":["post-7827","page","type-page","status-publish","has-post-thumbnail","hentry"],"acf":[],"yoast_head":"<!-- This site is optimized with the Yoast SEO plugin v27.3 - https:\/\/yoast.com\/product\/yoast-seo-wordpress\/ -->\n<title>MAT X JAZZ - Porvoo Jazz Festival<\/title>\n<meta name=\"robots\" content=\"index, follow, max-snippet:-1, max-image-preview:large, max-video-preview:-1\" \/>\n<link rel=\"canonical\" href=\"https:\/\/porvoojazzfestival.com\/en\/matxjazz\/\" \/>\n<meta property=\"og:locale\" content=\"en_US\" \/>\n<meta property=\"og:type\" content=\"article\" \/>\n<meta property=\"og:title\" content=\"MAT X JAZZ - Porvoo Jazz Festival\" \/>\n<meta property=\"og:description\" content=\"MAT x JAZZ tapahtuma ker\u00e4\u00e4 yhteen liudan ravintola-alan huipputekij\u00f6it\u00e4 Porvoon Vanhan Rautatieaseman historiallisille veturitalleille Tornitalliin. Porvoo Jazz Festival ja Aatos Cafen yritt\u00e4j\u00e4t P\u00e4ivi Karjala ja Niko lehto ovat kutsuneet paikalle ravintola-alan huippuja juhlistamaan Jazz Festivalin 10 vuotista taivalta. &nbsp; Veturitalleilla p\u00e4\u00e4see nyt rennon jazz musiikin lis\u00e4ksi nauttimaan my\u00f6s hyv\u00e4st\u00e4 ruoasta, juomasta ja mahtavasta tunnelmasta. Tarjolla [&hellip;]\" \/>\n<meta property=\"og:url\" content=\"https:\/\/porvoojazzfestival.com\/en\/matxjazz\/\" \/>\n<meta property=\"og:site_name\" content=\"Porvoo Jazz Festival\" \/>\n<meta property=\"article:publisher\" content=\"https:\/\/www.facebook.com\/PorvooJazzFestival\/\" \/>\n<meta property=\"article:modified_time\" content=\"2022-09-09T16:04:48+00:00\" \/>\n<meta property=\"og:image\" content=\"https:\/\/porvoojazzfestival.com\/wp-content\/uploads\/2022\/08\/VAAKA-TRYGVE.jpg\" \/>\n\t<meta property=\"og:image:width\" content=\"1920\" \/>\n\t<meta property=\"og:image:height\" content=\"1080\" \/>\n\t<meta property=\"og:image:type\" content=\"image\/jpeg\" \/>\n<meta name=\"twitter:card\" content=\"summary_large_image\" \/>\n<meta name=\"twitter:site\" content=\"@porvoojazzfest\" \/>\n<meta name=\"twitter:label1\" content=\"Est. reading time\" \/>\n\t<meta name=\"twitter:data1\" content=\"5 minutes\" \/>\n<script type=\"application\/ld+json\" class=\"yoast-schema-graph\">{\"@context\":\"https:\\\/\\\/schema.org\",\"@graph\":[{\"@type\":\"WebPage\",\"@id\":\"https:\\\/\\\/porvoojazzfestival.com\\\/en\\\/matxjazz\\\/\",\"url\":\"https:\\\/\\\/porvoojazzfestival.com\\\/en\\\/matxjazz\\\/\",\"name\":\"MAT X JAZZ - Porvoo Jazz Festival\",\"isPartOf\":{\"@id\":\"https:\\\/\\\/porvoojazzfestival.com\\\/en\\\/#website\"},\"primaryImageOfPage\":{\"@id\":\"https:\\\/\\\/porvoojazzfestival.com\\\/en\\\/matxjazz\\\/#primaryimage\"},\"image\":{\"@id\":\"https:\\\/\\\/porvoojazzfestival.com\\\/en\\\/matxjazz\\\/#primaryimage\"},\"thumbnailUrl\":\"https:\\\/\\\/porvoojazzfestival.com\\\/wp-content\\\/uploads\\\/2022\\\/08\\\/VAAKA-TRYGVE.jpg\",\"datePublished\":\"2022-08-29T15:27:56+00:00\",\"dateModified\":\"2022-09-09T16:04:48+00:00\",\"breadcrumb\":{\"@id\":\"https:\\\/\\\/porvoojazzfestival.com\\\/en\\\/matxjazz\\\/#breadcrumb\"},\"inLanguage\":\"en-US\",\"potentialAction\":[{\"@type\":\"ReadAction\",\"target\":[\"https:\\\/\\\/porvoojazzfestival.com\\\/en\\\/matxjazz\\\/\"]}]},{\"@type\":\"ImageObject\",\"inLanguage\":\"en-US\",\"@id\":\"https:\\\/\\\/porvoojazzfestival.com\\\/en\\\/matxjazz\\\/#primaryimage\",\"url\":\"https:\\\/\\\/porvoojazzfestival.com\\\/wp-content\\\/uploads\\\/2022\\\/08\\\/VAAKA-TRYGVE.jpg\",\"contentUrl\":\"https:\\\/\\\/porvoojazzfestival.com\\\/wp-content\\\/uploads\\\/2022\\\/08\\\/VAAKA-TRYGVE.jpg\",\"width\":1920,\"height\":1080},{\"@type\":\"BreadcrumbList\",\"@id\":\"https:\\\/\\\/porvoojazzfestival.com\\\/en\\\/matxjazz\\\/#breadcrumb\",\"itemListElement\":[{\"@type\":\"ListItem\",\"position\":1,\"name\":\"Home\",\"item\":\"https:\\\/\\\/porvoojazzfestival.com\\\/en\\\/porvoo-jazz-club-new\\\/\"},{\"@type\":\"ListItem\",\"position\":2,\"name\":\"MAT X JAZZ\"}]},{\"@type\":\"WebSite\",\"@id\":\"https:\\\/\\\/porvoojazzfestival.com\\\/en\\\/#website\",\"url\":\"https:\\\/\\\/porvoojazzfestival.com\\\/en\\\/\",\"name\":\"Porvoo Jazz Festival\",\"description\":\"The Cosy Jazz Fest\",\"publisher\":{\"@id\":\"https:\\\/\\\/porvoojazzfestival.com\\\/en\\\/#organization\"},\"potentialAction\":[{\"@type\":\"SearchAction\",\"target\":{\"@type\":\"EntryPoint\",\"urlTemplate\":\"https:\\\/\\\/porvoojazzfestival.com\\\/en\\\/?s={search_term_string}\"},\"query-input\":{\"@type\":\"PropertyValueSpecification\",\"valueRequired\":true,\"valueName\":\"search_term_string\"}}],\"inLanguage\":\"en-US\"},{\"@type\":\"Organization\",\"@id\":\"https:\\\/\\\/porvoojazzfestival.com\\\/en\\\/#organization\",\"name\":\"Porvoo Jazz Festival\",\"url\":\"https:\\\/\\\/porvoojazzfestival.com\\\/en\\\/\",\"logo\":{\"@type\":\"ImageObject\",\"inLanguage\":\"en-US\",\"@id\":\"https:\\\/\\\/porvoojazzfestival.com\\\/en\\\/#\\\/schema\\\/logo\\\/image\\\/\",\"url\":\"https:\\\/\\\/porvoojazzfestival.com\\\/wp-content\\\/uploads\\\/2025\\\/01\\\/cropped-Porvoo-Jazz-Festival-Favicon.png\",\"contentUrl\":\"https:\\\/\\\/porvoojazzfestival.com\\\/wp-content\\\/uploads\\\/2025\\\/01\\\/cropped-Porvoo-Jazz-Festival-Favicon.png\",\"width\":512,\"height\":512,\"caption\":\"Porvoo Jazz Festival\"},\"image\":{\"@id\":\"https:\\\/\\\/porvoojazzfestival.com\\\/en\\\/#\\\/schema\\\/logo\\\/image\\\/\"},\"sameAs\":[\"https:\\\/\\\/www.facebook.com\\\/PorvooJazzFestival\\\/\",\"https:\\\/\\\/x.com\\\/porvoojazzfest\"]}]}<\/script>\n<!-- \/ Yoast SEO plugin. -->","yoast_head_json":{"title":"MAT X JAZZ - Porvoo Jazz Festival","robots":{"index":"index","follow":"follow","max-snippet":"max-snippet:-1","max-image-preview":"max-image-preview:large","max-video-preview":"max-video-preview:-1"},"canonical":"https:\/\/porvoojazzfestival.com\/en\/matxjazz\/","og_locale":"en_US","og_type":"article","og_title":"MAT X JAZZ - Porvoo Jazz Festival","og_description":"MAT x JAZZ tapahtuma ker\u00e4\u00e4 yhteen liudan ravintola-alan huipputekij\u00f6it\u00e4 Porvoon Vanhan Rautatieaseman historiallisille veturitalleille Tornitalliin. Porvoo Jazz Festival ja Aatos Cafen yritt\u00e4j\u00e4t P\u00e4ivi Karjala ja Niko lehto ovat kutsuneet paikalle ravintola-alan huippuja juhlistamaan Jazz Festivalin 10 vuotista taivalta. &nbsp; Veturitalleilla p\u00e4\u00e4see nyt rennon jazz musiikin lis\u00e4ksi nauttimaan my\u00f6s hyv\u00e4st\u00e4 ruoasta, juomasta ja mahtavasta tunnelmasta. Tarjolla [&hellip;]","og_url":"https:\/\/porvoojazzfestival.com\/en\/matxjazz\/","og_site_name":"Porvoo Jazz Festival","article_publisher":"https:\/\/www.facebook.com\/PorvooJazzFestival\/","article_modified_time":"2022-09-09T16:04:48+00:00","og_image":[{"width":1920,"height":1080,"url":"https:\/\/porvoojazzfestival.com\/wp-content\/uploads\/2022\/08\/VAAKA-TRYGVE.jpg","type":"image\/jpeg"}],"twitter_card":"summary_large_image","twitter_site":"@porvoojazzfest","twitter_misc":{"Est. reading time":"5 minutes"},"schema":{"@context":"https:\/\/schema.org","@graph":[{"@type":"WebPage","@id":"https:\/\/porvoojazzfestival.com\/en\/matxjazz\/","url":"https:\/\/porvoojazzfestival.com\/en\/matxjazz\/","name":"MAT X JAZZ - Porvoo Jazz Festival","isPartOf":{"@id":"https:\/\/porvoojazzfestival.com\/en\/#website"},"primaryImageOfPage":{"@id":"https:\/\/porvoojazzfestival.com\/en\/matxjazz\/#primaryimage"},"image":{"@id":"https:\/\/porvoojazzfestival.com\/en\/matxjazz\/#primaryimage"},"thumbnailUrl":"https:\/\/porvoojazzfestival.com\/wp-content\/uploads\/2022\/08\/VAAKA-TRYGVE.jpg","datePublished":"2022-08-29T15:27:56+00:00","dateModified":"2022-09-09T16:04:48+00:00","breadcrumb":{"@id":"https:\/\/porvoojazzfestival.com\/en\/matxjazz\/#breadcrumb"},"inLanguage":"en-US","potentialAction":[{"@type":"ReadAction","target":["https:\/\/porvoojazzfestival.com\/en\/matxjazz\/"]}]},{"@type":"ImageObject","inLanguage":"en-US","@id":"https:\/\/porvoojazzfestival.com\/en\/matxjazz\/#primaryimage","url":"https:\/\/porvoojazzfestival.com\/wp-content\/uploads\/2022\/08\/VAAKA-TRYGVE.jpg","contentUrl":"https:\/\/porvoojazzfestival.com\/wp-content\/uploads\/2022\/08\/VAAKA-TRYGVE.jpg","width":1920,"height":1080},{"@type":"BreadcrumbList","@id":"https:\/\/porvoojazzfestival.com\/en\/matxjazz\/#breadcrumb","itemListElement":[{"@type":"ListItem","position":1,"name":"Home","item":"https:\/\/porvoojazzfestival.com\/en\/porvoo-jazz-club-new\/"},{"@type":"ListItem","position":2,"name":"MAT X JAZZ"}]},{"@type":"WebSite","@id":"https:\/\/porvoojazzfestival.com\/en\/#website","url":"https:\/\/porvoojazzfestival.com\/en\/","name":"Porvoo Jazz Festival","description":"The Cosy Jazz Fest","publisher":{"@id":"https:\/\/porvoojazzfestival.com\/en\/#organization"},"potentialAction":[{"@type":"SearchAction","target":{"@type":"EntryPoint","urlTemplate":"https:\/\/porvoojazzfestival.com\/en\/?s={search_term_string}"},"query-input":{"@type":"PropertyValueSpecification","valueRequired":true,"valueName":"search_term_string"}}],"inLanguage":"en-US"},{"@type":"Organization","@id":"https:\/\/porvoojazzfestival.com\/en\/#organization","name":"Porvoo Jazz Festival","url":"https:\/\/porvoojazzfestival.com\/en\/","logo":{"@type":"ImageObject","inLanguage":"en-US","@id":"https:\/\/porvoojazzfestival.com\/en\/#\/schema\/logo\/image\/","url":"https:\/\/porvoojazzfestival.com\/wp-content\/uploads\/2025\/01\/cropped-Porvoo-Jazz-Festival-Favicon.png","contentUrl":"https:\/\/porvoojazzfestival.com\/wp-content\/uploads\/2025\/01\/cropped-Porvoo-Jazz-Festival-Favicon.png","width":512,"height":512,"caption":"Porvoo Jazz Festival"},"image":{"@id":"https:\/\/porvoojazzfestival.com\/en\/#\/schema\/logo\/image\/"},"sameAs":["https:\/\/www.facebook.com\/PorvooJazzFestival\/","https:\/\/x.com\/porvoojazzfest"]}]}},"_links":{"self":[{"href":"https:\/\/porvoojazzfestival.com\/en\/wp-json\/wp\/v2\/pages\/7827","targetHints":{"allow":["GET"]}}],"collection":[{"href":"https:\/\/porvoojazzfestival.com\/en\/wp-json\/wp\/v2\/pages"}],"about":[{"href":"https:\/\/porvoojazzfestival.com\/en\/wp-json\/wp\/v2\/types\/page"}],"author":[{"embeddable":true,"href":"https:\/\/porvoojazzfestival.com\/en\/wp-json\/wp\/v2\/users\/4"}],"replies":[{"embeddable":true,"href":"https:\/\/porvoojazzfestival.com\/en\/wp-json\/wp\/v2\/comments?post=7827"}],"version-history":[{"count":0,"href":"https:\/\/porvoojazzfestival.com\/en\/wp-json\/wp\/v2\/pages\/7827\/revisions"}],"wp:featuredmedia":[{"embeddable":true,"href":"https:\/\/porvoojazzfestival.com\/en\/wp-json\/wp\/v2\/media\/7833"}],"wp:attachment":[{"href":"https:\/\/porvoojazzfestival.com\/en\/wp-json\/wp\/v2\/media?parent=7827"}],"curies":[{"name":"wp","href":"https:\/\/api.w.org\/{rel}","templated":true}]}}