{"id":7717,"date":"2022-08-22T11:05:37","date_gmt":"2022-08-22T08:05:37","guid":{"rendered":"https:\/\/porvoojazzfestival.com\/past-gigs-and-events\/"},"modified":"2022-08-22T11:05:38","modified_gmt":"2022-08-22T08:05:38","slug":"past-gigs-and-events","status":"publish","type":"page","link":"https:\/\/porvoojazzfestival.com\/en\/past-gigs-and-events\/","title":{"rendered":"Past Gigs and Events"},"content":{"rendered":"<p>[et_pb_section fb_built=&#8221;1&#8243; admin_label=&#8221;Header&#8221; _builder_version=&#8221;4.16&#8243; background_color=&#8221;#A5B9E6&#8243; use_background_color_gradient=&#8221;on&#8221; background_color_gradient_direction=&#8221;1deg&#8221; background_color_gradient_stops=&#8221;#0c0dc9 0%|#0c0dc9 0%&#8221; background_color_gradient_overlays_image=&#8221;on&#8221; background_color_gradient_start=&#8221;#0c0dc9&#8243; background_color_gradient_end=&#8221;#0c0dc9&#8243; background_color_gradient_end_position=&#8221;0%&#8221; background_enable_image=&#8221;off&#8221; custom_margin=&#8221;||-192px|||&#8221; custom_padding=&#8221;1vw||1vw||true|&#8221; bottom_divider_height=&#8221;142px&#8221; bottom_divider_flip=&#8221;vertical&#8221; bottom_divider_height_tablet=&#8221;52px&#8221; bottom_divider_height_phone=&#8221;36px&#8221; bottom_divider_height_last_edited=&#8221;on|phone&#8221; global_colors_info=&#8221;{}&#8221;][et_pb_row _builder_version=&#8221;4.16&#8243; width=&#8221;91%&#8221; max_width=&#8221;none&#8221; custom_padding=&#8221;101px||101px||true|&#8221; locked=&#8221;off&#8221; global_colors_info=&#8221;{}&#8221;][et_pb_column type=&#8221;4_4&#8243; _builder_version=&#8221;4.16&#8243; global_colors_info=&#8221;{}&#8221;][et_pb_text _builder_version=&#8221;4.16&#8243; text_font=&#8221;Optional Heavy|300||on|||||&#8221; text_font_size=&#8221;60px&#8221; header_font=&#8221;Lato|300||on|||||&#8221; header_text_align=&#8221;left&#8221; header_font_size=&#8221;2vw&#8221; header_letter_spacing=&#8221;0.2em&#8221; header_line_height=&#8221;1.3em&#8221; background_layout=&#8221;dark&#8221; custom_padding=&#8221;|30vw|156px||false|false&#8221; text_font_size_tablet=&#8221;&#8221; text_font_size_phone=&#8221;24px&#8221; text_font_size_last_edited=&#8221;on|phone&#8221; header_font_size_tablet=&#8221;&#8221; header_font_size_phone=&#8221;36px&#8221; header_font_size_last_edited=&#8221;on|desktop&#8221; header_letter_spacing_tablet=&#8221;&#8221; header_letter_spacing_phone=&#8221;0em&#8221; header_letter_spacing_last_edited=&#8221;on|desktop&#8221; header_text_shadow_style=&#8221;preset3&#8243; header_text_shadow_vertical_length=&#8221;-0.03em&#8221; header_text_shadow_blur_strength=&#8221;0.15em&#8221; text_text_align=&#8221;center&#8221; global_colors_info=&#8221;{}&#8221;]<\/p>\n<p>Past <\/p>\n<p>gigs 2013-<\/p>\n<p>[\/et_pb_text][\/et_pb_column][\/et_pb_row][\/et_pb_section][et_pb_section fb_built=&#8221;1&#8243; _builder_version=&#8221;4.16&#8243; _module_preset=&#8221;default&#8221; min_height=&#8221;192px&#8221; custom_padding=&#8221;85px|||||&#8221; global_colors_info=&#8221;{}&#8221;][et_pb_row _builder_version=&#8221;4.16&#8243; _module_preset=&#8221;default&#8221; global_colors_info=&#8221;{}&#8221;][et_pb_column type=&#8221;4_4&#8243; _builder_version=&#8221;4.16&#8243; _module_preset=&#8221;default&#8221; global_colors_info=&#8221;{}&#8221;][et_pb_text _builder_version=&#8221;4.16.1&#8243; _module_preset=&#8221;default&#8221; text_font=&#8221;Optional Light|600|||||||&#8221; text_text_color=&#8221;#000000&#8243; header_text_color=&#8221;#A5B9E6&#8243; header_font_size=&#8221;27px&#8221; header_2_font=&#8221;Optional Med||||||||&#8221; header_2_text_color=&#8221;#000000&#8243; header_2_font_size=&#8221;41px&#8221; header_3_font=&#8221;Optional Med||||||||&#8221; header_3_text_color=&#8221;#B8331F&#8221; header_3_font_size=&#8221;32px&#8221; hover_enabled=&#8221;0&#8243; global_colors_info=&#8221;{}&#8221; sticky_enabled=&#8221;0&#8243;]<\/p>\n<h2>2013<\/h2>\n<h3>PORVOO JAZZ FESTIVAL 13.-15.9.<\/h3>\n<h1>Culture House Grand<\/h1>\n<h1><\/h1>\n<p>Verneri Pohjola Quartet<br \/>Andre Sumelius Quartet<br \/>Kannaste I Viinikainen I Riippa<br \/>Perico Sambeat \/ Albert Sanz (Esp)<\/p>\n<p>&nbsp;<\/p>\n<p>&nbsp;<\/p>\n<p>[\/et_pb_text][et_pb_text _builder_version=&#8221;4.16.1&#8243; _module_preset=&#8221;default&#8221; text_font=&#8221;Optional Light|600|||||||&#8221; text_text_color=&#8221;#000000&#8243; header_font=&#8221;Optional Heavy||||||||&#8221; header_text_color=&#8221;#A5B9E6&#8243; header_font_size=&#8221;25px&#8221; header_2_font=&#8221;Optional Med|500|||||||&#8221; header_2_text_color=&#8221;#000000&#8243; header_2_font_size=&#8221;41px&#8221; header_3_font=&#8221;Optional Med|300|||||||&#8221; header_3_text_color=&#8221;#B8331F&#8221; header_3_font_size=&#8221;32px&#8221; hover_enabled=&#8221;0&#8243; global_colors_info=&#8221;{}&#8221; sticky_enabled=&#8221;0&#8243;]<\/p>\n<h2>2014<\/h2>\n<h3>PORVOO JAZZ FESTIVAL 11.-14.9.<\/h3>\n<h1>Kulttuuritalo Grand, Porvoon tuomiokirkko, Zum Beispiel<\/h1>\n<p>Thurs<strong>11.9.<\/strong><\/p>\n<p>Jaume Lombart &amp; Enrique oliver qtet (Esp)<br \/>Dan Barnett &amp; Tricia Evy Group (AUS\/FRA)<br \/>Jazz Jam at Zum<\/p>\n<p>Fri 12.9.<\/p>\n<p>Andr\u00e9 Sumelius Tonight at Noon<br \/>Sam Yahel Trio (US)<br \/>Jazz Jam at Zum<\/p>\n<p>Sat 13.9.<\/p>\n<p>Dayna Stephens Quartet (US)<br \/>Timo Lassy Band<br \/>Jazz Jam at Zum<\/p>\n<p>SU 14.9.<\/p>\n<p>Charity Concert With International Guests<br \/>Jazz Jam at Zum<\/p>\n<p>&nbsp;<\/p>\n<p>[\/et_pb_text][et_pb_text _builder_version=&#8221;4.16.1&#8243; _module_preset=&#8221;default&#8221; text_font=&#8221;Optional Light|600|||||||&#8221; text_text_color=&#8221;#000000&#8243; header_font=&#8221;Optional Med||||||||&#8221; header_text_color=&#8221;#A5B9E6&#8243; header_font_size=&#8221;27px&#8221; header_2_font=&#8221;Optional Med|500|||||||&#8221; header_2_text_color=&#8221;#000000&#8243; header_2_font_size=&#8221;42px&#8221; header_3_font=&#8221;Optional Med|300|||||||&#8221; header_3_text_color=&#8221;#B8331F&#8221; header_3_font_size=&#8221;32px&#8221; hover_enabled=&#8221;0&#8243; global_colors_info=&#8221;{}&#8221; sticky_enabled=&#8221;0&#8243;]<\/p>\n<h2>2015<\/h2>\n<h3>PORVOO JAZZ FESTIVAL 3.-5.9.<\/h3>\n<h1>Culture House Grand<\/h1>\n<p>Verneri Pohjola &amp; Scandinavian All Stars<br \/>Sinne Eeg<br \/>Richarson, M\u00e4kynen, L\u00f6tj\u00f6nen<br \/>Howard Wiley<\/p>\n<p>[\/et_pb_text][et_pb_text _builder_version=&#8221;4.16.1&#8243; _module_preset=&#8221;default&#8221; text_font=&#8221;Optional Med|500|||||||&#8221; text_text_color=&#8221;#000000&#8243; header_font=&#8221;Optional Heavy||||||||&#8221; header_text_color=&#8221;#A5B9E6&#8243; header_font_size=&#8221;25px&#8221; header_2_font=&#8221;Optional Med|500|||||||&#8221; header_2_text_color=&#8221;#000000&#8243; header_2_font_size=&#8221;42px&#8221; header_3_font=&#8221;Optional Med|300|||||||&#8221; header_3_text_color=&#8221;#B8331F&#8221; header_3_font_size=&#8221;32px&#8221; hover_enabled=&#8221;0&#8243; global_colors_info=&#8221;{}&#8221; sticky_enabled=&#8221;0&#8243;]<\/p>\n<h2>2016<\/h2>\n<h3>PORVOO JAZZ FESTIVAL 30.9.-2.10.<\/h3>\n<h1>TAIDETEHDAS, KULTTUURITALO GRAND, VANHA 123, CAF\u00c9 RONGO<\/h1>\n<h1><\/h1>\n<p><span style=\"font-weight: 400;\">Fri 30.9.<\/span><\/p>\n<p><span style=\"font-weight: 400;\">Jukkis Uotila Quartet feat. Billy Hart<br \/><\/span><span style=\"font-weight: 400;\">Jazzillallinen a\u0301 la Paleface &amp; Chef Tsutsunen<br \/><\/span><span style=\"font-weight: 400;\">Kari Ikonen Trio<br \/><\/span><span style=\"font-weight: 400;\">Kallio \u2013 Rinnetma\u0308ki Impulsion<br \/><\/span><span style=\"font-weight: 400;\">Kari Ikonen Trio<br \/><\/span><span style=\"font-weight: 400;\">Jazzjamit Steamin\u2019 Jazz Club + DJ Bunuel<\/span><\/p>\n<p>&nbsp;<\/p>\n<p>Sat 1.10.<\/p>\n<p><span style=\"font-weight: 400;\">Brunssi a\u0301 la Steamin\u2019 Jazz Club, HAM &amp; B3 + vieraat<br \/><\/span><span style=\"font-weight: 400;\">Jazzliiton Juhlaorkesteri 50v. kokoonpano<br \/><\/span><span style=\"font-weight: 400;\">Jazzillallinen a\u0301 la Paleface &amp; Chef Tsutsunen<br \/><\/span><span style=\"font-weight: 400;\">Remmel-Zenger-Heinola Trio<br \/><\/span><span style=\"font-weight: 400;\">Paleface Spoken Word Septet<br \/><\/span><span style=\"font-weight: 400;\">Dj Bunuel<\/span><\/p>\n<p><span style=\"font-weight: 400;\"><\/span><\/p>\n<p>SU 2.10.<\/p>\n<p><span style=\"font-weight: 400;\">Viktoria Tolstoy &amp; Jacob Karlzon<\/span><\/p>\n<h1>Pop-up esitykset<\/h1>\n<p><h>27.8 Moon River (PJF Houseband) \u2013 Zum Beispiel<br \/>2.9. Ostosten Yo\u0308 (PJF Houseband) \u2013 Porvoon Vanha Kaupunki <h><\/h><\/h><\/p>\n<p>[\/et_pb_text][et_pb_text _builder_version=&#8221;4.16.1&#8243; _module_preset=&#8221;default&#8221; text_font=&#8221;Optional Med|500|||||||&#8221; text_text_color=&#8221;#000000&#8243; header_font=&#8221;Optional Heavy||||||||&#8221; header_text_color=&#8221;#A5B9E6&#8243; header_font_size=&#8221;25px&#8221; header_2_font=&#8221;Optional Med|500|||||||&#8221; header_2_text_color=&#8221;#000000&#8243; header_2_font_size=&#8221;42px&#8221; header_3_font=&#8221;Optional Med|300|||||||&#8221; header_3_text_color=&#8221;#B8331F&#8221; header_3_font_size=&#8221;32px&#8221; hover_enabled=&#8221;0&#8243; global_colors_info=&#8221;{}&#8221; sticky_enabled=&#8221;0&#8243;]<\/p>\n<h2>2017<\/h2>\n<h3>PORVOO JAZZ FESTIVAL 30.9.-2.10.<\/h3>\n<h1>TAIDETEHDAS, KULTTUURITALO GRAND, VANHA 123, CAF\u00c9 RONGO<\/h1>\n<h1><\/h1>\n<p><b>Fri 15.9.<\/b><\/p>\n<p><span style=\"font-weight: 400;\">Jukka Perko Tritone<br \/>\n<\/span><span style=\"font-weight: 400;\">Anni Elif &amp; Herd<br \/>\n<\/span><span style=\"font-weight: 400;\">Teemu Viinikainen Trio<\/span><\/p>\n<p><span style=\"font-weight: 400;\"> <\/span><\/p>\n<p><b>Sat 16.9.<\/b><\/p>\n<p><span style=\"font-weight: 400;\">Tommy Lindgren Metropolis<br \/>\n<\/span><span style=\"font-weight: 400;\">Verneri Pohjola: Pekka<br \/>\n<\/span><span style=\"font-weight: 400;\">Raoul Bj\u00f6rkenheim Ecstacy<\/span><\/p>\n<p>&nbsp;<\/p>\n<p><b>SU 17.9.<\/b><\/p>\n<p><span style=\"font-weight: 400;\">Kadi Vija &amp; Artturi R\u00f6nk\u00e4<\/span><\/p>\n<h1>PORVOO JAZZ CLUBIT:<\/h1>\n<p>7.4. Jaska Lukkarinen Trio, kuvataiteilija Janika Salonen, Dj Bunuel<br \/>\n21.4. PLOP, sarjakuvataiteilija Emmi Valve, Dj Eero L\u00f6yttyj\u00e4rvi<br \/>\n5.5. Jukka Eskola Soul Trio, kuvataitelija Katri Sipil\u00e4inen, Dj Bunuel<br \/>\n29.7. Mets\u00e4nhenki: Tatu R\u00f6nkk\u00f6, kokki Jyrki Tsutsunen &amp; Dj Bunuel<br \/>\n26.8. Moon River Porvoo jatkot, Verneri Pohjola &amp; Dj Eero L\u00f6yttyj\u00e4rvi<br \/>\n1.12. Gunu Supreme, Porvoo Jazz Dj:t<br \/>\n15.12. Husband, Dj Carl Olin<br \/>\n[\/et_pb_text][et_pb_text _builder_version=&#8221;4.16.1&#8243; _module_preset=&#8221;default&#8221; text_font=&#8221;Optional Med|500|||||||&#8221; text_text_color=&#8221;#000000&#8243; header_font=&#8221;Optional Heavy||||||||&#8221; header_text_color=&#8221;#A5B9E6&#8243; header_font_size=&#8221;25px&#8221; header_2_font=&#8221;Optional Med|500|||||||&#8221; header_2_text_color=&#8221;#000000&#8243; header_2_font_size=&#8221;42px&#8221; header_3_font=&#8221;Optional Med|300|||||||&#8221; header_3_text_color=&#8221;#B8331F&#8221; header_3_font_size=&#8221;32px&#8221; hover_enabled=&#8221;0&#8243; global_colors_info=&#8221;{}&#8221; sticky_enabled=&#8221;0&#8243;]<\/p>\n<h2>2020<\/h2>\n<h3>PORVOO JAZZ FESTIVAL 27.9.-29.9.<\/h3>\n<h1>VANHA 123, 123 kellari, porvoon taidehalli<\/h1>\n<p><b>Fri 25.9.<\/b><\/p>\n<p><span style=\"font-weight: 400;\">Max Zenger Globus<br \/><\/span><span style=\"font-weight: 400;\">Timo Lassy &amp; Teppo M\u00e4kynen<br \/><\/span><span style=\"font-weight: 400;\">Maria Ylip\u00e4\u00e4 &amp; Yst\u00e4v\u00e4t<\/span><\/p>\n<p><b>Sat 26.9.<\/b><\/p>\n<p><span style=\"font-weight: 400;\">Kari Ikonen <br \/><\/span><span style=\"font-weight: 400;\">Markus Niittynen Quartet<br \/><\/span><span style=\"font-weight: 400;\">Signe<br \/><\/span><span style=\"font-weight: 400;\">Dalind\u00e9o<\/span><\/p>\n<p><b>SU 27.9.<\/b><\/p>\n<p><span style=\"font-weight: 400;\">Antti L\u00f6tj\u00f6nen &amp; Ville Herrala duo<\/span><\/p>\n<p>&nbsp;<\/p>\n<h1>PORVOO JAZZ CLUBIT:<\/h1>\n<p><span style=\"font-weight: 400;\">14.2. Mikko Pettinen Why not <br \/><\/span><span style=\"font-weight: 400;\">28.2. Mimie Moore Jazz Edition<br \/>(korona kokoontumisrajoitukset, konserttikielto)<br \/><\/span><span style=\"font-weight: 400;\">14.8. Teemu Viinikainen Solo<\/span><span style=\"font-weight: 400;\"><br \/><\/span><span style=\"font-weight: 400;\">5.9. Jussi Kannaste, Ville Herrala, Jaska Lukkarinen Trio<br \/><\/span><span style=\"font-weight: 400;\">30.10. Jaska Lukkarinen &amp; Arttu Takalo Duo<br \/><\/span><span style=\"font-weight: 400;\">18.12. Timo Lassy Trio -striimitapahtuma<\/span><\/p>\n<p>&nbsp;<\/p>\n<p>[\/et_pb_text][et_pb_text _builder_version=&#8221;4.16.1&#8243; _module_preset=&#8221;default&#8221; text_font=&#8221;Optional Med|500|||||||&#8221; text_text_color=&#8221;#000000&#8243; header_font=&#8221;Optional Heavy||||||||&#8221; header_text_color=&#8221;#A5B9E6&#8243; header_font_size=&#8221;25px&#8221; header_2_font=&#8221;Optional Med|500|||||||&#8221; header_2_text_color=&#8221;#000000&#8243; header_2_font_size=&#8221;42px&#8221; header_3_font=&#8221;Optional Med|300|||||||&#8221; header_3_text_color=&#8221;#B8331F&#8221; header_3_font_size=&#8221;32px&#8221; hover_enabled=&#8221;0&#8243; global_colors_info=&#8221;{}&#8221; sticky_enabled=&#8221;0&#8243;]<\/p>\n<h2>2021<\/h2>\n<h3>PORVOO JAZZ FESTIVAL 27.9.-29.9.<\/h3>\n<h1>VANHA 123, 123 kellari, porvoon taidehalli<\/h1>\n<p><b>Fri 24.9.<\/b><\/p>\n<p><span style=\"font-weight: 400;\">Jukka Linkola: The Tentet<br \/><\/span><span style=\"font-weight: 400;\">Pope Puolitaival Nordic4<br \/><\/span><span style=\"font-weight: 400;\">Susanna Aleksandra Quartet<br \/><\/span><span style=\"font-weight: 400;\">Mikko Karjalainen Fellowship Quintet Feat. Paleface<br \/><\/span><span style=\"font-weight: 400;\">Dj Bunuel<br \/>Dj Old Crank<\/span><\/p>\n<p>&nbsp;<\/p>\n<p><b>Sat 25.9.<\/b><\/p>\n<p><span style=\"font-weight: 400;\">Sukupolvelta toiselle -lastenkonsertti<br \/><\/span><span style=\"font-weight: 400;\">Kadi Vija Duo<br \/><\/span><span style=\"font-weight: 400;\">Reiska Laine Quintet<br \/><\/span><span style=\"font-weight: 400;\">Kjetil Mulelid Trio<br \/><\/span><span style=\"font-weight: 400;\">Sami Saari ja Jazzpojat<br \/><\/span><span style=\"font-weight: 400;\">Dj Bunuel<br \/>Dj Old Crank<\/span><\/p>\n<p>&nbsp;<\/p>\n<p><b>SU 26.9.<\/b><\/p>\n<p><span style=\"font-weight: 400;\">Ilmiliekki Quartet<\/span><\/p>\n<p>&nbsp;<\/p>\n<h1>PORVOO JAZZ CLUBIT:<\/h1>\n<p><span style=\"font-weight: 400;\">26.2. Juho Valjakka Trio<br \/><\/span><span style=\"font-weight: 400;\">11.3. Kaisa&#8217;s Machine<br \/><\/span><span style=\"font-weight: 400;\">28.3. Antti L\u00f6tj\u00f6nen Quintet East<br \/><\/span><span style=\"font-weight: 400;\">14.5. Jaska Lukkarinen Quartet<br \/><\/span><span style=\"font-weight: 400;\">3.9. Timo Lassy Trio<br \/><\/span><span style=\"font-weight: 400;\">08.10. Porvoo Jazz Club Goes Local<br \/><\/span><span style=\"font-weight: 400;\">22.10. Maan Tila<br \/><\/span><span style=\"font-weight: 400;\">05.11. Snorre Kirk<br \/><\/span><span style=\"font-weight: 400;\">19.11. Mikko Innanen Autonomus<br \/><\/span><span style=\"font-weight: 400;\">03.12. Aki Rissanen &amp; Robert Ikiz: ikizaki<br \/><\/span><span style=\"font-weight: 400;\">17.12. F# (Hille\/Huhtala\/Ketola)<\/span><\/p>\n<p>&nbsp;<\/p>\n<p>[\/et_pb_text][\/et_pb_column][\/et_pb_row][et_pb_row _builder_version=&#8221;4.16&#8243; _module_preset=&#8221;default&#8221; global_colors_info=&#8221;{}&#8221;][et_pb_column type=&#8221;4_4&#8243; _builder_version=&#8221;4.16&#8243; _module_preset=&#8221;default&#8221; global_colors_info=&#8221;{}&#8221;][\/et_pb_column][\/et_pb_row][et_pb_row _builder_version=&#8221;4.16&#8243; _module_preset=&#8221;default&#8221; global_colors_info=&#8221;{}&#8221;][et_pb_column type=&#8221;4_4&#8243; _builder_version=&#8221;4.16&#8243; _module_preset=&#8221;default&#8221; global_colors_info=&#8221;{}&#8221;][\/et_pb_column][\/et_pb_row][\/et_pb_section][et_pb_section fb_built=&#8221;1&#8243; _builder_version=&#8221;4.16&#8243; _module_preset=&#8221;default&#8221; bottom_divider_style=&#8221;slant2&#8243; bottom_divider_color=&#8221;#0C0DC9&#8243; global_colors_info=&#8221;{}&#8221;][\/et_pb_section]<\/p>\n","protected":false},"excerpt":{"rendered":"<p>Past gigs 2013-2013 PORVOO JAZZ FESTIVAL 13.-15.9. Culture House Grand Verneri Pohjola QuartetAndre Sumelius QuartetKannaste I Viinikainen I RiippaPerico Sambeat \/ Albert Sanz (Esp) &nbsp; &nbsp;2014 PORVOO JAZZ FESTIVAL 11.-14.9. Kulttuuritalo Grand, Porvoon tuomiokirkko, Zum Beispiel Thurs11.9. Jaume Lombart &amp; Enrique oliver qtet (Esp)Dan Barnett &amp; Tricia Evy Group (AUS\/FRA)Jazz Jam at Zum Fri 12.9. [&hellip;]<\/p>\n","protected":false},"author":1,"featured_media":0,"parent":0,"menu_order":0,"comment_status":"closed","ping_status":"closed","template":"","meta":{"_acf_changed":false,"_et_pb_use_builder":"on","_et_pb_old_content":"","_et_gb_content_width":"","footnotes":""},"class_list":["post-7717","page","type-page","status-publish","hentry"],"acf":[],"yoast_head":"<!-- This site is optimized with the Yoast SEO plugin v27.3 - https:\/\/yoast.com\/product\/yoast-seo-wordpress\/ -->\n<title>Past Gigs and Events - Porvoo Jazz Festival<\/title>\n<meta name=\"robots\" content=\"index, follow, max-snippet:-1, max-image-preview:large, max-video-preview:-1\" \/>\n<link rel=\"canonical\" href=\"https:\/\/porvoojazzfestival.com\/en\/past-gigs-and-events\/\" \/>\n<meta property=\"og:locale\" content=\"en_US\" \/>\n<meta property=\"og:type\" content=\"article\" \/>\n<meta property=\"og:title\" content=\"Past Gigs and Events - Porvoo Jazz Festival\" \/>\n<meta property=\"og:description\" content=\"Past gigs 2013-2013 PORVOO JAZZ FESTIVAL 13.-15.9. Culture House Grand Verneri Pohjola QuartetAndre Sumelius QuartetKannaste I Viinikainen I RiippaPerico Sambeat \/ Albert Sanz (Esp) &nbsp; &nbsp;2014 PORVOO JAZZ FESTIVAL 11.-14.9. Kulttuuritalo Grand, Porvoon tuomiokirkko, Zum Beispiel Thurs11.9. Jaume Lombart &amp; Enrique oliver qtet (Esp)Dan Barnett &amp; Tricia Evy Group (AUS\/FRA)Jazz Jam at Zum Fri 12.9. [&hellip;]\" \/>\n<meta property=\"og:url\" content=\"https:\/\/porvoojazzfestival.com\/en\/past-gigs-and-events\/\" \/>\n<meta property=\"og:site_name\" content=\"Porvoo Jazz Festival\" \/>\n<meta property=\"article:publisher\" content=\"https:\/\/www.facebook.com\/PorvooJazzFestival\/\" \/>\n<meta property=\"article:modified_time\" content=\"2022-08-22T08:05:38+00:00\" \/>\n<meta property=\"og:image\" content=\"https:\/\/porvoojazzfestival.com\/wp-content\/uploads\/2025\/04\/PorvooJazzFest.jpg\" \/>\n\t<meta property=\"og:image:width\" content=\"1280\" \/>\n\t<meta property=\"og:image:height\" content=\"670\" \/>\n\t<meta property=\"og:image:type\" content=\"image\/jpeg\" \/>\n<meta name=\"twitter:card\" content=\"summary_large_image\" \/>\n<meta name=\"twitter:site\" content=\"@porvoojazzfest\" \/>\n<meta name=\"twitter:label1\" content=\"Est. reading time\" \/>\n\t<meta name=\"twitter:data1\" content=\"6 minutes\" \/>\n<script type=\"application\/ld+json\" class=\"yoast-schema-graph\">{\"@context\":\"https:\\\/\\\/schema.org\",\"@graph\":[{\"@type\":\"WebPage\",\"@id\":\"https:\\\/\\\/porvoojazzfestival.com\\\/en\\\/past-gigs-and-events\\\/\",\"url\":\"https:\\\/\\\/porvoojazzfestival.com\\\/en\\\/past-gigs-and-events\\\/\",\"name\":\"Past Gigs and Events - Porvoo Jazz Festival\",\"isPartOf\":{\"@id\":\"https:\\\/\\\/porvoojazzfestival.com\\\/en\\\/#website\"},\"datePublished\":\"2022-08-22T08:05:37+00:00\",\"dateModified\":\"2022-08-22T08:05:38+00:00\",\"breadcrumb\":{\"@id\":\"https:\\\/\\\/porvoojazzfestival.com\\\/en\\\/past-gigs-and-events\\\/#breadcrumb\"},\"inLanguage\":\"en-US\",\"potentialAction\":[{\"@type\":\"ReadAction\",\"target\":[\"https:\\\/\\\/porvoojazzfestival.com\\\/en\\\/past-gigs-and-events\\\/\"]}]},{\"@type\":\"BreadcrumbList\",\"@id\":\"https:\\\/\\\/porvoojazzfestival.com\\\/en\\\/past-gigs-and-events\\\/#breadcrumb\",\"itemListElement\":[{\"@type\":\"ListItem\",\"position\":1,\"name\":\"Home\",\"item\":\"https:\\\/\\\/porvoojazzfestival.com\\\/en\\\/porvoo-jazz-club-new\\\/\"},{\"@type\":\"ListItem\",\"position\":2,\"name\":\"Past Gigs and Events\"}]},{\"@type\":\"WebSite\",\"@id\":\"https:\\\/\\\/porvoojazzfestival.com\\\/en\\\/#website\",\"url\":\"https:\\\/\\\/porvoojazzfestival.com\\\/en\\\/\",\"name\":\"Porvoo Jazz Festival\",\"description\":\"The Cosy Jazz Fest\",\"publisher\":{\"@id\":\"https:\\\/\\\/porvoojazzfestival.com\\\/en\\\/#organization\"},\"potentialAction\":[{\"@type\":\"SearchAction\",\"target\":{\"@type\":\"EntryPoint\",\"urlTemplate\":\"https:\\\/\\\/porvoojazzfestival.com\\\/en\\\/?s={search_term_string}\"},\"query-input\":{\"@type\":\"PropertyValueSpecification\",\"valueRequired\":true,\"valueName\":\"search_term_string\"}}],\"inLanguage\":\"en-US\"},{\"@type\":\"Organization\",\"@id\":\"https:\\\/\\\/porvoojazzfestival.com\\\/en\\\/#organization\",\"name\":\"Porvoo Jazz Festival\",\"url\":\"https:\\\/\\\/porvoojazzfestival.com\\\/en\\\/\",\"logo\":{\"@type\":\"ImageObject\",\"inLanguage\":\"en-US\",\"@id\":\"https:\\\/\\\/porvoojazzfestival.com\\\/en\\\/#\\\/schema\\\/logo\\\/image\\\/\",\"url\":\"https:\\\/\\\/porvoojazzfestival.com\\\/wp-content\\\/uploads\\\/2025\\\/01\\\/cropped-Porvoo-Jazz-Festival-Favicon.png\",\"contentUrl\":\"https:\\\/\\\/porvoojazzfestival.com\\\/wp-content\\\/uploads\\\/2025\\\/01\\\/cropped-Porvoo-Jazz-Festival-Favicon.png\",\"width\":512,\"height\":512,\"caption\":\"Porvoo Jazz Festival\"},\"image\":{\"@id\":\"https:\\\/\\\/porvoojazzfestival.com\\\/en\\\/#\\\/schema\\\/logo\\\/image\\\/\"},\"sameAs\":[\"https:\\\/\\\/www.facebook.com\\\/PorvooJazzFestival\\\/\",\"https:\\\/\\\/x.com\\\/porvoojazzfest\"]}]}<\/script>\n<!-- \/ Yoast SEO plugin. -->","yoast_head_json":{"title":"Past Gigs and Events - Porvoo Jazz Festival","robots":{"index":"index","follow":"follow","max-snippet":"max-snippet:-1","max-image-preview":"max-image-preview:large","max-video-preview":"max-video-preview:-1"},"canonical":"https:\/\/porvoojazzfestival.com\/en\/past-gigs-and-events\/","og_locale":"en_US","og_type":"article","og_title":"Past Gigs and Events - Porvoo Jazz Festival","og_description":"Past gigs 2013-2013 PORVOO JAZZ FESTIVAL 13.-15.9. Culture House Grand Verneri Pohjola QuartetAndre Sumelius QuartetKannaste I Viinikainen I RiippaPerico Sambeat \/ Albert Sanz (Esp) &nbsp; &nbsp;2014 PORVOO JAZZ FESTIVAL 11.-14.9. Kulttuuritalo Grand, Porvoon tuomiokirkko, Zum Beispiel Thurs11.9. Jaume Lombart &amp; Enrique oliver qtet (Esp)Dan Barnett &amp; Tricia Evy Group (AUS\/FRA)Jazz Jam at Zum Fri 12.9. [&hellip;]","og_url":"https:\/\/porvoojazzfestival.com\/en\/past-gigs-and-events\/","og_site_name":"Porvoo Jazz Festival","article_publisher":"https:\/\/www.facebook.com\/PorvooJazzFestival\/","article_modified_time":"2022-08-22T08:05:38+00:00","og_image":[{"width":1280,"height":670,"url":"https:\/\/porvoojazzfestival.com\/wp-content\/uploads\/2025\/04\/PorvooJazzFest.jpg","type":"image\/jpeg"}],"twitter_card":"summary_large_image","twitter_site":"@porvoojazzfest","twitter_misc":{"Est. reading time":"6 minutes"},"schema":{"@context":"https:\/\/schema.org","@graph":[{"@type":"WebPage","@id":"https:\/\/porvoojazzfestival.com\/en\/past-gigs-and-events\/","url":"https:\/\/porvoojazzfestival.com\/en\/past-gigs-and-events\/","name":"Past Gigs and Events - Porvoo Jazz Festival","isPartOf":{"@id":"https:\/\/porvoojazzfestival.com\/en\/#website"},"datePublished":"2022-08-22T08:05:37+00:00","dateModified":"2022-08-22T08:05:38+00:00","breadcrumb":{"@id":"https:\/\/porvoojazzfestival.com\/en\/past-gigs-and-events\/#breadcrumb"},"inLanguage":"en-US","potentialAction":[{"@type":"ReadAction","target":["https:\/\/porvoojazzfestival.com\/en\/past-gigs-and-events\/"]}]},{"@type":"BreadcrumbList","@id":"https:\/\/porvoojazzfestival.com\/en\/past-gigs-and-events\/#breadcrumb","itemListElement":[{"@type":"ListItem","position":1,"name":"Home","item":"https:\/\/porvoojazzfestival.com\/en\/porvoo-jazz-club-new\/"},{"@type":"ListItem","position":2,"name":"Past Gigs and Events"}]},{"@type":"WebSite","@id":"https:\/\/porvoojazzfestival.com\/en\/#website","url":"https:\/\/porvoojazzfestival.com\/en\/","name":"Porvoo Jazz Festival","description":"The Cosy Jazz Fest","publisher":{"@id":"https:\/\/porvoojazzfestival.com\/en\/#organization"},"potentialAction":[{"@type":"SearchAction","target":{"@type":"EntryPoint","urlTemplate":"https:\/\/porvoojazzfestival.com\/en\/?s={search_term_string}"},"query-input":{"@type":"PropertyValueSpecification","valueRequired":true,"valueName":"search_term_string"}}],"inLanguage":"en-US"},{"@type":"Organization","@id":"https:\/\/porvoojazzfestival.com\/en\/#organization","name":"Porvoo Jazz Festival","url":"https:\/\/porvoojazzfestival.com\/en\/","logo":{"@type":"ImageObject","inLanguage":"en-US","@id":"https:\/\/porvoojazzfestival.com\/en\/#\/schema\/logo\/image\/","url":"https:\/\/porvoojazzfestival.com\/wp-content\/uploads\/2025\/01\/cropped-Porvoo-Jazz-Festival-Favicon.png","contentUrl":"https:\/\/porvoojazzfestival.com\/wp-content\/uploads\/2025\/01\/cropped-Porvoo-Jazz-Festival-Favicon.png","width":512,"height":512,"caption":"Porvoo Jazz Festival"},"image":{"@id":"https:\/\/porvoojazzfestival.com\/en\/#\/schema\/logo\/image\/"},"sameAs":["https:\/\/www.facebook.com\/PorvooJazzFestival\/","https:\/\/x.com\/porvoojazzfest"]}]}},"_links":{"self":[{"href":"https:\/\/porvoojazzfestival.com\/en\/wp-json\/wp\/v2\/pages\/7717","targetHints":{"allow":["GET"]}}],"collection":[{"href":"https:\/\/porvoojazzfestival.com\/en\/wp-json\/wp\/v2\/pages"}],"about":[{"href":"https:\/\/porvoojazzfestival.com\/en\/wp-json\/wp\/v2\/types\/page"}],"author":[{"embeddable":true,"href":"https:\/\/porvoojazzfestival.com\/en\/wp-json\/wp\/v2\/users\/1"}],"replies":[{"embeddable":true,"href":"https:\/\/porvoojazzfestival.com\/en\/wp-json\/wp\/v2\/comments?post=7717"}],"version-history":[{"count":0,"href":"https:\/\/porvoojazzfestival.com\/en\/wp-json\/wp\/v2\/pages\/7717\/revisions"}],"wp:attachment":[{"href":"https:\/\/porvoojazzfestival.com\/en\/wp-json\/wp\/v2\/media?parent=7717"}],"curies":[{"name":"wp","href":"https:\/\/api.w.org\/{rel}","templated":true}]}}