{"id":12426,"date":"2025-08-12T14:57:17","date_gmt":"2025-08-12T11:57:17","guid":{"rendered":"https:\/\/porvoojazzfestival.com\/2025-contacts\/"},"modified":"2026-01-12T11:58:45","modified_gmt":"2026-01-12T09:58:45","slug":"2025-contacts","status":"publish","type":"page","link":"https:\/\/porvoojazzfestival.com\/en\/2025-contacts\/","title":{"rendered":"2025 Contacts"},"content":{"rendered":"<p>[et_pb_section fb_built=&#8221;1&#8243; admin_label=&#8221;Header&#8221; _builder_version=&#8221;4.27.4&#8243; background_enable_color=&#8221;off&#8221; background_image=&#8221;https:\/\/porvoojazzfestival.com\/wp-content\/uploads\/2025\/05\/2025-VISUAALIT-070525-7-scaled.jpg&#8221; custom_padding=&#8221;20vw||20vw||true|&#8221; bottom_divider_style=&#8221;none&#8221; bottom_divider_color=&#8221;#FCE754&#8243; bottom_divider_height=&#8221;54px&#8221; bottom_divider_repeat=&#8221;2x&#8221; bottom_divider_height_tablet=&#8221;182px&#8221; bottom_divider_height_phone=&#8221;220px&#8221; bottom_divider_height_last_edited=&#8221;on|phone&#8221; da_disable_devices=&#8221;off|off|off&#8221; global_colors_info=&#8221;{}&#8221; da_is_popup=&#8221;off&#8221; da_exit_intent=&#8221;off&#8221; da_has_close=&#8221;on&#8221; da_alt_close=&#8221;off&#8221; da_dark_close=&#8221;off&#8221; da_not_modal=&#8221;on&#8221; da_is_singular=&#8221;off&#8221; da_with_loader=&#8221;off&#8221; da_has_shadow=&#8221;on&#8221;][\/et_pb_section][et_pb_section fb_built=&#8221;1&#8243; next_background_color=&#8221;#ffffff&#8221; admin_label=&#8221;section&#8221; _builder_version=&#8221;4.27.4&#8243; background_color=&#8221;#efede6&#8243; top_divider_color=&#8221;#ffffff&#8221; bottom_divider_style=&#8221;none&#8221; da_disable_devices=&#8221;off|off|off&#8221; global_colors_info=&#8221;{}&#8221; da_is_popup=&#8221;off&#8221; da_exit_intent=&#8221;off&#8221; da_has_close=&#8221;on&#8221; da_alt_close=&#8221;off&#8221; da_dark_close=&#8221;off&#8221; da_not_modal=&#8221;on&#8221; da_is_singular=&#8221;off&#8221; da_with_loader=&#8221;off&#8221; da_has_shadow=&#8221;on&#8221;][et_pb_row column_structure=&#8221;1_2,1_2&#8243; admin_label=&#8221;row&#8221; _builder_version=&#8221;4.19.4&#8243; background_size=&#8221;initial&#8221; background_position=&#8221;top_left&#8221; background_repeat=&#8221;repeat&#8221; global_colors_info=&#8221;{}&#8221;][et_pb_column type=&#8221;1_2&#8243; _builder_version=&#8221;4.19.4&#8243; background_color=&#8221;RGBA(255,255,255,0)&#8221; custom_padding=&#8221;|||&#8221; global_colors_info=&#8221;{}&#8221; custom_padding__hover=&#8221;|||&#8221;][et_pb_text _builder_version=&#8221;4.19.4&#8243; text_font=&#8221;Optional Heavy||||||||&#8221; header_font=&#8221;||||||||&#8221; header_3_font=&#8221;Optional Heavy||||||||&#8221; header_3_text_color=&#8221;#764E9A&#8221; background_size=&#8221;initial&#8221; background_position=&#8221;top_left&#8221; background_repeat=&#8221;repeat&#8221; text_orientation=&#8221;center&#8221; module_alignment=&#8221;center&#8221; custom_padding=&#8221;||25px|&#8221; use_border_color=&#8221;off&#8221; border_color=&#8221;#ffffff&#8221; border_style=&#8221;solid&#8221; locked=&#8221;off&#8221; global_colors_info=&#8221;{}&#8221;]<\/p>\n<h3><span style=\"color: #551c48;\">Antti ansas<\/span><\/h3>\n<p>Chairman of the association<\/p>\n<p><span style=\"color: #000000;\"><span style=\"font-weight: 400;\">antti @ porvoojazzfestival.com<\/span><\/span><\/p>\n<p>[\/et_pb_text][et_pb_text _builder_version=&#8221;4.19.4&#8243; text_font=&#8221;Optional Heavy||||||||&#8221; header_font=&#8221;||||||||&#8221; header_3_font=&#8221;Optional Heavy||||||||&#8221; header_3_text_color=&#8221;#764E9A&#8221; background_size=&#8221;initial&#8221; background_position=&#8221;top_left&#8221; background_repeat=&#8221;repeat&#8221; text_orientation=&#8221;center&#8221; module_alignment=&#8221;center&#8221; custom_padding=&#8221;||25px|&#8221; use_border_color=&#8221;off&#8221; border_color=&#8221;#ffffff&#8221; border_style=&#8221;solid&#8221; locked=&#8221;off&#8221; global_colors_info=&#8221;{}&#8221;]<\/p>\n<h3><span style=\"color: #551c48;\">Max Zenger<\/span><\/h3>\n<p>Artistic Director<\/p>\n<p><span style=\"color: #000000;\"><span style=\"font-weight: 400;\">max @ porvoojazzfestival.com<\/span><\/span><\/p>\n<p>[\/et_pb_text][et_pb_text _builder_version=&#8221;4.19.4&#8243; text_font=&#8221;Optional Heavy||||||||&#8221; header_font=&#8221;||||||||&#8221; header_3_font=&#8221;Optional Heavy||||||||&#8221; header_3_text_color=&#8221;#764E9A&#8221; background_size=&#8221;initial&#8221; background_position=&#8221;top_left&#8221; background_repeat=&#8221;repeat&#8221; text_orientation=&#8221;center&#8221; module_alignment=&#8221;center&#8221; custom_padding=&#8221;||25px|&#8221; use_border_color=&#8221;off&#8221; border_color=&#8221;#ffffff&#8221; border_style=&#8221;solid&#8221; locked=&#8221;off&#8221; global_colors_info=&#8221;{}&#8221;]<\/p>\n<h3><span style=\"color: #551c48;\">Elina Brooks<\/span><\/h3>\n<p>Executive Director<\/p>\n<p><span style=\"color: #000000;\"><span style=\"font-weight: 400;\">elina @ porv<\/span><span style=\"font-weight: 400;\">oojazzfestival.com<\/span><\/span><\/p>\n<p>[\/et_pb_text][et_pb_text _builder_version=&#8221;4.19.4&#8243; text_font=&#8221;Optional Heavy||||||||&#8221; header_font=&#8221;||||||||&#8221; header_3_font=&#8221;Optional Heavy||||||||&#8221; header_3_text_color=&#8221;#764E9A&#8221; background_size=&#8221;initial&#8221; background_position=&#8221;top_left&#8221; background_repeat=&#8221;repeat&#8221; text_orientation=&#8221;center&#8221; module_alignment=&#8221;center&#8221; custom_padding=&#8221;||0px|||&#8221; use_border_color=&#8221;off&#8221; border_color=&#8221;#ffffff&#8221; border_style=&#8221;solid&#8221; global_colors_info=&#8221;{}&#8221;]<\/p>\n<h3><span style=\"color: #551c48;\">Ulpu-Leena Hozjajenok<\/span><\/h3>\n<p>Producer<\/p>\n<p><span style=\"color: #000000;\"><span style=\"font-weight: 400;\">ulpu @ porvoojazzfestival.com<\/span><\/span><\/p>\n<p><span style=\"color: #000000;\"><a href=\"tel:++358407345657\" style=\"color: #000000;\"><span style=\"font-weight: 400;\">+358 40 734 5657<\/span><\/a><\/span><\/p>\n<p>[\/et_pb_text][\/et_pb_column][et_pb_column type=&#8221;1_2&#8243; _builder_version=&#8221;4.16&#8243; custom_padding=&#8221;|||&#8221; global_colors_info=&#8221;{}&#8221; custom_padding__hover=&#8221;|||&#8221;][et_pb_text _builder_version=&#8221;4.27.4&#8243; header_font=&#8221;||||||||&#8221; header_3_font=&#8221;||||||||&#8221; header_3_text_color=&#8221;#764E9A&#8221; background_size=&#8221;initial&#8221; background_position=&#8221;top_left&#8221; background_repeat=&#8221;repeat&#8221; text_orientation=&#8221;center&#8221; module_alignment=&#8221;center&#8221; custom_padding=&#8221;||25px|&#8221; use_border_color=&#8221;off&#8221; border_color=&#8221;#ffffff&#8221; border_style=&#8221;solid&#8221; inline_fonts=&#8221;Optional Bold&#8221; global_colors_info=&#8221;{}&#8221;]<\/p>\n<h3><span style=\"color: #551c48; font-family: Optional Bold;\">Kateriina Hozjajenok<\/span><\/h3>\n<p>Art piece &#8220;Heteiden l\u00e4hteill\u00e4&#8221; has been used in the visuals.<br \/><span style=\"color: #000000;\"><a href=\"https:\/\/www.artgalleria-kateriina.com\" style=\"color: #000000;\">www.artgalleria-kateriina.com<\/a><\/span><\/p>\n<p>[\/et_pb_text][et_pb_text _builder_version=&#8221;4.19.4&#8243; header_font=&#8221;||||||||&#8221; header_text_color=&#8221;#764E9A&#8221; header_3_font=&#8221;||||||||&#8221; header_3_text_color=&#8221;#86509A&#8221; background_size=&#8221;initial&#8221; background_position=&#8221;top_left&#8221; background_repeat=&#8221;repeat&#8221; text_orientation=&#8221;center&#8221; module_alignment=&#8221;center&#8221; custom_padding=&#8221;||25px|&#8221; use_border_color=&#8221;off&#8221; border_color=&#8221;#ffffff&#8221; border_style=&#8221;solid&#8221; inline_fonts=&#8221;Optional Bold&#8221; global_colors_info=&#8221;{}&#8221;]<\/p>\n<h3><span style=\"font-family: 'Optional Bold'; color: #551c48;\">Billing address<\/span><\/h3>\n<p><span style=\"font-family: 'Optional Bold';\">Porvoo Jazz Festival Ry<\/span><br \/><span style=\"font-family: 'Optional Bold';\"> Waderstr\u00f6minkuja 6<\/span><br \/><span style=\"font-family: 'Optional Bold';\"> 06100 Porvoo<\/span><\/p>\n<p><span style=\"font-family: 'Optional Bold';\">Invoices can be sent to<\/span><\/p>\n<div class=\"page\" title=\"Page 1\">\n<div class=\"layoutArea\">\n<div class=\"column\">\n<p><span>fennoa.524101@erin.posti.com <\/span><\/p>\n<\/div>\n<\/div>\n<\/div>\n<p><span style=\"font-family: 'Optional Bold';\">Business ID 2565016-5<\/span><\/p>\n<p>[\/et_pb_text][et_pb_text _builder_version=&#8221;4.19.4&#8243; text_font=&#8221;Optional Heavy||||||||&#8221; header_font=&#8221;||||||||&#8221; header_3_font=&#8221;Optional Heavy||||||||&#8221; header_3_text_color=&#8221;#764E9A&#8221; background_size=&#8221;initial&#8221; background_position=&#8221;top_left&#8221; background_repeat=&#8221;repeat&#8221; text_orientation=&#8221;center&#8221; module_alignment=&#8221;center&#8221; custom_padding=&#8221;||25px|&#8221; use_border_color=&#8221;off&#8221; border_color=&#8221;#ffffff&#8221; border_style=&#8221;solid&#8221; global_colors_info=&#8221;{}&#8221;]<\/p>\n<h3><span style=\"color: #551c48;\">Newsletter &amp; Privacy Policy<\/span><\/h3>\n<p><a href=\"https:\/\/porvoojazzfestival.com\/uutiskirje-tietosuojaseloste\/\"><span style=\"color: #551c48;\">Newsletter &amp; Privacy Policy<\/span> <\/a><\/p>\n<p>[\/et_pb_text][et_pb_text _builder_version=&#8221;4.27.4&#8243; text_font=&#8221;Optional Heavy||||||||&#8221; header_font=&#8221;||||||||&#8221; header_3_font=&#8221;Optional Heavy||||||||&#8221; header_3_text_color=&#8221;#764E9A&#8221; background_size=&#8221;initial&#8221; background_position=&#8221;top_left&#8221; background_repeat=&#8221;repeat&#8221; text_orientation=&#8221;center&#8221; module_alignment=&#8221;center&#8221; custom_padding=&#8221;||25px|&#8221; use_border_color=&#8221;off&#8221; border_color=&#8221;#ffffff&#8221; border_style=&#8221;solid&#8221; global_colors_info=&#8221;{}&#8221;]<\/p>\n<h3 style=\"text-align: center;\"><span style=\"color: #551c48;\">Membership of the association:<\/span><\/h3>\n<p style=\"text-align: center;\">Want to get involved or interested in becoming a member? Contact: info@porvoojazzfestival.com <\/p>\n<p>[\/et_pb_text][\/et_pb_column][\/et_pb_row][\/et_pb_section]<\/p>\n","protected":false},"excerpt":{"rendered":"<p>Antti ansas Chairman of the association antti @ porvoojazzfestival.comMax Zenger Artistic Director max @ porvoojazzfestival.comElina Brooks Executive Director elina @ porvoojazzfestival.comUlpu-Leena Hozjajenok Producer ulpu @ porvoojazzfestival.com +358 40 734 5657Kateriina Hozjajenok Art piece &#8220;Heteiden l\u00e4hteill\u00e4&#8221; has been used in the visuals.www.artgalleria-kateriina.comBilling address Porvoo Jazz Festival Ry Waderstr\u00f6minkuja 6 06100 Porvoo Invoices can be sent to [&hellip;]<\/p>\n","protected":false},"author":12,"featured_media":0,"parent":0,"menu_order":0,"comment_status":"closed","ping_status":"closed","template":"","meta":{"_acf_changed":false,"_et_pb_use_builder":"on","_et_pb_old_content":"","_et_gb_content_width":"","footnotes":""},"class_list":["post-12426","page","type-page","status-publish","hentry"],"acf":[],"yoast_head":"<!-- This site is optimized with the Yoast SEO plugin v27.3 - https:\/\/yoast.com\/product\/yoast-seo-wordpress\/ -->\n<title>2025 Contacts - Porvoo Jazz Festival<\/title>\n<meta name=\"robots\" content=\"index, follow, max-snippet:-1, max-image-preview:large, max-video-preview:-1\" \/>\n<link rel=\"canonical\" href=\"https:\/\/porvoojazzfestival.com\/en\/2025-contacts\/\" \/>\n<meta property=\"og:locale\" content=\"en_US\" \/>\n<meta property=\"og:type\" content=\"article\" \/>\n<meta property=\"og:title\" content=\"2025 Contacts - Porvoo Jazz Festival\" \/>\n<meta property=\"og:description\" content=\"Antti ansas Chairman of the association antti @ porvoojazzfestival.comMax Zenger Artistic Director max @ porvoojazzfestival.comElina Brooks Executive Director elina @ porvoojazzfestival.comUlpu-Leena Hozjajenok Producer ulpu @ porvoojazzfestival.com +358 40 734 5657Kateriina Hozjajenok Art piece &quot;Heteiden l\u00e4hteill\u00e4&quot; has been used in the visuals.www.artgalleria-kateriina.comBilling address Porvoo Jazz Festival Ry Waderstr\u00f6minkuja 6 06100 Porvoo Invoices can be sent to [&hellip;]\" \/>\n<meta property=\"og:url\" content=\"https:\/\/porvoojazzfestival.com\/en\/2025-contacts\/\" \/>\n<meta property=\"og:site_name\" content=\"Porvoo Jazz Festival\" \/>\n<meta property=\"article:publisher\" content=\"https:\/\/www.facebook.com\/PorvooJazzFestival\/\" \/>\n<meta property=\"article:modified_time\" content=\"2026-01-12T09:58:45+00:00\" \/>\n<meta property=\"og:image\" content=\"https:\/\/porvoojazzfestival.com\/wp-content\/uploads\/2025\/04\/PorvooJazzFest.jpg\" \/>\n\t<meta property=\"og:image:width\" content=\"1280\" \/>\n\t<meta property=\"og:image:height\" content=\"670\" \/>\n\t<meta property=\"og:image:type\" content=\"image\/jpeg\" \/>\n<meta name=\"twitter:card\" content=\"summary_large_image\" \/>\n<meta name=\"twitter:site\" content=\"@porvoojazzfest\" \/>\n<meta name=\"twitter:label1\" content=\"Est. reading time\" \/>\n\t<meta name=\"twitter:data1\" content=\"4 minutes\" \/>\n<script type=\"application\/ld+json\" class=\"yoast-schema-graph\">{\"@context\":\"https:\\\/\\\/schema.org\",\"@graph\":[{\"@type\":\"WebPage\",\"@id\":\"https:\\\/\\\/porvoojazzfestival.com\\\/en\\\/2025-contacts\\\/\",\"url\":\"https:\\\/\\\/porvoojazzfestival.com\\\/en\\\/2025-contacts\\\/\",\"name\":\"2025 Contacts - Porvoo Jazz Festival\",\"isPartOf\":{\"@id\":\"https:\\\/\\\/porvoojazzfestival.com\\\/en\\\/#website\"},\"datePublished\":\"2025-08-12T11:57:17+00:00\",\"dateModified\":\"2026-01-12T09:58:45+00:00\",\"breadcrumb\":{\"@id\":\"https:\\\/\\\/porvoojazzfestival.com\\\/en\\\/2025-contacts\\\/#breadcrumb\"},\"inLanguage\":\"en-US\",\"potentialAction\":[{\"@type\":\"ReadAction\",\"target\":[\"https:\\\/\\\/porvoojazzfestival.com\\\/en\\\/2025-contacts\\\/\"]}]},{\"@type\":\"BreadcrumbList\",\"@id\":\"https:\\\/\\\/porvoojazzfestival.com\\\/en\\\/2025-contacts\\\/#breadcrumb\",\"itemListElement\":[{\"@type\":\"ListItem\",\"position\":1,\"name\":\"Home\",\"item\":\"https:\\\/\\\/porvoojazzfestival.com\\\/en\\\/porvoo-jazz-club-new\\\/\"},{\"@type\":\"ListItem\",\"position\":2,\"name\":\"2025 Contacts\"}]},{\"@type\":\"WebSite\",\"@id\":\"https:\\\/\\\/porvoojazzfestival.com\\\/en\\\/#website\",\"url\":\"https:\\\/\\\/porvoojazzfestival.com\\\/en\\\/\",\"name\":\"Porvoo Jazz Festival\",\"description\":\"The Cosy Jazz Fest\",\"publisher\":{\"@id\":\"https:\\\/\\\/porvoojazzfestival.com\\\/en\\\/#organization\"},\"potentialAction\":[{\"@type\":\"SearchAction\",\"target\":{\"@type\":\"EntryPoint\",\"urlTemplate\":\"https:\\\/\\\/porvoojazzfestival.com\\\/en\\\/?s={search_term_string}\"},\"query-input\":{\"@type\":\"PropertyValueSpecification\",\"valueRequired\":true,\"valueName\":\"search_term_string\"}}],\"inLanguage\":\"en-US\"},{\"@type\":\"Organization\",\"@id\":\"https:\\\/\\\/porvoojazzfestival.com\\\/en\\\/#organization\",\"name\":\"Porvoo Jazz Festival\",\"url\":\"https:\\\/\\\/porvoojazzfestival.com\\\/en\\\/\",\"logo\":{\"@type\":\"ImageObject\",\"inLanguage\":\"en-US\",\"@id\":\"https:\\\/\\\/porvoojazzfestival.com\\\/en\\\/#\\\/schema\\\/logo\\\/image\\\/\",\"url\":\"https:\\\/\\\/porvoojazzfestival.com\\\/wp-content\\\/uploads\\\/2025\\\/01\\\/cropped-Porvoo-Jazz-Festival-Favicon.png\",\"contentUrl\":\"https:\\\/\\\/porvoojazzfestival.com\\\/wp-content\\\/uploads\\\/2025\\\/01\\\/cropped-Porvoo-Jazz-Festival-Favicon.png\",\"width\":512,\"height\":512,\"caption\":\"Porvoo Jazz Festival\"},\"image\":{\"@id\":\"https:\\\/\\\/porvoojazzfestival.com\\\/en\\\/#\\\/schema\\\/logo\\\/image\\\/\"},\"sameAs\":[\"https:\\\/\\\/www.facebook.com\\\/PorvooJazzFestival\\\/\",\"https:\\\/\\\/x.com\\\/porvoojazzfest\"]}]}<\/script>\n<!-- \/ Yoast SEO plugin. -->","yoast_head_json":{"title":"2025 Contacts - Porvoo Jazz Festival","robots":{"index":"index","follow":"follow","max-snippet":"max-snippet:-1","max-image-preview":"max-image-preview:large","max-video-preview":"max-video-preview:-1"},"canonical":"https:\/\/porvoojazzfestival.com\/en\/2025-contacts\/","og_locale":"en_US","og_type":"article","og_title":"2025 Contacts - Porvoo Jazz Festival","og_description":"Antti ansas Chairman of the association antti @ porvoojazzfestival.comMax Zenger Artistic Director max @ porvoojazzfestival.comElina Brooks Executive Director elina @ porvoojazzfestival.comUlpu-Leena Hozjajenok Producer ulpu @ porvoojazzfestival.com +358 40 734 5657Kateriina Hozjajenok Art piece \"Heteiden l\u00e4hteill\u00e4\" has been used in the visuals.www.artgalleria-kateriina.comBilling address Porvoo Jazz Festival Ry Waderstr\u00f6minkuja 6 06100 Porvoo Invoices can be sent to [&hellip;]","og_url":"https:\/\/porvoojazzfestival.com\/en\/2025-contacts\/","og_site_name":"Porvoo Jazz Festival","article_publisher":"https:\/\/www.facebook.com\/PorvooJazzFestival\/","article_modified_time":"2026-01-12T09:58:45+00:00","og_image":[{"width":1280,"height":670,"url":"https:\/\/porvoojazzfestival.com\/wp-content\/uploads\/2025\/04\/PorvooJazzFest.jpg","type":"image\/jpeg"}],"twitter_card":"summary_large_image","twitter_site":"@porvoojazzfest","twitter_misc":{"Est. reading time":"4 minutes"},"schema":{"@context":"https:\/\/schema.org","@graph":[{"@type":"WebPage","@id":"https:\/\/porvoojazzfestival.com\/en\/2025-contacts\/","url":"https:\/\/porvoojazzfestival.com\/en\/2025-contacts\/","name":"2025 Contacts - Porvoo Jazz Festival","isPartOf":{"@id":"https:\/\/porvoojazzfestival.com\/en\/#website"},"datePublished":"2025-08-12T11:57:17+00:00","dateModified":"2026-01-12T09:58:45+00:00","breadcrumb":{"@id":"https:\/\/porvoojazzfestival.com\/en\/2025-contacts\/#breadcrumb"},"inLanguage":"en-US","potentialAction":[{"@type":"ReadAction","target":["https:\/\/porvoojazzfestival.com\/en\/2025-contacts\/"]}]},{"@type":"BreadcrumbList","@id":"https:\/\/porvoojazzfestival.com\/en\/2025-contacts\/#breadcrumb","itemListElement":[{"@type":"ListItem","position":1,"name":"Home","item":"https:\/\/porvoojazzfestival.com\/en\/porvoo-jazz-club-new\/"},{"@type":"ListItem","position":2,"name":"2025 Contacts"}]},{"@type":"WebSite","@id":"https:\/\/porvoojazzfestival.com\/en\/#website","url":"https:\/\/porvoojazzfestival.com\/en\/","name":"Porvoo Jazz Festival","description":"The Cosy Jazz Fest","publisher":{"@id":"https:\/\/porvoojazzfestival.com\/en\/#organization"},"potentialAction":[{"@type":"SearchAction","target":{"@type":"EntryPoint","urlTemplate":"https:\/\/porvoojazzfestival.com\/en\/?s={search_term_string}"},"query-input":{"@type":"PropertyValueSpecification","valueRequired":true,"valueName":"search_term_string"}}],"inLanguage":"en-US"},{"@type":"Organization","@id":"https:\/\/porvoojazzfestival.com\/en\/#organization","name":"Porvoo Jazz Festival","url":"https:\/\/porvoojazzfestival.com\/en\/","logo":{"@type":"ImageObject","inLanguage":"en-US","@id":"https:\/\/porvoojazzfestival.com\/en\/#\/schema\/logo\/image\/","url":"https:\/\/porvoojazzfestival.com\/wp-content\/uploads\/2025\/01\/cropped-Porvoo-Jazz-Festival-Favicon.png","contentUrl":"https:\/\/porvoojazzfestival.com\/wp-content\/uploads\/2025\/01\/cropped-Porvoo-Jazz-Festival-Favicon.png","width":512,"height":512,"caption":"Porvoo Jazz Festival"},"image":{"@id":"https:\/\/porvoojazzfestival.com\/en\/#\/schema\/logo\/image\/"},"sameAs":["https:\/\/www.facebook.com\/PorvooJazzFestival\/","https:\/\/x.com\/porvoojazzfest"]}]}},"_links":{"self":[{"href":"https:\/\/porvoojazzfestival.com\/en\/wp-json\/wp\/v2\/pages\/12426","targetHints":{"allow":["GET"]}}],"collection":[{"href":"https:\/\/porvoojazzfestival.com\/en\/wp-json\/wp\/v2\/pages"}],"about":[{"href":"https:\/\/porvoojazzfestival.com\/en\/wp-json\/wp\/v2\/types\/page"}],"author":[{"embeddable":true,"href":"https:\/\/porvoojazzfestival.com\/en\/wp-json\/wp\/v2\/users\/12"}],"replies":[{"embeddable":true,"href":"https:\/\/porvoojazzfestival.com\/en\/wp-json\/wp\/v2\/comments?post=12426"}],"version-history":[{"count":1,"href":"https:\/\/porvoojazzfestival.com\/en\/wp-json\/wp\/v2\/pages\/12426\/revisions"}],"predecessor-version":[{"id":12909,"href":"https:\/\/porvoojazzfestival.com\/en\/wp-json\/wp\/v2\/pages\/12426\/revisions\/12909"}],"wp:attachment":[{"href":"https:\/\/porvoojazzfestival.com\/en\/wp-json\/wp\/v2\/media?parent=12426"}],"curies":[{"name":"wp","href":"https:\/\/api.w.org\/{rel}","templated":true}]}}