{"id":10105,"date":"2024-05-17T12:26:32","date_gmt":"2024-05-17T09:26:32","guid":{"rendered":"https:\/\/porvoojazzfestival.com\/venues-24\/"},"modified":"2024-11-14T11:49:25","modified_gmt":"2024-11-14T09:49:25","slug":"venues-24","status":"publish","type":"page","link":"https:\/\/porvoojazzfestival.com\/en\/venues-24\/","title":{"rendered":"VENUES 24"},"content":{"rendered":"<p>[et_pb_section fb_built=&#8221;1&#8243; _builder_version=&#8221;4.17.4&#8243; _module_preset=&#8221;default&#8221; custom_padding=&#8221;50px||6px|||&#8221; da_disable_devices=&#8221;off|off|off&#8221; global_colors_info=&#8221;{}&#8221; da_is_popup=&#8221;off&#8221; da_exit_intent=&#8221;off&#8221; da_has_close=&#8221;on&#8221; da_alt_close=&#8221;off&#8221; da_dark_close=&#8221;off&#8221; da_not_modal=&#8221;on&#8221; da_is_singular=&#8221;off&#8221; da_with_loader=&#8221;off&#8221; da_has_shadow=&#8221;on&#8221;][et_pb_row _builder_version=&#8221;4.17.4&#8243; _module_preset=&#8221;default&#8221; global_colors_info=&#8221;{}&#8221;][et_pb_column type=&#8221;4_4&#8243; _builder_version=&#8221;4.17.4&#8243; _module_preset=&#8221;default&#8221; global_colors_info=&#8221;{}&#8221;][et_pb_text admin_label=&#8221;Teksti&#8221; _builder_version=&#8221;4.17.4&#8243; header_font=&#8221;||||||||&#8221; header_text_color=&#8221;#000000&#8243; header_2_font=&#8221;Optional Light|600|||||||&#8221; header_2_text_align=&#8221;center&#8221; header_2_text_color=&#8221;#000000&#8243; header_2_font_size=&#8221;50px&#8221; header_2_line_height=&#8221;1.2em&#8221; header_2_font_size_tablet=&#8221;50px&#8221; header_2_font_size_phone=&#8221;30px&#8221; header_2_font_size_last_edited=&#8221;on|phone&#8221; global_colors_info=&#8221;{}&#8221;]<\/p>\n<h2>venues &amp; Accessibility<\/h2>\n<p>[\/et_pb_text][\/et_pb_column][\/et_pb_row][\/et_pb_section][et_pb_section fb_built=&#8221;1&#8243; _builder_version=&#8221;4.17.4&#8243; _module_preset=&#8221;default&#8221; width=&#8221;100%&#8221; module_alignment=&#8221;center&#8221; custom_padding=&#8221;||170px|||&#8221; da_disable_devices=&#8221;off|off|off&#8221; global_colors_info=&#8221;{}&#8221; da_is_popup=&#8221;off&#8221; da_exit_intent=&#8221;off&#8221; da_has_close=&#8221;on&#8221; da_alt_close=&#8221;off&#8221; da_dark_close=&#8221;off&#8221; da_not_modal=&#8221;on&#8221; da_is_singular=&#8221;off&#8221; da_with_loader=&#8221;off&#8221; da_has_shadow=&#8221;on&#8221;][et_pb_row _builder_version=&#8221;4.19.4&#8243; _module_preset=&#8221;default&#8221; background_color=&#8221;#FFFFFF&#8221; module_alignment=&#8221;center&#8221; global_colors_info=&#8221;{}&#8221;][et_pb_column type=&#8221;4_4&#8243; _builder_version=&#8221;4.19.4&#8243; _module_preset=&#8221;default&#8221; background_color=&#8221;#F6F2EC&#8221; custom_padding=&#8221;18px|0px|18px|19px|true|false&#8221; box_shadow_style=&#8221;preset2&#8243; box_shadow_horizontal=&#8221;-60px&#8221; box_shadow_vertical=&#8221;-46px&#8221; box_shadow_blur=&#8221;0px&#8221; box_shadow_spread=&#8221;-29px&#8221; box_shadow_color=&#8221;#96C2C6&#8243; box_shadow_horizontal_tablet=&#8221;&#8221; box_shadow_horizontal_phone=&#8221;-45px&#8221; box_shadow_horizontal_last_edited=&#8221;on|tablet&#8221; box_shadow_vertical_tablet=&#8221;-55px&#8221; box_shadow_vertical_phone=&#8221;&#8221; box_shadow_vertical_last_edited=&#8221;on|tablet&#8221; global_colors_info=&#8221;{}&#8221;][et_pb_text _builder_version=&#8221;4.17.4&#8243; header_font=&#8221;||||||||&#8221; header_font_size=&#8221;34px&#8221; header_3_font=&#8221;Open Sans|600|||||||&#8221; header_3_font_size=&#8221;36px&#8221; header_3_line_height=&#8221;1.6em&#8221; header_4_font=&#8221;Optional Med||||||||&#8221; header_4_text_color=&#8221;#000000&#8243; custom_margin=&#8221;8px||6px||false|false&#8221; locked=&#8221;off&#8221; global_colors_info=&#8221;{}&#8221; text_text_color__hover=&#8221;#60A7B1&#8243; text_text_color__hover_enabled=&#8221;on|desktop&#8221; link_text_color__hover=&#8221;#952619&#8243; link_text_color__hover_enabled=&#8221;on|desktop&#8221; header_3_text_color__hover=&#8221;#952619&#8243; header_3_text_color__hover_enabled=&#8221;on|desktop&#8221;]<\/p>\n<h4>Kaivokatu 37 B, Porvoo<\/h4>\n<p>[\/et_pb_text][et_pb_text _builder_version=&#8221;4.27.2&#8243; text_text_color=&#8221;#0A334C&#8221; text_font_size=&#8221;18px&#8221; text_line_height=&#8221;1.6em&#8221; header_font=&#8221;||||||||&#8221; header_text_color=&#8221;#A5B9E6&#8243; header_font_size=&#8221;34px&#8221; header_3_font=&#8221;Optional Med|600|||||||&#8221; header_3_text_color=&#8221;#C21B56&#8243; header_3_font_size=&#8221;36px&#8221; header_3_line_height=&#8221;1.2em&#8221; custom_margin=&#8221;8px||||false|false&#8221; hover_enabled=&#8221;0&#8243; locked=&#8221;off&#8221; global_colors_info=&#8221;{}&#8221; header_3_text_color__hover_enabled=&#8221;on|desktop&#8221; header_3_text_color__hover=&#8221;#952619&#8243; text_text_color__hover_enabled=&#8221;on|hover&#8221; link_text_color__hover=&#8221;#B8331F&#8221; link_text_color__hover_enabled=&#8221;off|desktop&#8221; text_text_color__hover=&#8221;#000000&#8243; sticky_enabled=&#8221;0&#8243;]<\/p>\n<h3>VANHA 123<\/h3>\n<p><span style=\"color: #0a334c;\">Inside the old stone walls of the WSOY building, in the premises of a former cinema, beats the cultural heart of the festival. Vanha 123, which has three hundred-seats per hall, is a meeting place for diverse cultural events. The cozy and delicious Aatos Caf\u00e9 is located in the lobby.  The space is accessible <span style=\"font-weight: 400;\">entrance thresholds have been removed by building a ramp that meets accessibility standards. There is also a barrier-free toilet on the same floor in the cultural space. If you have any questions about the space&#8217;s accessibility, please contact: info@porvoojazzfestival.com.  <\/span><\/span><\/p>\n<p><span style=\"font-weight: 400; color: #;\">At the Porvoo Jazz Festival, the audience of Vanha 123 will be served a whole experience with one ticket. When the doors open, the public can enjoy record music with a glass of wine, for example. The gigs start simultaneously in halls 1 and 2. After a short break, the audience switches seats and hears the second performer of the evening.   <\/span><\/p>\n<p><span style=\"color: #;\">During the festival, the entire space is K-18<\/span><\/p>\n<p>[\/et_pb_text][et_pb_button button_url=&#8221;https:\/\/vanha123.com&#8221; url_new_window=&#8221;on&#8221; button_text=&#8221;vanha 123&#8243; button_alignment=&#8221;left&#8221; disabled_on=&#8221;off|off|off&#8221; _builder_version=&#8221;4.19.4&#8243; custom_button=&#8221;on&#8221; button_text_size=&#8221;20px&#8221; button_bg_color=&#8221;#764E9A&#8221; button_border_width=&#8221;0px&#8221; button_border_radius=&#8221;0px&#8221; button_letter_spacing=&#8221;2px&#8221; button_font=&#8221;Optional Heavy|700||on|||||&#8221; button_use_icon=&#8221;off&#8221; custom_padding=&#8221;17px|26px|17px|26px|true|true&#8221; locked=&#8221;off&#8221; global_colors_info=&#8221;{}&#8221; button_bg_color__hover_enabled=&#8221;on|hover&#8221; button_bg_color_gradient_start__hover=&#8221;#ff5e23&#8243; button_bg_color__hover=&#8221;#B8331F&#8221; button_bg_color_gradient_stops__hover=&#8221;#ff5e23 0%|#f46aa0 100%&#8221; button_bg_enable_color__hover=&#8221;on&#8221;][\/et_pb_button][\/et_pb_column][\/et_pb_row][et_pb_row _builder_version=&#8221;4.19.4&#8243; _module_preset=&#8221;default&#8221; module_alignment=&#8221;center&#8221; global_colors_info=&#8221;{}&#8221;][et_pb_column type=&#8221;4_4&#8243; _builder_version=&#8221;4.19.4&#8243; _module_preset=&#8221;default&#8221; background_color=&#8221;#F7F7F1&#8243; custom_padding=&#8221;18px|0px|18px|19px|true|false&#8221; box_shadow_style=&#8221;preset2&#8243; box_shadow_horizontal=&#8221;-60px&#8221; box_shadow_vertical=&#8221;-46px&#8221; box_shadow_blur=&#8221;0px&#8221; box_shadow_spread=&#8221;-29px&#8221; box_shadow_color=&#8221;#96C2C6&#8243; box_shadow_horizontal_tablet=&#8221;&#8221; box_shadow_horizontal_phone=&#8221;-45px&#8221; box_shadow_horizontal_last_edited=&#8221;on|tablet&#8221; box_shadow_vertical_tablet=&#8221;-55px&#8221; box_shadow_vertical_phone=&#8221;&#8221; box_shadow_vertical_last_edited=&#8221;on|tablet&#8221; global_colors_info=&#8221;{}&#8221;][et_pb_text _builder_version=&#8221;4.19.4&#8243; header_font=&#8221;||||||||&#8221; header_font_size=&#8221;34px&#8221; header_3_font=&#8221;Open Sans|600|||||||&#8221; header_3_font_size=&#8221;36px&#8221; header_3_line_height=&#8221;1.6em&#8221; header_4_font=&#8221;Optional Med||||||||&#8221; header_4_text_color=&#8221;#000000&#8243; custom_margin=&#8221;8px||6px||false|false&#8221; locked=&#8221;off&#8221; global_colors_info=&#8221;{}&#8221; text_text_color__hover=&#8221;#60A7B1&#8243; text_text_color__hover_enabled=&#8221;on|desktop&#8221; link_text_color__hover=&#8221;#952619&#8243; link_text_color__hover_enabled=&#8221;on|desktop&#8221; header_3_text_color__hover=&#8221;#952619&#8243; header_3_text_color__hover_enabled=&#8221;on|desktop&#8221;]<\/p>\n<h4>Kaivokatu 37 , Porvoo<\/h4>\n<p>[\/et_pb_text][et_pb_text _builder_version=&#8221;4.19.4&#8243; text_text_color=&#8221;#313063&#8243; text_font_size=&#8221;18px&#8221; text_line_height=&#8221;1.6em&#8221; header_font=&#8221;||||||||&#8221; header_text_color=&#8221;#C21B56&#8243; header_font_size=&#8221;34px&#8221; header_3_font=&#8221;Optional Med|600|||||||&#8221; header_3_text_color=&#8221;#C21B56&#8243; header_3_font_size=&#8221;36px&#8221; header_3_line_height=&#8221;1.2em&#8221; custom_margin=&#8221;8px||||false|false&#8221; locked=&#8221;off&#8221; global_colors_info=&#8221;{}&#8221; header_3_text_color__hover_enabled=&#8221;on|desktop&#8221; header_3_text_color__hover=&#8221;#952619&#8243; text_text_color__hover_enabled=&#8221;on|hover&#8221; link_text_color__hover=&#8221;#B8331F&#8221; link_text_color__hover_enabled=&#8221;off|desktop&#8221; text_text_color__hover=&#8221;#000000&#8243;]<\/p>\n<h3>VANHA Pantteri<\/h3>\n<p><span style=\"font-weight: 400;\">True to its traditions, Porvoo Jazz Festival ry takes over a new abandoned space this year. This time too, the venue for the late night and children&#8217;s concert can be found surprisingly close, right on the side of Vanha 123, the next door! Until 2013, the entertainment center known as the Red Panther operated as a billiard hall and bar with versatile gaming machines. In honor of its predecessor, the festival&#8217;s pop-up space was named the Old Panther. During the late-night concerts, the entire space is a drinking area, so events starting after 10 pm are K-18.     <\/span><\/p>\n<p><span style=\"font-weight: 400;\">Pantteri also has its own covered terrace with a drinking area, where Hodarikeisar&#8217;is stall offers help when you get hungry! <\/span><\/p>\n<p>[\/et_pb_text][et_pb_button button_url=&#8221;https:\/\/vanha123.com&#8221; url_new_window=&#8221;on&#8221; button_text=&#8221;vanha 123&#8243; button_alignment=&#8221;left&#8221; disabled_on=&#8221;off|off|off&#8221; _builder_version=&#8221;4.19.4&#8243; custom_button=&#8221;on&#8221; button_text_size=&#8221;20px&#8221; button_bg_color=&#8221;#764E9A&#8221; button_border_width=&#8221;0px&#8221; button_border_radius=&#8221;0px&#8221; button_letter_spacing=&#8221;2px&#8221; button_font=&#8221;Optional Heavy|700||on|||||&#8221; button_use_icon=&#8221;off&#8221; custom_padding=&#8221;17px|26px|17px|26px|true|true&#8221; locked=&#8221;off&#8221; global_colors_info=&#8221;{}&#8221; button_bg_color__hover_enabled=&#8221;on|hover&#8221; button_bg_color_gradient_start__hover=&#8221;#ff5e23&#8243; button_bg_color__hover=&#8221;#B8331F&#8221; button_bg_color_gradient_stops__hover=&#8221;#ff5e23 0%|#f46aa0 100%&#8221; button_bg_enable_color__hover=&#8221;on&#8221;][\/et_pb_button][\/et_pb_column][\/et_pb_row][et_pb_row _builder_version=&#8221;4.19.4&#8243; _module_preset=&#8221;default&#8221; background_color=&#8221;RGBA(255,255,255,0)&#8221; module_alignment=&#8221;center&#8221; global_colors_info=&#8221;{}&#8221;][et_pb_column type=&#8221;4_4&#8243; _builder_version=&#8221;4.19.4&#8243; _module_preset=&#8221;default&#8221; background_color=&#8221;#F7F7F1&#8243; custom_padding=&#8221;18px|0px|18px|19px|true|false&#8221; custom_padding_tablet=&#8221;&#8221; custom_padding_phone=&#8221;|19px|||true|false&#8221; custom_padding_last_edited=&#8221;on|phone&#8221; box_shadow_style=&#8221;preset4&#8243; box_shadow_horizontal=&#8221;20px&#8221; box_shadow_vertical=&#8221;23px&#8221; box_shadow_color=&#8221;#96C2C6&#8243; box_shadow_horizontal_tablet=&#8221;26px&#8221; box_shadow_horizontal_phone=&#8221;&#8221; box_shadow_horizontal_last_edited=&#8221;on|tablet&#8221; box_shadow_vertical_tablet=&#8221;-21px&#8221; box_shadow_vertical_phone=&#8221;&#8221; box_shadow_vertical_last_edited=&#8221;on|tablet&#8221; box_shadow_spread_tablet=&#8221;-1px&#8221; box_shadow_spread_phone=&#8221;&#8221; box_shadow_spread_last_edited=&#8221;on|tablet&#8221; global_colors_info=&#8221;{}&#8221;][et_pb_text _builder_version=&#8221;4.19.4&#8243; _dynamic_attributes=&#8221;link_option_url&#8221; header_font=&#8221;||||||||&#8221; header_font_size=&#8221;34px&#8221; header_3_font=&#8221;Open Sans|600|||||||&#8221; header_3_font_size=&#8221;36px&#8221; header_3_line_height=&#8221;1.6em&#8221; header_4_font=&#8221;Optional Med||||||||&#8221; header_4_text_color=&#8221;#000000&#8243; custom_margin=&#8221;8px||||false|false&#8221; link_option_url=&#8221;@ET-DC@eyJkeW5hbWljIjp0cnVlLCJjb250ZW50IjoicG9zdF9saW5rX3VybF9wYWdlIiwic2V0dGluZ3MiOnsicG9zdF9pZCI6IjQwOTkiLCJlbmFibGVfaHRtbCI6Im9mZiJ9fQ==@&#8221; locked=&#8221;off&#8221; global_colors_info=&#8221;{}&#8221;]<\/p>\n<h4><span style=\"font-weight: 400;\">L\u00e4ntinen Aleksanterinkatu 1, Taidehalli 2.floor , Porvoo<\/span><\/h4>\n<p>[\/et_pb_text][et_pb_text _builder_version=&#8221;4.27.2&#8243; text_text_color=&#8221;#000000&#8243; text_font_size=&#8221;18px&#8221; text_line_height=&#8221;1.6em&#8221; header_font=&#8221;||||||||&#8221; header_text_color=&#8221;#C21B56&#8243; header_font_size=&#8221;34px&#8221; header_3_font=&#8221;Optional Med|600|||||||&#8221; header_3_text_color=&#8221;#C21B56&#8243; header_3_font_size=&#8221;36px&#8221; header_3_line_height=&#8221;1.2em&#8221; custom_margin=&#8221;8px||||false|false&#8221; locked=&#8221;off&#8221; global_colors_info=&#8221;{}&#8221; header_3_text_color__hover_enabled=&#8221;on|desktop&#8221; header_3_text_color__hover=&#8221;#952619&#8243; text_text_color__hover_enabled=&#8221;on|hover&#8221; link_text_color__hover=&#8221;#952619&#8243; link_text_color__hover_enabled=&#8221;on|desktop&#8221; text_text_color__hover=&#8221;#000000&#8243;]<\/p>\n<h3>Porvoo Art Hall<\/h3>\n<p><span style=\"font-weight: 400;\">Porvoo Art Hall is located inside Porvoo Art Factory. The solo and group exhibitions of contemporary art change approx. every month. During the Porvoo Jazz Festival, in addition to Yrj\u00f6 A. J\u00e4nt&#8217;s art collection, we have the pleasure of enjoying the exhibition of sculptor <span>Felipe de \u00c1vila Franco<\/span>. Surrounded by the exhibition we can enjoy the solo shows of clarinetist Joris Roelofs on saturday and Mikko Iivanainen on sunday. Art loan company Konsta and Shop is a place for art and design purchases and it operates also in Art Hall.    <\/span><\/p>\n<p>[\/et_pb_text][et_pb_button button_url=&#8221;https:\/\/www.taidetehdas.fi\/porvoon-taidehalli\/&#8221; url_new_window=&#8221;on&#8221; button_text=&#8221;arthall&#8221; button_alignment=&#8221;left&#8221; disabled_on=&#8221;off|off|off&#8221; _builder_version=&#8221;4.19.4&#8243; custom_button=&#8221;on&#8221; button_text_size=&#8221;20px&#8221; button_bg_color=&#8221;#764E9A&#8221; button_border_width=&#8221;0px&#8221; button_border_radius=&#8221;0px&#8221; button_letter_spacing=&#8221;2px&#8221; button_font=&#8221;Optional Heavy|700||on|||||&#8221; button_use_icon=&#8221;off&#8221; custom_padding=&#8221;17px|26px|17px|26px|true|true&#8221; locked=&#8221;off&#8221; global_colors_info=&#8221;{}&#8221; button_bg_color__hover_enabled=&#8221;on|hover&#8221; button_bg_color_gradient_start__hover=&#8221;#ff5e23&#8243; button_bg_color__hover=&#8221;#B8331F&#8221; button_bg_color_gradient_stops__hover=&#8221;#ff5e23 0%|#f46aa0 100%&#8221; button_bg_enable_color__hover=&#8221;on&#8221;][\/et_pb_button][\/et_pb_column][\/et_pb_row][\/et_pb_section][et_pb_section fb_built=&#8221;1&#8243; disabled_on=&#8221;off|off|off&#8221; admin_label=&#8221;Footer&#8221; _builder_version=&#8221;4.19.4&#8243; background_color=&#8221;RGBA(255,255,255,0)&#8221; background_enable_image=&#8221;off&#8221; background_size=&#8221;custom&#8221; background_image_width=&#8221;26%&#8221; background_position=&#8221;center_left&#8221; custom_padding=&#8221;||120px|||&#8221; da_disable_devices=&#8221;off|off|off&#8221; global_module=&#8221;6857&#8243; saved_tabs=&#8221;all&#8221; locked=&#8221;off&#8221; global_colors_info=&#8221;{}&#8221; da_is_popup=&#8221;off&#8221; da_exit_intent=&#8221;off&#8221; da_has_close=&#8221;on&#8221; da_alt_close=&#8221;off&#8221; da_dark_close=&#8221;off&#8221; da_not_modal=&#8221;on&#8221; da_is_singular=&#8221;off&#8221; da_with_loader=&#8221;off&#8221; da_has_shadow=&#8221;on&#8221;][\/et_pb_section]<\/p>\n","protected":false},"excerpt":{"rendered":"<p>venues &amp; AccessibilityKaivokatu 37 B, PorvooVANHA 123 Inside the old stone walls of the WSOY building, in the premises of a former cinema, beats the cultural heart of the festival. Vanha 123, which has three hundred-seats per hall, is a meeting place for diverse cultural events. The cozy and delicious Aatos Caf\u00e9 is located in [&hellip;]<\/p>\n","protected":false},"author":4,"featured_media":4162,"parent":0,"menu_order":0,"comment_status":"closed","ping_status":"closed","template":"","meta":{"_acf_changed":false,"_et_pb_use_builder":"on","_et_pb_old_content":"","_et_gb_content_width":"","footnotes":""},"class_list":["post-10105","page","type-page","status-publish","has-post-thumbnail","hentry"],"acf":[],"yoast_head":"<!-- This site is optimized with the Yoast SEO plugin v27.4 - https:\/\/yoast.com\/product\/yoast-seo-wordpress\/ -->\n<title>VENUES 24 - Porvoo Jazz Festival<\/title>\n<meta name=\"robots\" content=\"index, follow, max-snippet:-1, max-image-preview:large, max-video-preview:-1\" \/>\n<link rel=\"canonical\" href=\"https:\/\/porvoojazzfestival.com\/en\/venues-24\/\" \/>\n<meta property=\"og:locale\" content=\"en_US\" \/>\n<meta property=\"og:type\" content=\"article\" \/>\n<meta property=\"og:title\" content=\"Porvoo Jazz Festival\" \/>\n<meta property=\"og:description\" content=\"Program\" \/>\n<meta property=\"og:url\" content=\"https:\/\/porvoojazzfestival.com\/en\/venues-24\/\" \/>\n<meta property=\"og:site_name\" content=\"Porvoo Jazz Festival\" \/>\n<meta property=\"article:publisher\" content=\"https:\/\/www.facebook.com\/PorvooJazzFestival\/\" \/>\n<meta property=\"article:modified_time\" content=\"2024-11-14T09:49:25+00:00\" \/>\n<meta property=\"og:image\" content=\"https:\/\/porvoojazzfestival.com\/wp-content\/uploads\/2019\/06\/PJF-2019-logo.png\" \/>\n<meta name=\"twitter:card\" content=\"summary_large_image\" \/>\n<meta name=\"twitter:site\" content=\"@porvoojazzfest\" \/>\n<meta name=\"twitter:label1\" content=\"Est. reading time\" \/>\n\t<meta name=\"twitter:data1\" content=\"9 minutes\" \/>\n<script type=\"application\/ld+json\" class=\"yoast-schema-graph\">{\"@context\":\"https:\\\/\\\/schema.org\",\"@graph\":[{\"@type\":\"WebPage\",\"@id\":\"https:\\\/\\\/porvoojazzfestival.com\\\/en\\\/venues-24\\\/\",\"url\":\"https:\\\/\\\/porvoojazzfestival.com\\\/en\\\/venues-24\\\/\",\"name\":\"VENUES 24 - Porvoo Jazz Festival\",\"isPartOf\":{\"@id\":\"https:\\\/\\\/porvoojazzfestival.com\\\/en\\\/#website\"},\"primaryImageOfPage\":{\"@id\":\"https:\\\/\\\/porvoojazzfestival.com\\\/en\\\/venues-24\\\/#primaryimage\"},\"image\":{\"@id\":\"https:\\\/\\\/porvoojazzfestival.com\\\/en\\\/venues-24\\\/#primaryimage\"},\"thumbnailUrl\":\"https:\\\/\\\/porvoojazzfestival.com\\\/wp-content\\\/uploads\\\/2020\\\/08\\\/PJF2020.png\",\"datePublished\":\"2024-05-17T09:26:32+00:00\",\"dateModified\":\"2024-11-14T09:49:25+00:00\",\"breadcrumb\":{\"@id\":\"https:\\\/\\\/porvoojazzfestival.com\\\/en\\\/venues-24\\\/#breadcrumb\"},\"inLanguage\":\"en-US\",\"potentialAction\":[{\"@type\":\"ReadAction\",\"target\":[\"https:\\\/\\\/porvoojazzfestival.com\\\/en\\\/venues-24\\\/\"]}]},{\"@type\":\"ImageObject\",\"inLanguage\":\"en-US\",\"@id\":\"https:\\\/\\\/porvoojazzfestival.com\\\/en\\\/venues-24\\\/#primaryimage\",\"url\":\"https:\\\/\\\/porvoojazzfestival.com\\\/wp-content\\\/uploads\\\/2020\\\/08\\\/PJF2020.png\",\"contentUrl\":\"https:\\\/\\\/porvoojazzfestival.com\\\/wp-content\\\/uploads\\\/2020\\\/08\\\/PJF2020.png\",\"width\":401,\"height\":201},{\"@type\":\"BreadcrumbList\",\"@id\":\"https:\\\/\\\/porvoojazzfestival.com\\\/en\\\/venues-24\\\/#breadcrumb\",\"itemListElement\":[{\"@type\":\"ListItem\",\"position\":1,\"name\":\"Home\",\"item\":\"https:\\\/\\\/porvoojazzfestival.com\\\/en\\\/porvoo-jazz-club-new\\\/\"},{\"@type\":\"ListItem\",\"position\":2,\"name\":\"VENUES 24\"}]},{\"@type\":\"WebSite\",\"@id\":\"https:\\\/\\\/porvoojazzfestival.com\\\/en\\\/#website\",\"url\":\"https:\\\/\\\/porvoojazzfestival.com\\\/en\\\/\",\"name\":\"Porvoo Jazz Festival\",\"description\":\"The Cosy Jazz Fest\",\"publisher\":{\"@id\":\"https:\\\/\\\/porvoojazzfestival.com\\\/en\\\/#organization\"},\"potentialAction\":[{\"@type\":\"SearchAction\",\"target\":{\"@type\":\"EntryPoint\",\"urlTemplate\":\"https:\\\/\\\/porvoojazzfestival.com\\\/en\\\/?s={search_term_string}\"},\"query-input\":{\"@type\":\"PropertyValueSpecification\",\"valueRequired\":true,\"valueName\":\"search_term_string\"}}],\"inLanguage\":\"en-US\"},{\"@type\":\"Organization\",\"@id\":\"https:\\\/\\\/porvoojazzfestival.com\\\/en\\\/#organization\",\"name\":\"Porvoo Jazz Festival\",\"url\":\"https:\\\/\\\/porvoojazzfestival.com\\\/en\\\/\",\"logo\":{\"@type\":\"ImageObject\",\"inLanguage\":\"en-US\",\"@id\":\"https:\\\/\\\/porvoojazzfestival.com\\\/en\\\/#\\\/schema\\\/logo\\\/image\\\/\",\"url\":\"https:\\\/\\\/porvoojazzfestival.com\\\/wp-content\\\/uploads\\\/2025\\\/01\\\/cropped-Porvoo-Jazz-Festival-Favicon.png\",\"contentUrl\":\"https:\\\/\\\/porvoojazzfestival.com\\\/wp-content\\\/uploads\\\/2025\\\/01\\\/cropped-Porvoo-Jazz-Festival-Favicon.png\",\"width\":512,\"height\":512,\"caption\":\"Porvoo Jazz Festival\"},\"image\":{\"@id\":\"https:\\\/\\\/porvoojazzfestival.com\\\/en\\\/#\\\/schema\\\/logo\\\/image\\\/\"},\"sameAs\":[\"https:\\\/\\\/www.facebook.com\\\/PorvooJazzFestival\\\/\",\"https:\\\/\\\/x.com\\\/porvoojazzfest\"]}]}<\/script>\n<!-- \/ Yoast SEO plugin. -->","yoast_head_json":{"title":"VENUES 24 - Porvoo Jazz Festival","robots":{"index":"index","follow":"follow","max-snippet":"max-snippet:-1","max-image-preview":"max-image-preview:large","max-video-preview":"max-video-preview:-1"},"canonical":"https:\/\/porvoojazzfestival.com\/en\/venues-24\/","og_locale":"en_US","og_type":"article","og_title":"Porvoo Jazz Festival","og_description":"Program","og_url":"https:\/\/porvoojazzfestival.com\/en\/venues-24\/","og_site_name":"Porvoo Jazz Festival","article_publisher":"https:\/\/www.facebook.com\/PorvooJazzFestival\/","article_modified_time":"2024-11-14T09:49:25+00:00","og_image":[{"url":"https:\/\/porvoojazzfestival.com\/wp-content\/uploads\/2019\/06\/PJF-2019-logo.png","type":"","width":"","height":""}],"twitter_card":"summary_large_image","twitter_site":"@porvoojazzfest","twitter_misc":{"Est. reading time":"9 minutes"},"schema":{"@context":"https:\/\/schema.org","@graph":[{"@type":"WebPage","@id":"https:\/\/porvoojazzfestival.com\/en\/venues-24\/","url":"https:\/\/porvoojazzfestival.com\/en\/venues-24\/","name":"VENUES 24 - Porvoo Jazz Festival","isPartOf":{"@id":"https:\/\/porvoojazzfestival.com\/en\/#website"},"primaryImageOfPage":{"@id":"https:\/\/porvoojazzfestival.com\/en\/venues-24\/#primaryimage"},"image":{"@id":"https:\/\/porvoojazzfestival.com\/en\/venues-24\/#primaryimage"},"thumbnailUrl":"https:\/\/porvoojazzfestival.com\/wp-content\/uploads\/2020\/08\/PJF2020.png","datePublished":"2024-05-17T09:26:32+00:00","dateModified":"2024-11-14T09:49:25+00:00","breadcrumb":{"@id":"https:\/\/porvoojazzfestival.com\/en\/venues-24\/#breadcrumb"},"inLanguage":"en-US","potentialAction":[{"@type":"ReadAction","target":["https:\/\/porvoojazzfestival.com\/en\/venues-24\/"]}]},{"@type":"ImageObject","inLanguage":"en-US","@id":"https:\/\/porvoojazzfestival.com\/en\/venues-24\/#primaryimage","url":"https:\/\/porvoojazzfestival.com\/wp-content\/uploads\/2020\/08\/PJF2020.png","contentUrl":"https:\/\/porvoojazzfestival.com\/wp-content\/uploads\/2020\/08\/PJF2020.png","width":401,"height":201},{"@type":"BreadcrumbList","@id":"https:\/\/porvoojazzfestival.com\/en\/venues-24\/#breadcrumb","itemListElement":[{"@type":"ListItem","position":1,"name":"Home","item":"https:\/\/porvoojazzfestival.com\/en\/porvoo-jazz-club-new\/"},{"@type":"ListItem","position":2,"name":"VENUES 24"}]},{"@type":"WebSite","@id":"https:\/\/porvoojazzfestival.com\/en\/#website","url":"https:\/\/porvoojazzfestival.com\/en\/","name":"Porvoo Jazz Festival","description":"The Cosy Jazz Fest","publisher":{"@id":"https:\/\/porvoojazzfestival.com\/en\/#organization"},"potentialAction":[{"@type":"SearchAction","target":{"@type":"EntryPoint","urlTemplate":"https:\/\/porvoojazzfestival.com\/en\/?s={search_term_string}"},"query-input":{"@type":"PropertyValueSpecification","valueRequired":true,"valueName":"search_term_string"}}],"inLanguage":"en-US"},{"@type":"Organization","@id":"https:\/\/porvoojazzfestival.com\/en\/#organization","name":"Porvoo Jazz Festival","url":"https:\/\/porvoojazzfestival.com\/en\/","logo":{"@type":"ImageObject","inLanguage":"en-US","@id":"https:\/\/porvoojazzfestival.com\/en\/#\/schema\/logo\/image\/","url":"https:\/\/porvoojazzfestival.com\/wp-content\/uploads\/2025\/01\/cropped-Porvoo-Jazz-Festival-Favicon.png","contentUrl":"https:\/\/porvoojazzfestival.com\/wp-content\/uploads\/2025\/01\/cropped-Porvoo-Jazz-Festival-Favicon.png","width":512,"height":512,"caption":"Porvoo Jazz Festival"},"image":{"@id":"https:\/\/porvoojazzfestival.com\/en\/#\/schema\/logo\/image\/"},"sameAs":["https:\/\/www.facebook.com\/PorvooJazzFestival\/","https:\/\/x.com\/porvoojazzfest"]}]}},"_links":{"self":[{"href":"https:\/\/porvoojazzfestival.com\/en\/wp-json\/wp\/v2\/pages\/10105","targetHints":{"allow":["GET"]}}],"collection":[{"href":"https:\/\/porvoojazzfestival.com\/en\/wp-json\/wp\/v2\/pages"}],"about":[{"href":"https:\/\/porvoojazzfestival.com\/en\/wp-json\/wp\/v2\/types\/page"}],"author":[{"embeddable":true,"href":"https:\/\/porvoojazzfestival.com\/en\/wp-json\/wp\/v2\/users\/4"}],"replies":[{"embeddable":true,"href":"https:\/\/porvoojazzfestival.com\/en\/wp-json\/wp\/v2\/comments?post=10105"}],"version-history":[{"count":0,"href":"https:\/\/porvoojazzfestival.com\/en\/wp-json\/wp\/v2\/pages\/10105\/revisions"}],"wp:featuredmedia":[{"embeddable":true,"href":"https:\/\/porvoojazzfestival.com\/en\/wp-json\/wp\/v2\/media\/4162"}],"wp:attachment":[{"href":"https:\/\/porvoojazzfestival.com\/en\/wp-json\/wp\/v2\/media?parent=10105"}],"curies":[{"name":"wp","href":"https:\/\/api.w.org\/{rel}","templated":true}]}}